{"id":227510,"date":"2025-03-22T16:05:57","date_gmt":"2025-03-22T16:05:57","guid":{"rendered":"https:\/\/aromasentia.com\/product\/natural-place-mat-jute-30cm-bodhi-tree-print\/"},"modified":"2025-12-30T21:24:03","modified_gmt":"2025-12-30T21:24:03","slug":"mantel-individual-natural-yute-30cm-estampado-arbol-bodhi","status":"publish","type":"product","link":"https:\/\/aromasentia.com\/es\/mantel-individual-natural-yute-30cm-estampado-arbol-bodhi\/","title":{"rendered":"Mantel Individual Natural &#8211; Yute 30cm &#8211; Estampado Arbol Bodhi"},"content":{"rendered":"<p>&nbsp;Aroma Sentia Espa\u00f1a os presenta estos preciosos manteles individuales para platos. Este producto es muy \u00fatil para proteger las superficies y evitar manchas que puedan manchar o da\u00f1ar la mesa.&nbsp;<\/p>\n<p><strong><span style=\"color: rgb(147, 101, 184);\">Estos manteles tienen un estampado de Mandala y est\u00e1n elaborados en yute. Sus dimensiones son 30 cm de di\u00e1metro. <\/span><\/strong><\/p>\n<p>Adem\u00e1s de ser un producto \u00fatil, tambi\u00e9n sirven como decoraci\u00f3n del hogar, aportando un estilo r\u00fastico y minimalista.&nbsp;<\/p>\n<p>Para sus clientes, puede crear packs de diferentes colores para que ellos mismos escojan el que m\u00e1s le guste.&nbsp;<\/p>\n<p><strong><span style=\"color: rgb(147, 101, 184);\">El estampado \u00e1rbol Bodhi es considerado el \u00e1rbol de la sabidur\u00eda, donde Buda alcanz\u00f3 la iluminaci\u00f3n. El significado espiritual del \u00e1rbol de Bodhi es que todo el mundo es capaz de alcanzar la iluminaci\u00f3n con pr\u00e1ctica.&nbsp;<\/span><\/strong><\/p>\n<p>\u00a1Revenda a sus clientes estos manteles individuales para aportar un toque r\u00fastico y elegantes en sus casas!&nbsp;<\/p>\n<p>Es un producto \u00fatil, bonito y f\u00e1cil de usar.&nbsp;<\/p>\n<p><strong>Se vende en pack de 4 unidades.&nbsp;<\/strong><\/p>\n<p>Solo venta al por mayor<\/p>\n","protected":false},"excerpt":{"rendered":"<p>&nbsp;Aroma Sentia Espa\u00f1a os presenta estos preciosos manteles individuales para platos. Este producto es muy \u00fatil para proteger las superficies y evitar manchas que puedan manchar o da\u00f1ar la mesa.&nbsp; Estos manteles tienen un estampado de Mandala y est\u00e1n elaborados en yute. Sus dimensiones son 30 cm de di\u00e1metro. Adem\u00e1s de ser un producto \u00fatil, [&hellip;]<\/p>\n","protected":false},"featured_media":375074,"comment_status":"closed","ping_status":"open","template":"","meta":[],"product_brand":[],"product_cat":[14456],"product_tag":[],"class_list":{"0":"post-227510","1":"product","2":"type-product","3":"status-publish","4":"has-post-thumbnail","6":"product_cat-decoracion-hogar-y-jardin","7":"pa_collection-natural-place-mats-es","8":"pa_made-in-india","10":"first","11":"instock","12":"purchasable","13":"product-type-simple"},"supplier_id":null,"supplier_sku":"NPMAT-08","barcode":null,"atum_controlled":true,"out_stock_date":null,"out_stock_threshold":null,"inheritable":false,"inbound_stock":null,"stock_on_hold":0,"sold_today":0,"sales_last_days":0,"reserved_stock":null,"customer_returns":null,"warehouse_damage":null,"lost_in_post":null,"other_logs":null,"out_stock_days":0,"lost_sales":0,"has_location":null,"update_date":"2026-01-30T01:24:25","atum_locations":[],"atum_stock_status":"instock","restock_status":false,"low_stock_amount":"","sales_update_date":"2026-01-30T01:24:25","calc_backorders":null,"_links":{"self":[{"href":"https:\/\/aromasentia.com\/es\/wp-json\/wp\/v2\/product\/227510","targetHints":{"allow":["GET"]}}],"collection":[{"href":"https:\/\/aromasentia.com\/es\/wp-json\/wp\/v2\/product"}],"about":[{"href":"https:\/\/aromasentia.com\/es\/wp-json\/wp\/v2\/types\/product"}],"replies":[{"embeddable":true,"href":"https:\/\/aromasentia.com\/es\/wp-json\/wp\/v2\/comments?post=227510"}],"version-history":[{"count":0,"href":"https:\/\/aromasentia.com\/es\/wp-json\/wp\/v2\/product\/227510\/revisions"}],"wp:featuredmedia":[{"embeddable":true,"href":"https:\/\/aromasentia.com\/es\/wp-json\/wp\/v2\/media\/375074"}],"wp:attachment":[{"href":"https:\/\/aromasentia.com\/es\/wp-json\/wp\/v2\/media?parent=227510"}],"wp:term":[{"taxonomy":"product_brand","embeddable":true,"href":"https:\/\/aromasentia.com\/es\/wp-json\/wp\/v2\/product_brand?post=227510"},{"taxonomy":"product_cat","embeddable":true,"href":"https:\/\/aromasentia.com\/es\/wp-json\/wp\/v2\/product_cat?post=227510"},{"taxonomy":"product_tag","embeddable":true,"href":"https:\/\/aromasentia.com\/es\/wp-json\/wp\/v2\/product_tag?post=227510"}],"curies":[{"name":"wp","href":"https:\/\/api.w.org\/{rel}","templated":true}]}}