{"id":227454,"date":"2025-03-22T16:06:08","date_gmt":"2025-03-22T16:06:08","guid":{"rendered":"https:\/\/aromasentia.com\/product\/rustic-bark-letter-d-7cm\/"},"modified":"2025-12-30T21:23:54","modified_gmt":"2025-12-30T21:23:54","slug":"letra-de-corteza-rustica-d-12-pequena-7cm","status":"publish","type":"product","link":"https:\/\/aromasentia.com\/es\/letra-de-corteza-rustica-d-12-pequena-7cm\/","title":{"rendered":"Letra de corteza r\u00fastica &#8211; \u00abD\u00bb (12) &#8211; Peque\u00f1a 7cm"},"content":{"rendered":"<p><strong>Trendy Rustic Bark Letters -D&nbsp;<\/strong> se venden por separado en juego de 12 letras.<\/p>\n<p><br style=\"font-size: 15px; font-style: normal; font-variant-caps: normal; font-weight: 400; letter-spacing: normal; orphans: 2; text-indent: 0px; text-transform: none; widows: 2; word-spacing: 0px; -webkit-text-stroke-width: 0px; white-space: normal; text-decoration-thickness: initial; text-decoration-style: initial; text-decoration-color: initial; box-sizing: inherit; color: rgb(29, 28, 29); font-family: Slack-Lato, appleLogo, sans-serif; font-variant-ligatures: common-ligatures; text-align: left; background-color: rgb(248, 248, 248);\">Cada letra est\u00e1 hecha a mano en Bali con madera de Albasia y tiene un acabado r\u00fastico &amp; \u00e1spero de moda.<\/p>\n<p>La madera es apreciada por su rico grano, pero tambi\u00e9n es de r\u00e1pido crecimiento y sostenible para cosechar.<\/p>\n<p>Su tama\u00f1o es de aproximadamente 7 cm, lo que los hace ideales para deletrear nombres completos o palabras m\u00e1s largas.<\/p>\n<p><br style=\"font-size: 15px; font-style: normal; font-variant-caps: normal; font-weight: 400; letter-spacing: normal; orphans: 2; text-indent: 0px; text-transform: none; widows: 2; word-spacing: 0px; -webkit-text-stroke-width: 0px; white-space: normal; text-decoration-thickness: initial; text-decoration-style: initial; text-decoration-color: initial; box-sizing: inherit; color: rgb(29, 28, 29); font-family: Slack-Lato, appleLogo, sans-serif; font-variant-ligatures: common-ligatures; text-align: left; background-color: rgb(248, 248, 248);\">Perfecto para decorar cualquier habitaci\u00f3n de la casa. Ideales como regalo de bautizo o boda. <\/p>\n<p>\n","protected":false},"excerpt":{"rendered":"<p>Trendy Rustic Bark Letters -D&nbsp; se venden por separado en juego de 12 letras. Cada letra est\u00e1 hecha a mano en Bali con madera de Albasia y tiene un acabado r\u00fastico &amp; \u00e1spero de moda. La madera es apreciada por su rico grano, pero tambi\u00e9n es de r\u00e1pido crecimiento y sostenible para cosechar. Su tama\u00f1o [&hellip;]<\/p>\n","protected":false},"featured_media":377757,"comment_status":"closed","ping_status":"open","template":"","meta":{"_angie_page":false},"product_brand":[],"product_cat":[14456,16954],"product_tag":[],"class_list":{"0":"post-227454","1":"product","2":"type-product","3":"status-publish","4":"has-post-thumbnail","6":"product_cat-decoracion-hogar-y-jardin","7":"product_cat-figuras-y-adornos-de-madera","8":"pa_collection-rustic-bark-letters-and-numbers-display-es","9":"pa_made-in-indonesia","11":"first","12":"instock","13":"purchasable","14":"product-type-simple"},"supplier_id":null,"supplier_sku":"SRBL-06","barcode":null,"atum_controlled":true,"out_stock_date":null,"out_stock_threshold":null,"inheritable":false,"inbound_stock":null,"stock_on_hold":0,"sold_today":0,"sales_last_days":0,"reserved_stock":null,"customer_returns":null,"warehouse_damage":null,"lost_in_post":null,"other_logs":null,"out_stock_days":0,"lost_sales":0,"has_location":null,"update_date":"2026-04-27T07:22:53","atum_locations":[],"atum_stock_status":"instock","restock_status":false,"low_stock_amount":"","sales_update_date":"2026-01-30T01:25:35","calc_backorders":null,"_links":{"self":[{"href":"https:\/\/aromasentia.com\/es\/wp-json\/wp\/v2\/product\/227454","targetHints":{"allow":["GET"]}}],"collection":[{"href":"https:\/\/aromasentia.com\/es\/wp-json\/wp\/v2\/product"}],"about":[{"href":"https:\/\/aromasentia.com\/es\/wp-json\/wp\/v2\/types\/product"}],"replies":[{"embeddable":true,"href":"https:\/\/aromasentia.com\/es\/wp-json\/wp\/v2\/comments?post=227454"}],"version-history":[{"count":0,"href":"https:\/\/aromasentia.com\/es\/wp-json\/wp\/v2\/product\/227454\/revisions"}],"wp:featuredmedia":[{"embeddable":true,"href":"https:\/\/aromasentia.com\/es\/wp-json\/wp\/v2\/media\/377757"}],"wp:attachment":[{"href":"https:\/\/aromasentia.com\/es\/wp-json\/wp\/v2\/media?parent=227454"}],"wp:term":[{"taxonomy":"product_brand","embeddable":true,"href":"https:\/\/aromasentia.com\/es\/wp-json\/wp\/v2\/product_brand?post=227454"},{"taxonomy":"product_cat","embeddable":true,"href":"https:\/\/aromasentia.com\/es\/wp-json\/wp\/v2\/product_cat?post=227454"},{"taxonomy":"product_tag","embeddable":true,"href":"https:\/\/aromasentia.com\/es\/wp-json\/wp\/v2\/product_tag?post=227454"}],"curies":[{"name":"wp","href":"https:\/\/api.w.org\/{rel}","templated":true}]}}