{"id":227386,"date":"2025-03-22T16:06:08","date_gmt":"2025-03-22T16:06:08","guid":{"rendered":"https:\/\/aromasentia.com\/product\/tall-salt-rock-brazier-lamp-cable-bulb-white-salt\/"},"modified":"2025-12-30T21:23:38","modified_gmt":"2025-12-30T21:23:38","slug":"brasero-de-sal-alto-cable-y-bombilla","status":"publish","type":"product","link":"https:\/\/aromasentia.com\/es\/brasero-de-sal-alto-cable-y-bombilla\/","title":{"rendered":"Brasero de Sal &#8211; Alto, cable y bombilla"},"content":{"rendered":"<p>Aroma Sentia-ping &nbsp;Set de brasero alto de sal con trozos de sal blanca del Himalaya.<\/p>\n<p>Al utilizar un set de brasero de sal del Himalaya, se sustituyen los iones negativos del aire, lo que nos ayuda a evitar los supuestos da\u00f1os f\u00edsicos y mentales que provoca la contaminaci\u00f3n el\u00e9ctrica. <\/p>\n<p><strong>Cada juego de brasero de sal ping viene completo con accesorios de iluminaci\u00f3n, bombilla, enchufe y 3 kg de trozos de sal.<\/p>\n","protected":false},"excerpt":{"rendered":"<p>Aroma Sentia-ping &nbsp;Set de brasero alto de sal con trozos de sal blanca del Himalaya. Al utilizar un set de brasero de sal del Himalaya, se sustituyen los iones negativos del aire, lo que nos ayuda a evitar los supuestos da\u00f1os f\u00edsicos y mentales que provoca la contaminaci\u00f3n el\u00e9ctrica. Cada juego de brasero de sal [&hellip;]<\/p>\n","protected":false},"featured_media":377388,"comment_status":"closed","ping_status":"open","template":"","meta":{"_angie_page":false},"product_brand":[],"product_cat":[14456,17275,17248,17274],"product_tag":[],"class_list":{"0":"post-227386","1":"product","2":"type-product","3":"status-publish","4":"has-post-thumbnail","6":"product_cat-decoracion-hogar-y-jardin","7":"product_cat-lamparas-sal-del-himalaya","8":"product_cat-lamparas-y-linternas","9":"product_cat-regalos-esotericos","10":"pa_collection-salt-rock-brazier-lamps-es","11":"pa_made-in-china","13":"first","14":"instock","15":"purchasable","16":"product-type-simple"},"supplier_id":null,"supplier_sku":"SaltFS-08","barcode":null,"atum_controlled":true,"out_stock_date":null,"out_stock_threshold":null,"inheritable":false,"inbound_stock":null,"stock_on_hold":0,"sold_today":0,"sales_last_days":0,"reserved_stock":null,"customer_returns":null,"warehouse_damage":null,"lost_in_post":null,"other_logs":null,"out_stock_days":0,"lost_sales":0,"has_location":null,"update_date":"2026-04-27T07:20:24","atum_locations":[],"atum_stock_status":"instock","restock_status":false,"low_stock_amount":"","sales_update_date":"2026-01-30T01:24:27","calc_backorders":null,"_links":{"self":[{"href":"https:\/\/aromasentia.com\/es\/wp-json\/wp\/v2\/product\/227386","targetHints":{"allow":["GET"]}}],"collection":[{"href":"https:\/\/aromasentia.com\/es\/wp-json\/wp\/v2\/product"}],"about":[{"href":"https:\/\/aromasentia.com\/es\/wp-json\/wp\/v2\/types\/product"}],"replies":[{"embeddable":true,"href":"https:\/\/aromasentia.com\/es\/wp-json\/wp\/v2\/comments?post=227386"}],"version-history":[{"count":0,"href":"https:\/\/aromasentia.com\/es\/wp-json\/wp\/v2\/product\/227386\/revisions"}],"wp:featuredmedia":[{"embeddable":true,"href":"https:\/\/aromasentia.com\/es\/wp-json\/wp\/v2\/media\/377388"}],"wp:attachment":[{"href":"https:\/\/aromasentia.com\/es\/wp-json\/wp\/v2\/media?parent=227386"}],"wp:term":[{"taxonomy":"product_brand","embeddable":true,"href":"https:\/\/aromasentia.com\/es\/wp-json\/wp\/v2\/product_brand?post=227386"},{"taxonomy":"product_cat","embeddable":true,"href":"https:\/\/aromasentia.com\/es\/wp-json\/wp\/v2\/product_cat?post=227386"},{"taxonomy":"product_tag","embeddable":true,"href":"https:\/\/aromasentia.com\/es\/wp-json\/wp\/v2\/product_tag?post=227386"}],"curies":[{"name":"wp","href":"https:\/\/api.w.org\/{rel}","templated":true}]}}