{"id":227358,"date":"2025-03-22T16:06:08","date_gmt":"2025-03-22T16:06:08","guid":{"rendered":"https:\/\/aromasentia.com\/product\/low-salt-rock-brazier\/"},"modified":"2025-12-30T21:23:30","modified_gmt":"2025-12-30T21:23:30","slug":"brasero-de-sal-bajo-sal-rosa-cable-y-bombilla","status":"publish","type":"product","link":"https:\/\/aromasentia.com\/es\/brasero-de-sal-bajo-sal-rosa-cable-y-bombilla\/","title":{"rendered":"Brasero de Sal &#8211; Bajo, sal rosa, cable y bombilla"},"content":{"rendered":"<p>Esta l\u00e1mpara de hierro <strong>Aroma Sentia-ping Low Salt Rock Brazier <\/strong>tiene un dise\u00f1o industrial vintage que se adapta a cualquier hogar. Creemos que quedar\u00eda especialmente bien como centro de mesa o en la mesita de noche. <br style=\"color: rgb(114, 114, 114);  font-size: 16px; font-style: normal; font-variant-ligatures: normal; font-variant-caps: normal; font-weight: 400; letter-spacing: normal; orphans: 2; text-align: start; text-indent: 0px; text-transform: none; white-space: normal; widows: 2; word-spacing: 0px; -webkit-text-stroke-width: 0px; color de fondo: rgb(255, 255, 255); grosor de la decoraci\u00f3n del texto: inicial; estilo de la decoraci\u00f3n del texto: inicial; color de la decoraci\u00f3n del texto: inicial;\">Cada l\u00e1mpara de hierro <strong>ping <\/strong>viene con el accesorio de iluminaci\u00f3n y la bombilla incluidos.<\/p>\n","protected":false},"excerpt":{"rendered":"<p>Esta l\u00e1mpara de hierro Aroma Sentia-ping Low Salt Rock Brazier tiene un dise\u00f1o industrial vintage que se adapta a cualquier hogar. Creemos que quedar\u00eda especialmente bien como centro de mesa o en la mesita de noche. Cada l\u00e1mpara de hierro ping viene con el accesorio de iluminaci\u00f3n y la bombilla incluidos.<\/p>\n","protected":false},"featured_media":377253,"comment_status":"closed","ping_status":"open","template":"","meta":{"_angie_page":false},"product_brand":[],"product_cat":[14456,17275,17248,17274],"product_tag":[],"class_list":{"0":"post-227358","1":"product","2":"type-product","3":"status-publish","4":"has-post-thumbnail","6":"product_cat-decoracion-hogar-y-jardin","7":"product_cat-lamparas-sal-del-himalaya","8":"product_cat-lamparas-y-linternas","9":"product_cat-regalos-esotericos","10":"pa_collection-salt-rock-brazier-lamps-es","11":"pa_made-in-china","13":"first","14":"instock","15":"purchasable","16":"product-type-simple"},"supplier_id":null,"supplier_sku":"SaltFS-01","barcode":null,"atum_controlled":true,"out_stock_date":null,"out_stock_threshold":null,"inheritable":false,"inbound_stock":null,"stock_on_hold":0,"sold_today":0,"sales_last_days":0,"reserved_stock":null,"customer_returns":null,"warehouse_damage":null,"lost_in_post":null,"other_logs":null,"out_stock_days":0,"lost_sales":0,"has_location":null,"update_date":"2026-04-27T07:20:24","atum_locations":[],"atum_stock_status":"instock","restock_status":false,"low_stock_amount":"","sales_update_date":"2025-09-04T00:29:47","calc_backorders":null,"_links":{"self":[{"href":"https:\/\/aromasentia.com\/es\/wp-json\/wp\/v2\/product\/227358","targetHints":{"allow":["GET"]}}],"collection":[{"href":"https:\/\/aromasentia.com\/es\/wp-json\/wp\/v2\/product"}],"about":[{"href":"https:\/\/aromasentia.com\/es\/wp-json\/wp\/v2\/types\/product"}],"replies":[{"embeddable":true,"href":"https:\/\/aromasentia.com\/es\/wp-json\/wp\/v2\/comments?post=227358"}],"version-history":[{"count":0,"href":"https:\/\/aromasentia.com\/es\/wp-json\/wp\/v2\/product\/227358\/revisions"}],"wp:featuredmedia":[{"embeddable":true,"href":"https:\/\/aromasentia.com\/es\/wp-json\/wp\/v2\/media\/377253"}],"wp:attachment":[{"href":"https:\/\/aromasentia.com\/es\/wp-json\/wp\/v2\/media?parent=227358"}],"wp:term":[{"taxonomy":"product_brand","embeddable":true,"href":"https:\/\/aromasentia.com\/es\/wp-json\/wp\/v2\/product_brand?post=227358"},{"taxonomy":"product_cat","embeddable":true,"href":"https:\/\/aromasentia.com\/es\/wp-json\/wp\/v2\/product_cat?post=227358"},{"taxonomy":"product_tag","embeddable":true,"href":"https:\/\/aromasentia.com\/es\/wp-json\/wp\/v2\/product_tag?post=227358"}],"curies":[{"name":"wp","href":"https:\/\/api.w.org\/{rel}","templated":true}]}}