{"id":227354,"date":"2025-03-22T16:06:08","date_gmt":"2025-03-22T16:06:08","guid":{"rendered":"https:\/\/aromasentia.com\/product\/tamarind-and-resin-coffee-table-sky-blue\/"},"modified":"2025-12-30T21:23:30","modified_gmt":"2025-12-30T21:23:30","slug":"mesa-de-centro-de-tamarindo-y-resina-azul-cielo","status":"publish","type":"product","link":"https:\/\/aromasentia.com\/es\/mesa-de-centro-de-tamarindo-y-resina-azul-cielo\/","title":{"rendered":"Mesa de Centro de Tamarindo y Resina &#8211; Azul Cielo"},"content":{"rendered":"<p><span style=\"color: rgb(209, 72, 65);\">El env\u00edo de estos muebles supone un suplemento extra<\/span>, para saber el coste, p\u00f3ngase en contacto a trav\u00e9s de <a href=\"mailto:info@aromasentia.com\">info@aromasentia.com<\/a> <\/p>\n","protected":false},"excerpt":{"rendered":"<p>El env\u00edo de estos muebles supone un suplemento extra, para saber el coste, p\u00f3ngase en contacto a trav\u00e9s de info@aromasentia.com<\/p>\n","protected":false},"featured_media":377220,"comment_status":"closed","ping_status":"open","template":"","meta":{"_angie_page":false},"product_brand":[],"product_cat":[14456,16886],"product_tag":[],"class_list":{"0":"post-227354","1":"product","2":"type-product","3":"status-publish","4":"has-post-thumbnail","6":"product_cat-decoracion-hogar-y-jardin","7":"product_cat-muebles","8":"pa_collection-tamarind-and-resin-coffee-table-es","9":"pa_made-in-indonesia","11":"first","12":"outofstock","13":"purchasable","14":"product-type-simple"},"supplier_id":null,"supplier_sku":"RWA-02","barcode":null,"atum_controlled":true,"out_stock_date":"2025-09-05 14:08:44","out_stock_threshold":null,"inheritable":false,"inbound_stock":null,"stock_on_hold":0,"sold_today":0,"sales_last_days":0,"reserved_stock":null,"customer_returns":null,"warehouse_damage":null,"lost_in_post":null,"other_logs":null,"out_stock_days":0,"lost_sales":0,"has_location":null,"update_date":"2026-04-27T07:20:12","atum_locations":[],"atum_stock_status":"outofstock","restock_status":false,"low_stock_amount":"","sales_update_date":"2025-09-04T00:29:47","calc_backorders":null,"_links":{"self":[{"href":"https:\/\/aromasentia.com\/es\/wp-json\/wp\/v2\/product\/227354","targetHints":{"allow":["GET"]}}],"collection":[{"href":"https:\/\/aromasentia.com\/es\/wp-json\/wp\/v2\/product"}],"about":[{"href":"https:\/\/aromasentia.com\/es\/wp-json\/wp\/v2\/types\/product"}],"replies":[{"embeddable":true,"href":"https:\/\/aromasentia.com\/es\/wp-json\/wp\/v2\/comments?post=227354"}],"version-history":[{"count":0,"href":"https:\/\/aromasentia.com\/es\/wp-json\/wp\/v2\/product\/227354\/revisions"}],"wp:featuredmedia":[{"embeddable":true,"href":"https:\/\/aromasentia.com\/es\/wp-json\/wp\/v2\/media\/377220"}],"wp:attachment":[{"href":"https:\/\/aromasentia.com\/es\/wp-json\/wp\/v2\/media?parent=227354"}],"wp:term":[{"taxonomy":"product_brand","embeddable":true,"href":"https:\/\/aromasentia.com\/es\/wp-json\/wp\/v2\/product_brand?post=227354"},{"taxonomy":"product_cat","embeddable":true,"href":"https:\/\/aromasentia.com\/es\/wp-json\/wp\/v2\/product_cat?post=227354"},{"taxonomy":"product_tag","embeddable":true,"href":"https:\/\/aromasentia.com\/es\/wp-json\/wp\/v2\/product_tag?post=227354"}],"curies":[{"name":"wp","href":"https:\/\/api.w.org\/{rel}","templated":true}]}}