{"id":227070,"date":"2025-03-22T16:06:20","date_gmt":"2025-03-22T16:06:20","guid":{"rendered":"https:\/\/aromasentia.com\/product\/room-rag-rug-150x200cm-premium-quality-aqua-blues\/"},"modified":"2025-12-30T21:22:34","modified_gmt":"2025-12-30T21:22:34","slug":"alfombra-de-dormitorio-150x200cm-calidad-premium-azul-aguamarina","status":"publish","type":"product","link":"https:\/\/aromasentia.com\/es\/alfombra-de-dormitorio-150x200cm-calidad-premium-azul-aguamarina\/","title":{"rendered":"Alfombra de Dormitorio &#8211; 150x200cm &#8211;   Calidad Premium &#8211; Azul Aguamarina"},"content":{"rendered":"<p><strong>Al por mayor Alfombra de Trapo &#8211; 150x200cm: Calidad Premium en Tranquilos Azules Acu\u00e1ticos<\/strong><\/p>\n<p>La Alfombra de Trapo para Habitaci\u00f3n al por mayor es una serena adici\u00f3n a su inventario. Estas alfombras meticulosamente elaboradas, que miden un generoso 150x200cm, encarnan la calidad superior y muestran una paleta relajante de azules aqua. Fabricadas con esmero para garantizar una calidad y durabilidad superiores&nbsp;<\/p>\n<p>? Amplio tama\u00f1o de 150x200cm, ideal para definir grandes espacios de vida&nbsp;<\/p>\n<p>? Adornado con azules aqua tranquilizantes, perfecto para crear un oasis de serenidad costera en cualquier habitaci\u00f3n<\/p>\n<p>Transforme los espacios de vida de sus clientes con estas exquisitas alfombras de trapo, tanto si se utilizan para anclar zonas de asiento en espacios abiertos como si proporcionan una base tranquila para dormitorios y salones. Los azules aqua infunden a cualquier ambiente una sensaci\u00f3n de tranquilidad y frescura costera.<\/p>\n<p><strong>Haga su pedido ahora y ofrezca a sus clientes un toque de calidad superior y la serena est\u00e9tica de los azules aqua para sus espacios de vida m\u00e1s amplios.<\/strong><\/p>\n<p>Transforme los espacios de vida de sus clientes con estas exquisitas alfombras de trapo.<\/p>\n","protected":false},"excerpt":{"rendered":"<p>Al por mayor Alfombra de Trapo &#8211; 150x200cm: Calidad Premium en Tranquilos Azules Acu\u00e1ticos La Alfombra de Trapo para Habitaci\u00f3n al por mayor es una serena adici\u00f3n a su inventario. Estas alfombras meticulosamente elaboradas, que miden un generoso 150x200cm, encarnan la calidad superior y muestran una paleta relajante de azules aqua. Fabricadas con esmero para [&hellip;]<\/p>\n","protected":false},"featured_media":382441,"comment_status":"closed","ping_status":"open","template":"","meta":{"_angie_page":false},"product_brand":[],"product_cat":[16874,14456,16875],"product_tag":[],"class_list":{"0":"post-227070","1":"product","2":"type-product","3":"status-publish","4":"has-post-thumbnail","6":"product_cat-alfombras","7":"product_cat-decoracion-hogar-y-jardin","8":"product_cat-textiles","9":"pa_collection-indian-rag-rugs-es","10":"pa_made-in-india","12":"first","13":"instock","14":"purchasable","15":"product-type-simple"},"supplier_id":null,"supplier_sku":"VRUG-24","barcode":null,"atum_controlled":true,"out_stock_date":null,"out_stock_threshold":null,"inheritable":false,"inbound_stock":null,"stock_on_hold":0,"sold_today":0,"sales_last_days":0,"reserved_stock":null,"customer_returns":null,"warehouse_damage":null,"lost_in_post":null,"other_logs":null,"out_stock_days":0,"lost_sales":0,"has_location":null,"update_date":"2026-04-29T18:50:32","atum_locations":[],"atum_stock_status":"instock","restock_status":false,"low_stock_amount":"","sales_update_date":"2026-01-30T01:25:59","calc_backorders":null,"_links":{"self":[{"href":"https:\/\/aromasentia.com\/es\/wp-json\/wp\/v2\/product\/227070","targetHints":{"allow":["GET"]}}],"collection":[{"href":"https:\/\/aromasentia.com\/es\/wp-json\/wp\/v2\/product"}],"about":[{"href":"https:\/\/aromasentia.com\/es\/wp-json\/wp\/v2\/types\/product"}],"replies":[{"embeddable":true,"href":"https:\/\/aromasentia.com\/es\/wp-json\/wp\/v2\/comments?post=227070"}],"version-history":[{"count":0,"href":"https:\/\/aromasentia.com\/es\/wp-json\/wp\/v2\/product\/227070\/revisions"}],"wp:featuredmedia":[{"embeddable":true,"href":"https:\/\/aromasentia.com\/es\/wp-json\/wp\/v2\/media\/382441"}],"wp:attachment":[{"href":"https:\/\/aromasentia.com\/es\/wp-json\/wp\/v2\/media?parent=227070"}],"wp:term":[{"taxonomy":"product_brand","embeddable":true,"href":"https:\/\/aromasentia.com\/es\/wp-json\/wp\/v2\/product_brand?post=227070"},{"taxonomy":"product_cat","embeddable":true,"href":"https:\/\/aromasentia.com\/es\/wp-json\/wp\/v2\/product_cat?post=227070"},{"taxonomy":"product_tag","embeddable":true,"href":"https:\/\/aromasentia.com\/es\/wp-json\/wp\/v2\/product_tag?post=227070"}],"curies":[{"name":"wp","href":"https:\/\/api.w.org\/{rel}","templated":true}]}}