{"id":227046,"date":"2025-03-22T16:06:20","date_gmt":"2025-03-22T16:06:20","guid":{"rendered":"https:\/\/aromasentia.com\/product\/small-rag-rug-50x90cm-premium-quality-charcoal-greys\/"},"modified":"2025-12-30T21:22:26","modified_gmt":"2025-12-30T21:22:26","slug":"alfombra-pequena-50x90cm-calidad-premium-gris-carbon","status":"publish","type":"product","link":"https:\/\/aromasentia.com\/es\/alfombra-pequena-50x90cm-calidad-premium-gris-carbon\/","title":{"rendered":"Alfombra Peque\u00f1a &#8211; 50x90cm &#8211; Calidad Premium &#8211; Gris carb\u00f3n"},"content":{"rendered":"<p><strong>Al por mayor Alfombra de Trapo Peque\u00f1a &#8211; 50x90cm: Calidad Premium en Sofisticados Grises Carb\u00f3n<\/strong><\/p>\n<p>Al por mayor Alfombra Peque\u00f1a de Trapo, una refinada adici\u00f3n a su inventario. Estas alfombras meticulosamente elaboradas, que miden 50x90cm, encarnan la calidad superior y muestran una paleta de elegantes grises carb\u00f3n. Fabricadas con precisi\u00f3n para una calidad superior y longevidad&nbsp;<\/p>\n<p>? Tama\u00f1o compacto 50x90cm, adecuado para varios espacios de vida&nbsp;<\/p>\n<p>? Adornadas en sofisticados grises carb\u00f3n, perfectas para a\u00f1adir un toque de elegancia atemporal a cualquier habitaci\u00f3n<\/p>\n<p>Mejore los espacios de sus clientes con estas exquisitas alfombras de trapo, tanto si se colocan en cocinas o cuartos de ba\u00f1o, como si sirven de sutil pero elegante acento decorativo en dormitorios y salones. Los grises carb\u00f3n imparten un aire de sofisticaci\u00f3n y modernidad a cualquier ambiente.<\/p>\n<p><strong>Haga su pedido ahora y proporcione a sus clientes un toque de calidad superior y la est\u00e9tica atemporal de los grises carb\u00f3n para sus hogares.<\/strong><\/p>\n<p><strong>Las alfombras de trapo de color gris carb\u00f3n son ideales para la cocina y el ba\u00f1o.<\/p>\n","protected":false},"excerpt":{"rendered":"<p>Al por mayor Alfombra de Trapo Peque\u00f1a &#8211; 50x90cm: Calidad Premium en Sofisticados Grises Carb\u00f3n Al por mayor Alfombra Peque\u00f1a de Trapo, una refinada adici\u00f3n a su inventario. Estas alfombras meticulosamente elaboradas, que miden 50x90cm, encarnan la calidad superior y muestran una paleta de elegantes grises carb\u00f3n. Fabricadas con precisi\u00f3n para una calidad superior y [&hellip;]<\/p>\n","protected":false},"featured_media":382227,"comment_status":"closed","ping_status":"open","template":"","meta":{"_angie_page":false},"product_brand":[],"product_cat":[16874,14456,16875],"product_tag":[],"class_list":{"0":"post-227046","1":"product","2":"type-product","3":"status-publish","4":"has-post-thumbnail","6":"product_cat-alfombras","7":"product_cat-decoracion-hogar-y-jardin","8":"product_cat-textiles","9":"pa_collection-indian-rag-rugs-es","10":"pa_made-in-india","12":"first","13":"instock","14":"purchasable","15":"product-type-simple"},"supplier_id":null,"supplier_sku":"VRUG-15","barcode":null,"atum_controlled":true,"out_stock_date":null,"out_stock_threshold":null,"inheritable":false,"inbound_stock":null,"stock_on_hold":0,"sold_today":0,"sales_last_days":0,"reserved_stock":null,"customer_returns":null,"warehouse_damage":null,"lost_in_post":null,"other_logs":null,"out_stock_days":0,"lost_sales":0,"has_location":null,"update_date":"2026-04-27T07:26:38","atum_locations":[],"atum_stock_status":"instock","restock_status":false,"low_stock_amount":"","sales_update_date":"2026-01-30T01:24:47","calc_backorders":null,"_links":{"self":[{"href":"https:\/\/aromasentia.com\/es\/wp-json\/wp\/v2\/product\/227046","targetHints":{"allow":["GET"]}}],"collection":[{"href":"https:\/\/aromasentia.com\/es\/wp-json\/wp\/v2\/product"}],"about":[{"href":"https:\/\/aromasentia.com\/es\/wp-json\/wp\/v2\/types\/product"}],"replies":[{"embeddable":true,"href":"https:\/\/aromasentia.com\/es\/wp-json\/wp\/v2\/comments?post=227046"}],"version-history":[{"count":0,"href":"https:\/\/aromasentia.com\/es\/wp-json\/wp\/v2\/product\/227046\/revisions"}],"wp:featuredmedia":[{"embeddable":true,"href":"https:\/\/aromasentia.com\/es\/wp-json\/wp\/v2\/media\/382227"}],"wp:attachment":[{"href":"https:\/\/aromasentia.com\/es\/wp-json\/wp\/v2\/media?parent=227046"}],"wp:term":[{"taxonomy":"product_brand","embeddable":true,"href":"https:\/\/aromasentia.com\/es\/wp-json\/wp\/v2\/product_brand?post=227046"},{"taxonomy":"product_cat","embeddable":true,"href":"https:\/\/aromasentia.com\/es\/wp-json\/wp\/v2\/product_cat?post=227046"},{"taxonomy":"product_tag","embeddable":true,"href":"https:\/\/aromasentia.com\/es\/wp-json\/wp\/v2\/product_tag?post=227046"}],"curies":[{"name":"wp","href":"https:\/\/api.w.org\/{rel}","templated":true}]}}