{"id":227030,"date":"2025-03-22T16:06:20","date_gmt":"2025-03-22T16:06:20","guid":{"rendered":"https:\/\/aromasentia.com\/product\/small-rag-rug-50x90cm-premium-quality-aqua-blues\/"},"modified":"2025-12-30T21:22:26","modified_gmt":"2025-12-30T21:22:26","slug":"alfombra-pequena-50x90cm-calidad-premium-azul-aguamarina","status":"publish","type":"product","link":"https:\/\/aromasentia.com\/es\/alfombra-pequena-50x90cm-calidad-premium-azul-aguamarina\/","title":{"rendered":"Alfombra Peque\u00f1a &#8211; 50x90cm &#8211; Calidad Premium- Azul Aguamarina"},"content":{"rendered":"<p><strong>Al por mayor Alfombra de Trapo Peque\u00f1a &#8211; 50x90cm: Calidad Premium en Azul Acu\u00e1tico<\/strong><\/p>\n<p>La Alfombra de Trapo Peque\u00f1a al por mayor, es una encantadora adici\u00f3n a su inventario. Con unas medidas de 50x90cm, estas alfombras est\u00e1n meticulosamente elaboradas para ofrecer una calidad superior y un atractivo est\u00e9tico, con una relajante paleta de azules aqua. Fabricadas con esmero para garantizar la m\u00e1xima calidad y durabilidad&nbsp;<\/p>\n<p>? Tama\u00f1o compacto 50x90cm, ideal para varios espacios de vida&nbsp;<\/p>\n<p>? Adornado con azules aqua calmantes, perfecto para a\u00f1adir un toque de tranquilidad a cualquier habitaci\u00f3n<\/p>\n<p>Mejore los espacios de vida de sus clientes con estas exquisitas alfombras de trapo, ya se utilicen en cocinas, ba\u00f1os o incluso como acento decorativo en dormitorios y salones. Los azules aguamarina aportan una sensaci\u00f3n de serenidad y frescura a cualquier ambiente.<\/p>\n<p><strong>Eleve su inventario con Alfombras de Trapo Peque\u00f1as al por mayor en Azules Aguamarina.<\/strong><\/p>\n<p>Eleve su inventario con Alfombras de Trapo Peque\u00f1as al por mayor en Azules Aguamarina.<\/p>\n","protected":false},"excerpt":{"rendered":"<p>Al por mayor Alfombra de Trapo Peque\u00f1a &#8211; 50x90cm: Calidad Premium en Azul Acu\u00e1tico La Alfombra de Trapo Peque\u00f1a al por mayor, es una encantadora adici\u00f3n a su inventario. Con unas medidas de 50x90cm, estas alfombras est\u00e1n meticulosamente elaboradas para ofrecer una calidad superior y un atractivo est\u00e9tico, con una relajante paleta de azules aqua. [&hellip;]<\/p>\n","protected":false},"featured_media":382063,"comment_status":"closed","ping_status":"open","template":"","meta":{"_angie_page":false},"product_brand":[],"product_cat":[16874,14456,16875],"product_tag":[],"class_list":{"0":"post-227030","1":"product","2":"type-product","3":"status-publish","4":"has-post-thumbnail","6":"product_cat-alfombras","7":"product_cat-decoracion-hogar-y-jardin","8":"product_cat-textiles","9":"pa_collection-indian-rag-rugs-es","10":"pa_made-in-india","12":"first","13":"instock","14":"purchasable","15":"product-type-simple"},"supplier_id":null,"supplier_sku":"VRUG-11","barcode":null,"atum_controlled":true,"out_stock_date":null,"out_stock_threshold":null,"inheritable":false,"inbound_stock":null,"stock_on_hold":0,"sold_today":0,"sales_last_days":0,"reserved_stock":null,"customer_returns":null,"warehouse_damage":null,"lost_in_post":null,"other_logs":null,"out_stock_days":0,"lost_sales":0,"has_location":null,"update_date":"2026-04-27T07:26:38","atum_locations":[],"atum_stock_status":"instock","restock_status":false,"low_stock_amount":"","sales_update_date":"2025-09-04T00:30:52","calc_backorders":null,"_links":{"self":[{"href":"https:\/\/aromasentia.com\/es\/wp-json\/wp\/v2\/product\/227030","targetHints":{"allow":["GET"]}}],"collection":[{"href":"https:\/\/aromasentia.com\/es\/wp-json\/wp\/v2\/product"}],"about":[{"href":"https:\/\/aromasentia.com\/es\/wp-json\/wp\/v2\/types\/product"}],"replies":[{"embeddable":true,"href":"https:\/\/aromasentia.com\/es\/wp-json\/wp\/v2\/comments?post=227030"}],"version-history":[{"count":0,"href":"https:\/\/aromasentia.com\/es\/wp-json\/wp\/v2\/product\/227030\/revisions"}],"wp:featuredmedia":[{"embeddable":true,"href":"https:\/\/aromasentia.com\/es\/wp-json\/wp\/v2\/media\/382063"}],"wp:attachment":[{"href":"https:\/\/aromasentia.com\/es\/wp-json\/wp\/v2\/media?parent=227030"}],"wp:term":[{"taxonomy":"product_brand","embeddable":true,"href":"https:\/\/aromasentia.com\/es\/wp-json\/wp\/v2\/product_brand?post=227030"},{"taxonomy":"product_cat","embeddable":true,"href":"https:\/\/aromasentia.com\/es\/wp-json\/wp\/v2\/product_cat?post=227030"},{"taxonomy":"product_tag","embeddable":true,"href":"https:\/\/aromasentia.com\/es\/wp-json\/wp\/v2\/product_tag?post=227030"}],"curies":[{"name":"wp","href":"https:\/\/api.w.org\/{rel}","templated":true}]}}