{"id":227018,"date":"2025-03-22T16:06:20","date_gmt":"2025-03-22T16:06:20","guid":{"rendered":"https:\/\/aromasentia.com\/product\/large-velvet-rug-105x185cm\/"},"modified":"2025-12-30T21:22:26","modified_gmt":"2025-12-30T21:22:26","slug":"alfombra-grande-de-trapo-105x185cm","status":"publish","type":"product","link":"https:\/\/aromasentia.com\/es\/alfombra-grande-de-trapo-105x185cm\/","title":{"rendered":"Alfombra grande de trapo &#8211; 105x185cm"},"content":{"rendered":"<p>Eche un vistazo a nuestra gran alfombra de terciopelo. Cada alfombra est\u00e1 tejida a mano en la India. Nuestras hermosas alfombras al por mayor tambi\u00e9n est\u00e1n disponibles en tama\u00f1os mediano y peque\u00f1o y con sus colores vibrantes est\u00e1n seguros de ser el tema de conversaci\u00f3n de cualquier habitaci\u00f3n.<\/p>\n<p>Estas alfombras traer\u00e1n comodidad y estilo a la casa\/oficina de sus clientes, debido al material de terciopelo y algod\u00f3n utilizado, dando ese acabado robusto a la alfombra con una sensaci\u00f3n de suavidad.<\/p>\n<p>Nuestra gama de alfombras de terciopelo invitar\u00e1 a sus clientes a la relajaci\u00f3n, un impulso de caminar descalzo. Por no hablar del precio, que le da un beneficio satisfactorio.<\/p>\n<p><strong>Por favor, tenga en cuenta que los colores pueden variar debido a la naturaleza del producto.<\/strong><\/p>\n<p>S\u00f3lo tiene que mostrar estas coloridas alfombras en su tienda\/sitio web para llamar la atenci\u00f3n del cliente.<\/p>\n","protected":false},"excerpt":{"rendered":"<p>Eche un vistazo a nuestra gran alfombra de terciopelo. Cada alfombra est\u00e1 tejida a mano en la India. Nuestras hermosas alfombras al por mayor tambi\u00e9n est\u00e1n disponibles en tama\u00f1os mediano y peque\u00f1o y con sus colores vibrantes est\u00e1n seguros de ser el tema de conversaci\u00f3n de cualquier habitaci\u00f3n. Estas alfombras traer\u00e1n comodidad y estilo a [&hellip;]<\/p>\n","protected":false},"featured_media":381796,"comment_status":"closed","ping_status":"open","template":"","meta":{"_angie_page":false},"product_brand":[],"product_cat":[16874,14456,16875],"product_tag":[],"class_list":{"0":"post-227018","1":"product","2":"type-product","3":"status-publish","4":"has-post-thumbnail","6":"product_cat-alfombras","7":"product_cat-decoracion-hogar-y-jardin","8":"product_cat-textiles","9":"pa_collection-indian-rag-rugs-es","10":"pa_made-in-india","12":"first","13":"instock","14":"purchasable","15":"product-type-simple"},"supplier_id":null,"supplier_sku":"Vrug-01","barcode":null,"atum_controlled":true,"out_stock_date":null,"out_stock_threshold":null,"inheritable":false,"inbound_stock":null,"stock_on_hold":0,"sold_today":0,"sales_last_days":0,"reserved_stock":null,"customer_returns":null,"warehouse_damage":null,"lost_in_post":null,"other_logs":null,"out_stock_days":0,"lost_sales":0,"has_location":null,"update_date":"2026-04-27T07:26:32","atum_locations":[],"atum_stock_status":"instock","restock_status":false,"low_stock_amount":"","sales_update_date":"2026-01-20T05:13:29","calc_backorders":null,"_links":{"self":[{"href":"https:\/\/aromasentia.com\/es\/wp-json\/wp\/v2\/product\/227018","targetHints":{"allow":["GET"]}}],"collection":[{"href":"https:\/\/aromasentia.com\/es\/wp-json\/wp\/v2\/product"}],"about":[{"href":"https:\/\/aromasentia.com\/es\/wp-json\/wp\/v2\/types\/product"}],"replies":[{"embeddable":true,"href":"https:\/\/aromasentia.com\/es\/wp-json\/wp\/v2\/comments?post=227018"}],"version-history":[{"count":0,"href":"https:\/\/aromasentia.com\/es\/wp-json\/wp\/v2\/product\/227018\/revisions"}],"wp:featuredmedia":[{"embeddable":true,"href":"https:\/\/aromasentia.com\/es\/wp-json\/wp\/v2\/media\/381796"}],"wp:attachment":[{"href":"https:\/\/aromasentia.com\/es\/wp-json\/wp\/v2\/media?parent=227018"}],"wp:term":[{"taxonomy":"product_brand","embeddable":true,"href":"https:\/\/aromasentia.com\/es\/wp-json\/wp\/v2\/product_brand?post=227018"},{"taxonomy":"product_cat","embeddable":true,"href":"https:\/\/aromasentia.com\/es\/wp-json\/wp\/v2\/product_cat?post=227018"},{"taxonomy":"product_tag","embeddable":true,"href":"https:\/\/aromasentia.com\/es\/wp-json\/wp\/v2\/product_tag?post=227018"}],"curies":[{"name":"wp","href":"https:\/\/api.w.org\/{rel}","templated":true}]}}