{"id":226950,"date":"2025-03-22T16:06:20","date_gmt":"2025-03-22T16:06:20","guid":{"rendered":"https:\/\/aromasentia.com\/product\/large-elephant-head-gold-whitewash\/"},"modified":"2025-12-30T21:22:10","modified_gmt":"2025-12-30T21:22:10","slug":"cabeza-grande-de-elefante-oro-y-blanco","status":"publish","type":"product","link":"https:\/\/aromasentia.com\/es\/cabeza-grande-de-elefante-oro-y-blanco\/","title":{"rendered":"Cabeza Grande de Elefante &#8211; Oro y Blanco"},"content":{"rendered":"<p><strong>Cabeza de Elefante en Oro y Blanco<\/strong><\/strong>es un s\u00edmbolo majestuoso de sabidur\u00eda, coraje, estatura y fuerza. Estos Elefantes al por mayor&nbsp;est\u00e1n adornados con un delicado color blanco, realzado por un cautivador toque de purpurina dorada.<\/p>\n<p>Tallados a mano con precisi\u00f3n en Indonesia, estos exquisitos elefantes est\u00e1n hechos a mano con madera de Albesia, un \u00e1rbol sostenible de r\u00e1pido crecimiento que abunda en el sudeste asi\u00e1tico y que alcanza alturas de 70 pies en pocos a\u00f1os.<\/p>\n<p>Seg\u00fan la creencia de que traen buena suerte, nuestros elefantes ornamentales son <strong>el<\/strong> <strong>regalo perfecto para los entusiastas de los elefantes y los conocedores de la artesan\u00eda fina<\/strong>. Cada pieza es un testimonio de la habilidad del artesano, con <strong>variaciones artesanales en el color, el dise\u00f1o y las dimensiones<\/strong>, lo que garantiza que cada elefante sea un objeto de colecci\u00f3n \u00fanico. Descubra el encanto del <strong>antiguo mundo de Bali<\/strong> a trav\u00e9s de estas hermosas cabezas de elefante talladas a mano.<\/strong><\/p>\n<p><strong>Cabezas de elefante<\/strong>.<\/p>\n","protected":false},"excerpt":{"rendered":"<p>Cabeza de Elefante en Oro y Blancoes un s\u00edmbolo majestuoso de sabidur\u00eda, coraje, estatura y fuerza. Estos Elefantes al por mayor&nbsp;est\u00e1n adornados con un delicado color blanco, realzado por un cautivador toque de purpurina dorada. Tallados a mano con precisi\u00f3n en Indonesia, estos exquisitos elefantes est\u00e1n hechos a mano con madera de Albesia, un \u00e1rbol [&hellip;]<\/p>\n","protected":false},"featured_media":381101,"comment_status":"closed","ping_status":"open","template":"","meta":{"_angie_page":false},"product_brand":[],"product_cat":[14456,16954],"product_tag":[],"class_list":{"0":"post-226950","1":"product","2":"type-product","3":"status-publish","4":"has-post-thumbnail","6":"product_cat-decoracion-hogar-y-jardin","7":"product_cat-figuras-y-adornos-de-madera","8":"pa_collection-wooden-carved-decorative-figures-es","9":"pa_made-in-indonesia","11":"first","12":"instock","13":"purchasable","14":"product-type-simple"},"supplier_id":null,"supplier_sku":"VINTEP-03","barcode":null,"atum_controlled":true,"out_stock_date":null,"out_stock_threshold":null,"inheritable":false,"inbound_stock":null,"stock_on_hold":0,"sold_today":0,"sales_last_days":0,"reserved_stock":null,"customer_returns":null,"warehouse_damage":null,"lost_in_post":null,"other_logs":null,"out_stock_days":0,"lost_sales":0,"has_location":null,"update_date":"2026-04-27T19:09:48","atum_locations":[],"atum_stock_status":"instock","restock_status":false,"low_stock_amount":"","sales_update_date":"2026-01-30T01:24:31","calc_backorders":null,"_links":{"self":[{"href":"https:\/\/aromasentia.com\/es\/wp-json\/wp\/v2\/product\/226950","targetHints":{"allow":["GET"]}}],"collection":[{"href":"https:\/\/aromasentia.com\/es\/wp-json\/wp\/v2\/product"}],"about":[{"href":"https:\/\/aromasentia.com\/es\/wp-json\/wp\/v2\/types\/product"}],"replies":[{"embeddable":true,"href":"https:\/\/aromasentia.com\/es\/wp-json\/wp\/v2\/comments?post=226950"}],"version-history":[{"count":0,"href":"https:\/\/aromasentia.com\/es\/wp-json\/wp\/v2\/product\/226950\/revisions"}],"wp:featuredmedia":[{"embeddable":true,"href":"https:\/\/aromasentia.com\/es\/wp-json\/wp\/v2\/media\/381101"}],"wp:attachment":[{"href":"https:\/\/aromasentia.com\/es\/wp-json\/wp\/v2\/media?parent=226950"}],"wp:term":[{"taxonomy":"product_brand","embeddable":true,"href":"https:\/\/aromasentia.com\/es\/wp-json\/wp\/v2\/product_brand?post=226950"},{"taxonomy":"product_cat","embeddable":true,"href":"https:\/\/aromasentia.com\/es\/wp-json\/wp\/v2\/product_cat?post=226950"},{"taxonomy":"product_tag","embeddable":true,"href":"https:\/\/aromasentia.com\/es\/wp-json\/wp\/v2\/product_tag?post=226950"}],"curies":[{"name":"wp","href":"https:\/\/api.w.org\/{rel}","templated":true}]}}