{"id":226854,"date":"2025-03-22T16:06:20","date_gmt":"2025-03-22T16:06:20","guid":{"rendered":"https:\/\/aromasentia.com\/product\/panda-teapot-set-three-cups-orange\/"},"modified":"2025-12-30T21:21:54","modified_gmt":"2025-12-30T21:21:54","slug":"set-de-tetera-y-tres-tazas-panda-naranja","status":"publish","type":"product","link":"https:\/\/aromasentia.com\/es\/set-de-tetera-y-tres-tazas-panda-naranja\/","title":{"rendered":"Set de tetera y tres tazas Panda &#8211; Naranja"},"content":{"rendered":"<p>\u00a1A\u00f1ade un toque \u00fanico y colorido a tu tienda con los set de teteras de <strong><span style=\"color: rgb(147, 101, 184);\">Aroma Sentia Espa\u00f1a<\/span><\/strong>! Este encantador set, en delicados tonos pasteles naranjados, incluye una tetera en forma de Panda y 3 vasitos para acompa\u00f1ar.<\/p>\n<p>Destaque con este set del adorable animal del panda en su tienda para los amantes de este animal o para que los m\u00e1s peque\u00f1os, disfruten del momento del t\u00e9 de una forma divertida.<\/p>\n<p><strong>Medidas del producto: 9&#215;11.5&#215;12<\/strong><\/p>\n","protected":false},"excerpt":{"rendered":"<p>\u00a1A\u00f1ade un toque \u00fanico y colorido a tu tienda con los set de teteras de Aroma Sentia Espa\u00f1a! Este encantador set, en delicados tonos pasteles naranjados, incluye una tetera en forma de Panda y 3 vasitos para acompa\u00f1ar. Destaque con este set del adorable animal del panda en su tienda para los amantes de este [&hellip;]<\/p>\n","protected":false},"featured_media":380075,"comment_status":"closed","ping_status":"open","template":"","meta":{"_angie_page":false},"product_brand":[],"product_cat":[16994,14456,25043,26724],"product_tag":[],"class_list":{"0":"post-226854","1":"product","2":"type-product","3":"status-publish","4":"has-post-thumbnail","6":"product_cat-cocina-y-accesorios","7":"product_cat-decoracion-hogar-y-jardin","8":"product_cat-tes-e-infusiones","9":"product_cat-teteras-y-tazas-de-te","10":"pa_collection-herbal-teapot-sets-es","11":"pa_made-in-china","13":"first","14":"instock","15":"purchasable","16":"product-type-simple"},"supplier_id":null,"supplier_sku":"TeaP-35","barcode":null,"atum_controlled":true,"out_stock_date":null,"out_stock_threshold":null,"inheritable":false,"inbound_stock":null,"stock_on_hold":0,"sold_today":0,"sales_last_days":0,"reserved_stock":null,"customer_returns":null,"warehouse_damage":null,"lost_in_post":null,"other_logs":null,"out_stock_days":0,"lost_sales":0,"has_location":null,"update_date":"2026-04-27T07:24:30","atum_locations":[],"atum_stock_status":"instock","restock_status":false,"low_stock_amount":"","sales_update_date":"2026-01-30T01:24:32","calc_backorders":null,"_links":{"self":[{"href":"https:\/\/aromasentia.com\/es\/wp-json\/wp\/v2\/product\/226854","targetHints":{"allow":["GET"]}}],"collection":[{"href":"https:\/\/aromasentia.com\/es\/wp-json\/wp\/v2\/product"}],"about":[{"href":"https:\/\/aromasentia.com\/es\/wp-json\/wp\/v2\/types\/product"}],"replies":[{"embeddable":true,"href":"https:\/\/aromasentia.com\/es\/wp-json\/wp\/v2\/comments?post=226854"}],"version-history":[{"count":0,"href":"https:\/\/aromasentia.com\/es\/wp-json\/wp\/v2\/product\/226854\/revisions"}],"wp:featuredmedia":[{"embeddable":true,"href":"https:\/\/aromasentia.com\/es\/wp-json\/wp\/v2\/media\/380075"}],"wp:attachment":[{"href":"https:\/\/aromasentia.com\/es\/wp-json\/wp\/v2\/media?parent=226854"}],"wp:term":[{"taxonomy":"product_brand","embeddable":true,"href":"https:\/\/aromasentia.com\/es\/wp-json\/wp\/v2\/product_brand?post=226854"},{"taxonomy":"product_cat","embeddable":true,"href":"https:\/\/aromasentia.com\/es\/wp-json\/wp\/v2\/product_cat?post=226854"},{"taxonomy":"product_tag","embeddable":true,"href":"https:\/\/aromasentia.com\/es\/wp-json\/wp\/v2\/product_tag?post=226854"}],"curies":[{"name":"wp","href":"https:\/\/api.w.org\/{rel}","templated":true}]}}