{"id":226850,"date":"2025-03-22T16:06:20","date_gmt":"2025-03-22T16:06:20","guid":{"rendered":"https:\/\/aromasentia.com\/product\/panda-teapot-set-three-cups-sky-blue\/"},"modified":"2025-12-30T21:21:46","modified_gmt":"2025-12-30T21:21:46","slug":"set-de-tetera-y-tres-tazas-panda-azul-cielo","status":"publish","type":"product","link":"https:\/\/aromasentia.com\/es\/set-de-tetera-y-tres-tazas-panda-azul-cielo\/","title":{"rendered":"Set de tetera y tres tazas Panda &#8211; Azul Cielo"},"content":{"rendered":"<p>Sorprenda a sus clientes con el set de tetera ahora en forma de panda, que vienen incluidas con 3 tazas a conjunto.&nbsp;<\/p>\n<p>\u00a1Nunca antes ha sido tan bonita la experiencia de tomarte un t\u00e9!&nbsp;<\/p>\n<p>El panda es un animal mundialmente conocido, ha llamado la atenci\u00f3n alrededor del mundo, no solo por su apariencia tierna y encantadora, sino tambi\u00e9n por la simbolog\u00eda de este animal. &nbsp;<\/p>\n<p>En la tradici\u00f3n china, el panda a menudo se ve como un s\u00edmbolo de equilibrio entre fuerzas opuestas. Como las fuerzas de YING y YANG.&nbsp;<\/p>\n<p>El blanco simbolizando la luz, la pureza y la positividad (Yin), y el negro representando la oscuridad, el misterio y la negatividad (Yang). <\/p>\n","protected":false},"excerpt":{"rendered":"<p>Sorprenda a sus clientes con el set de tetera ahora en forma de panda, que vienen incluidas con 3 tazas a conjunto.&nbsp; \u00a1Nunca antes ha sido tan bonita la experiencia de tomarte un t\u00e9!&nbsp; El panda es un animal mundialmente conocido, ha llamado la atenci\u00f3n alrededor del mundo, no solo por su apariencia tierna y [&hellip;]<\/p>\n","protected":false},"featured_media":380034,"comment_status":"closed","ping_status":"open","template":"","meta":{"_angie_page":false},"product_brand":[],"product_cat":[16994,14456,25043,26724],"product_tag":[],"class_list":{"0":"post-226850","1":"product","2":"type-product","3":"status-publish","4":"has-post-thumbnail","6":"product_cat-cocina-y-accesorios","7":"product_cat-decoracion-hogar-y-jardin","8":"product_cat-tes-e-infusiones","9":"product_cat-teteras-y-tazas-de-te","10":"pa_collection-herbal-teapot-sets-es","11":"pa_made-in-china","13":"first","14":"instock","15":"purchasable","16":"product-type-simple"},"supplier_id":null,"supplier_sku":"TeaP-34","barcode":null,"atum_controlled":true,"out_stock_date":null,"out_stock_threshold":null,"inheritable":false,"inbound_stock":null,"stock_on_hold":0,"sold_today":0,"sales_last_days":0,"reserved_stock":null,"customer_returns":null,"warehouse_damage":null,"lost_in_post":null,"other_logs":null,"out_stock_days":0,"lost_sales":0,"has_location":null,"update_date":"2026-04-27T07:24:30","atum_locations":[],"atum_stock_status":"instock","restock_status":false,"low_stock_amount":"","sales_update_date":"2025-09-04T00:30:35","calc_backorders":null,"_links":{"self":[{"href":"https:\/\/aromasentia.com\/es\/wp-json\/wp\/v2\/product\/226850","targetHints":{"allow":["GET"]}}],"collection":[{"href":"https:\/\/aromasentia.com\/es\/wp-json\/wp\/v2\/product"}],"about":[{"href":"https:\/\/aromasentia.com\/es\/wp-json\/wp\/v2\/types\/product"}],"replies":[{"embeddable":true,"href":"https:\/\/aromasentia.com\/es\/wp-json\/wp\/v2\/comments?post=226850"}],"version-history":[{"count":0,"href":"https:\/\/aromasentia.com\/es\/wp-json\/wp\/v2\/product\/226850\/revisions"}],"wp:featuredmedia":[{"embeddable":true,"href":"https:\/\/aromasentia.com\/es\/wp-json\/wp\/v2\/media\/380034"}],"wp:attachment":[{"href":"https:\/\/aromasentia.com\/es\/wp-json\/wp\/v2\/media?parent=226850"}],"wp:term":[{"taxonomy":"product_brand","embeddable":true,"href":"https:\/\/aromasentia.com\/es\/wp-json\/wp\/v2\/product_brand?post=226850"},{"taxonomy":"product_cat","embeddable":true,"href":"https:\/\/aromasentia.com\/es\/wp-json\/wp\/v2\/product_cat?post=226850"},{"taxonomy":"product_tag","embeddable":true,"href":"https:\/\/aromasentia.com\/es\/wp-json\/wp\/v2\/product_tag?post=226850"}],"curies":[{"name":"wp","href":"https:\/\/api.w.org\/{rel}","templated":true}]}}