{"id":226834,"date":"2025-03-22T16:06:20","date_gmt":"2025-03-22T16:06:20","guid":{"rendered":"https:\/\/aromasentia.com\/product\/money-cat-teapot-set-two-cups-travel-pack-red\/"},"modified":"2025-12-30T21:21:46","modified_gmt":"2025-12-30T21:21:46","slug":"set-de-tetera-gato-del-dinero-dos-tazas-estuche-de-viaje-rojo-2","status":"publish","type":"product","link":"https:\/\/aromasentia.com\/es\/set-de-tetera-gato-del-dinero-dos-tazas-estuche-de-viaje-rojo-2\/","title":{"rendered":"Set de tetera &#8211; Gato del Dinero &#8211; Dos tazas &#038; Estuche de viaje &#8211; Rojo"},"content":{"rendered":"<p>El juego incluye: &nbsp;<\/p>\n<p>1x Tetera<\/p>\n<p>2x taza de t\u00e9<\/p>\n<p>1x Estuche de viaje<\/p>\n<p>Especificaciones del producto:<\/p>\n<p>Medida tetera: 12x11x15 (cm),<\/p>\n<p>&#8211; Material: Cer\u00e1mica (se recomienda lavar a mano)&nbsp;<\/p>\n<p>&#8211; Capacidad de la tetera: aprox. 200 ml (aproximadamente 6,8 onzas l\u00edquidas)<\/p>\n<p>&#8211; Capacidad de taza m\u00e1s peque\u00f1a: aprox. 80 ml<\/p>\n<p>&#8211; Capacidad de taza m\u00e1s grande: aprox. 120 ml&nbsp;<\/p>\n<p>&#8211; Apto para lavavajillas: No recomendado&nbsp;<\/p>\n<p>&#8211; Apto para microondas: No recomendado<\/p>\n","protected":false},"excerpt":{"rendered":"<p>El juego incluye: &nbsp; 1x Tetera 2x taza de t\u00e9 1x Estuche de viaje Especificaciones del producto: Medida tetera: 12x11x15 (cm), &#8211; Material: Cer\u00e1mica (se recomienda lavar a mano)&nbsp; &#8211; Capacidad de la tetera: aprox. 200 ml (aproximadamente 6,8 onzas l\u00edquidas) &#8211; Capacidad de taza m\u00e1s peque\u00f1a: aprox. 80 ml &#8211; Capacidad de taza m\u00e1s [&hellip;]<\/p>\n","protected":false},"featured_media":379886,"comment_status":"closed","ping_status":"open","template":"","meta":[],"product_brand":[],"product_cat":[16994,14456,25043,26724],"product_tag":[],"class_list":{"0":"post-226834","1":"product","2":"type-product","3":"status-publish","4":"has-post-thumbnail","6":"product_cat-cocina-y-accesorios","7":"product_cat-decoracion-hogar-y-jardin","8":"product_cat-tes-e-infusiones","9":"product_cat-teteras-y-tazas-de-te","10":"pa_collection-herbal-teapot-sets-es","11":"pa_made-in-china","13":"first","14":"instock","15":"purchasable","16":"product-type-simple"},"supplier_id":null,"supplier_sku":"TeaP-29","barcode":null,"atum_controlled":true,"out_stock_date":null,"out_stock_threshold":null,"inheritable":false,"inbound_stock":null,"stock_on_hold":0,"sold_today":0,"sales_last_days":0,"reserved_stock":null,"customer_returns":null,"warehouse_damage":null,"lost_in_post":null,"other_logs":null,"out_stock_days":0,"lost_sales":0,"has_location":null,"update_date":"2026-02-06T00:01:56","atum_locations":[],"atum_stock_status":"instock","restock_status":false,"low_stock_amount":"","sales_update_date":"2026-02-06T00:01:56","calc_backorders":null,"_links":{"self":[{"href":"https:\/\/aromasentia.com\/es\/wp-json\/wp\/v2\/product\/226834","targetHints":{"allow":["GET"]}}],"collection":[{"href":"https:\/\/aromasentia.com\/es\/wp-json\/wp\/v2\/product"}],"about":[{"href":"https:\/\/aromasentia.com\/es\/wp-json\/wp\/v2\/types\/product"}],"replies":[{"embeddable":true,"href":"https:\/\/aromasentia.com\/es\/wp-json\/wp\/v2\/comments?post=226834"}],"version-history":[{"count":0,"href":"https:\/\/aromasentia.com\/es\/wp-json\/wp\/v2\/product\/226834\/revisions"}],"wp:featuredmedia":[{"embeddable":true,"href":"https:\/\/aromasentia.com\/es\/wp-json\/wp\/v2\/media\/379886"}],"wp:attachment":[{"href":"https:\/\/aromasentia.com\/es\/wp-json\/wp\/v2\/media?parent=226834"}],"wp:term":[{"taxonomy":"product_brand","embeddable":true,"href":"https:\/\/aromasentia.com\/es\/wp-json\/wp\/v2\/product_brand?post=226834"},{"taxonomy":"product_cat","embeddable":true,"href":"https:\/\/aromasentia.com\/es\/wp-json\/wp\/v2\/product_cat?post=226834"},{"taxonomy":"product_tag","embeddable":true,"href":"https:\/\/aromasentia.com\/es\/wp-json\/wp\/v2\/product_tag?post=226834"}],"curies":[{"name":"wp","href":"https:\/\/api.w.org\/{rel}","templated":true}]}}