{"id":226366,"date":"2025-03-22T16:58:42","date_gmt":"2025-03-22T16:58:42","guid":{"rendered":"https:\/\/aromasentia.com\/product\/10ml-holly-berry-mistletoe\/"},"modified":"2025-12-30T21:20:09","modified_gmt":"2025-12-30T21:20:09","slug":"aceites-de-fragancia-10ml-acebo-baya-y-muerdago","status":"publish","type":"product","link":"https:\/\/aromasentia.com\/es\/aceites-de-fragancia-10ml-acebo-baya-y-muerdago\/","title":{"rendered":"Aceites de Fragancia 10ml &#8211; Acebo baya y mu\u00e9rdago"},"content":{"rendered":"<p>El acebo, tambi\u00e9n llamado card\u00f3n es el arbusto peque\u00f1o del cual se extrae el aroma para crear este fant\u00e1stico aceite de fragancia, junto con el mu\u00e9rdago el cual le da un toque especial.<\/p>\n<p>Este aceite de fragancia de tiene una duraci\u00f3n prolongada porque se diluye con otro aceite hecho de dipropilenglicol.<br style=\"box-sizing: inherit; color: rgb(29, 28, 29); font-family: Slack-Lato, Slack-Fractions, appleLogo, sans-serif; font-size: 15px; font-style: normal; font-variant-ligatures: common-ligatures; font-variant-caps: normal; font-weight: 400; letter-spacing: normal; orphans: 2; text-align: left; text-indent: 0px; text-transform: none; white-space: normal; widows: 2; word-spacing: 0px; -webkit-text-stroke-width: 0px; background-color: rgb(248, 248, 248); text-decoration-thickness: initial; text-decoration-style: initial; text-decoration-color: initial;\">El dipropilenglicol es un aceite com\u00fan que se utiliza para hacer aceites de fragancias m\u00e1s efectivas <\/p>\n","protected":false},"excerpt":{"rendered":"<p>El acebo, tambi\u00e9n llamado card\u00f3n es el arbusto peque\u00f1o del cual se extrae el aroma para crear este fant\u00e1stico aceite de fragancia, junto con el mu\u00e9rdago el cual le da un toque especial. Este aceite de fragancia de tiene una duraci\u00f3n prolongada porque se diluye con otro aceite hecho de dipropilenglicol.El dipropilenglicol es un aceite [&hellip;]<\/p>\n","protected":false},"featured_media":385882,"comment_status":"closed","ping_status":"open","template":"","meta":{"_angie_page":false},"product_brand":[],"product_cat":[16474,16460],"product_tag":[],"class_list":{"0":"post-226366","1":"product","2":"type-product","3":"status-publish","4":"has-post-thumbnail","6":"product_cat-aceites-aromaticos","7":"product_cat-aromaterapia-y-fragancias-para-hogar","8":"pa_collection-ancient-wisdom-fragrance-oils-es","9":"pa_made-in-reino-unido","10":"pa_size-10ml","12":"first","13":"instock","14":"purchasable","15":"product-type-simple"},"supplier_id":null,"supplier_sku":"AWFO-83","barcode":null,"atum_controlled":true,"out_stock_date":null,"out_stock_threshold":null,"inheritable":false,"inbound_stock":null,"stock_on_hold":0,"sold_today":0,"sales_last_days":0,"reserved_stock":null,"customer_returns":null,"warehouse_damage":null,"lost_in_post":null,"other_logs":null,"out_stock_days":0,"lost_sales":0,"has_location":null,"update_date":"2026-04-27T06:52:17","atum_locations":[],"atum_stock_status":"instock","restock_status":false,"low_stock_amount":"","sales_update_date":"2026-01-30T01:24:34","calc_backorders":null,"_links":{"self":[{"href":"https:\/\/aromasentia.com\/es\/wp-json\/wp\/v2\/product\/226366","targetHints":{"allow":["GET"]}}],"collection":[{"href":"https:\/\/aromasentia.com\/es\/wp-json\/wp\/v2\/product"}],"about":[{"href":"https:\/\/aromasentia.com\/es\/wp-json\/wp\/v2\/types\/product"}],"replies":[{"embeddable":true,"href":"https:\/\/aromasentia.com\/es\/wp-json\/wp\/v2\/comments?post=226366"}],"version-history":[{"count":0,"href":"https:\/\/aromasentia.com\/es\/wp-json\/wp\/v2\/product\/226366\/revisions"}],"wp:featuredmedia":[{"embeddable":true,"href":"https:\/\/aromasentia.com\/es\/wp-json\/wp\/v2\/media\/385882"}],"wp:attachment":[{"href":"https:\/\/aromasentia.com\/es\/wp-json\/wp\/v2\/media?parent=226366"}],"wp:term":[{"taxonomy":"product_brand","embeddable":true,"href":"https:\/\/aromasentia.com\/es\/wp-json\/wp\/v2\/product_brand?post=226366"},{"taxonomy":"product_cat","embeddable":true,"href":"https:\/\/aromasentia.com\/es\/wp-json\/wp\/v2\/product_cat?post=226366"},{"taxonomy":"product_tag","embeddable":true,"href":"https:\/\/aromasentia.com\/es\/wp-json\/wp\/v2\/product_tag?post=226366"}],"curies":[{"name":"wp","href":"https:\/\/api.w.org\/{rel}","templated":true}]}}