{"id":226354,"date":"2025-03-22T16:58:42","date_gmt":"2025-03-22T16:58:42","guid":{"rendered":"https:\/\/aromasentia.com\/product\/10ml-guava-fragrance-oil\/"},"modified":"2025-12-30T21:20:09","modified_gmt":"2025-12-30T21:20:09","slug":"aceites-de-fragancia-10ml-guayaba","status":"publish","type":"product","link":"https:\/\/aromasentia.com\/es\/aceites-de-fragancia-10ml-guayaba\/","title":{"rendered":"Aceites de Fragancia 10ml &#8211; Guayaba"},"content":{"rendered":"<p>La guayaba es un fruto conocido por su importante aporte de vitamina C, e incluso mayor a los c\u00edtricos, por eso la recomendaci\u00f3n de consumirla en \u00e9poca de fr\u00edos toda vez que fortalece el cuerpo y su sistema inmunol\u00f3gico.<\/p>\n<p>Contiene Dipropylene Glycol (DPG): El cual es un agente que hace que los todos los componentes queden uniformes Se utiliza en fragancias . <\/p>\n<p>&nbsp;<\/p>\n","protected":false},"excerpt":{"rendered":"<p>La guayaba es un fruto conocido por su importante aporte de vitamina C, e incluso mayor a los c\u00edtricos, por eso la recomendaci\u00f3n de consumirla en \u00e9poca de fr\u00edos toda vez que fortalece el cuerpo y su sistema inmunol\u00f3gico. Contiene Dipropylene Glycol (DPG): El cual es un agente que hace que los todos los componentes [&hellip;]<\/p>\n","protected":false},"featured_media":385807,"comment_status":"closed","ping_status":"open","template":"","meta":{"_angie_page":false},"product_brand":[],"product_cat":[16474,25844,16460,26849,26570],"product_tag":[],"class_list":{"0":"post-226354","1":"product","2":"type-product","3":"status-publish","4":"has-post-thumbnail","6":"product_cat-aceites-aromaticos","7":"product_cat-aromas","8":"product_cat-aromaterapia-y-fragancias-para-hogar","9":"product_cat-frutal","10":"product_cat-guayaba","11":"pa_collection-ancient-wisdom-fragrance-oils-es","12":"pa_made-in-reino-unido","13":"pa_size-10ml","15":"first","16":"instock","17":"purchasable","18":"product-type-simple"},"supplier_id":null,"supplier_sku":"AWFO-78","barcode":null,"atum_controlled":true,"out_stock_date":null,"out_stock_threshold":null,"inheritable":false,"inbound_stock":null,"stock_on_hold":0,"sold_today":0,"sales_last_days":0,"reserved_stock":null,"customer_returns":null,"warehouse_damage":null,"lost_in_post":null,"other_logs":null,"out_stock_days":0,"lost_sales":0,"has_location":null,"update_date":"2026-04-27T06:52:17","atum_locations":[],"atum_stock_status":"instock","restock_status":false,"low_stock_amount":"","sales_update_date":"2025-10-09T03:24:25","calc_backorders":null,"_links":{"self":[{"href":"https:\/\/aromasentia.com\/es\/wp-json\/wp\/v2\/product\/226354","targetHints":{"allow":["GET"]}}],"collection":[{"href":"https:\/\/aromasentia.com\/es\/wp-json\/wp\/v2\/product"}],"about":[{"href":"https:\/\/aromasentia.com\/es\/wp-json\/wp\/v2\/types\/product"}],"replies":[{"embeddable":true,"href":"https:\/\/aromasentia.com\/es\/wp-json\/wp\/v2\/comments?post=226354"}],"version-history":[{"count":0,"href":"https:\/\/aromasentia.com\/es\/wp-json\/wp\/v2\/product\/226354\/revisions"}],"wp:featuredmedia":[{"embeddable":true,"href":"https:\/\/aromasentia.com\/es\/wp-json\/wp\/v2\/media\/385807"}],"wp:attachment":[{"href":"https:\/\/aromasentia.com\/es\/wp-json\/wp\/v2\/media?parent=226354"}],"wp:term":[{"taxonomy":"product_brand","embeddable":true,"href":"https:\/\/aromasentia.com\/es\/wp-json\/wp\/v2\/product_brand?post=226354"},{"taxonomy":"product_cat","embeddable":true,"href":"https:\/\/aromasentia.com\/es\/wp-json\/wp\/v2\/product_cat?post=226354"},{"taxonomy":"product_tag","embeddable":true,"href":"https:\/\/aromasentia.com\/es\/wp-json\/wp\/v2\/product_tag?post=226354"}],"curies":[{"name":"wp","href":"https:\/\/api.w.org\/{rel}","templated":true}]}}