{"id":226266,"date":"2025-03-22T16:58:42","date_gmt":"2025-03-22T16:58:42","guid":{"rendered":"https:\/\/aromasentia.com\/product\/10ml-peppermint-fragrance-oil\/"},"modified":"2025-12-30T21:19:53","modified_gmt":"2025-12-30T21:19:53","slug":"aceites-de-fragancia-10ml-hierbabuena","status":"publish","type":"product","link":"https:\/\/aromasentia.com\/es\/aceites-de-fragancia-10ml-hierbabuena\/","title":{"rendered":"Aceites de Fragancia 10ml &#8211; Hierbabuena"},"content":{"rendered":"<p>La hierbabuena, &nbsp;esta planta medicinal y arom\u00e1tica tiene propiedades que son \u00fatiles en el tratamiento de enfermedades digestivas, y es reconocida tambi\u00e9n por poseer efectos calmantes.<\/p>\n<p>Su aroma comprimido en un aceite esencial, da un toque diferenciador al ambiente y recuerda a \u00e9pocas de verano en las que hay un buen clima.<\/p>\n<p>Este aceite de fragancia de tiene una duraci\u00f3n prolongada porque se diluye con otro aceite hecho de dipropilenglicol.<br style=\"box-sizing: inherit; color: rgb(29, 28, 29); font-family: Slack-Lato, Slack-Fractions, appleLogo, sans-serif; font-size: 15px; font-style: normal; font-variant-ligatures: common-ligatures; font-variant-caps: normal; font-weight: 400; letter-spacing: normal; orphans: 2; text-align: left; text-indent: 0px; text-transform: none; white-space: normal; widows: 2; word-spacing: 0px; -webkit-text-stroke-width: 0px; background-color: rgb(248, 248, 248); text-decoration-thickness: initial; text-decoration-style: initial; text-decoration-color: initial;\">El dipropilenglicol es un aceite com\u00fan que se utiliza para hacer aceites de fragancias m\u00e1s efectivas <\/p>\n","protected":false},"excerpt":{"rendered":"<p>La hierbabuena, &nbsp;esta planta medicinal y arom\u00e1tica tiene propiedades que son \u00fatiles en el tratamiento de enfermedades digestivas, y es reconocida tambi\u00e9n por poseer efectos calmantes. Su aroma comprimido en un aceite esencial, da un toque diferenciador al ambiente y recuerda a \u00e9pocas de verano en las que hay un buen clima. Este aceite de [&hellip;]<\/p>\n","protected":false},"featured_media":385257,"comment_status":"closed","ping_status":"open","template":"","meta":{"_angie_page":false},"product_brand":[],"product_cat":[16474,25844,16460,26339,26877],"product_tag":[],"class_list":{"0":"post-226266","1":"product","2":"type-product","3":"status-publish","4":"has-post-thumbnail","6":"product_cat-aceites-aromaticos","7":"product_cat-aromas","8":"product_cat-aromaterapia-y-fragancias-para-hogar","9":"product_cat-menta-piperita","10":"product_cat-mentolado","11":"pa_collection-ancient-wisdom-fragrance-oils-es","12":"pa_made-in-reino-unido","13":"pa_size-10ml","15":"first","16":"instock","17":"purchasable","18":"product-type-simple"},"supplier_id":null,"supplier_sku":"AWFO-50","barcode":null,"atum_controlled":true,"out_stock_date":null,"out_stock_threshold":null,"inheritable":false,"inbound_stock":null,"stock_on_hold":0,"sold_today":0,"sales_last_days":0,"reserved_stock":null,"customer_returns":null,"warehouse_damage":null,"lost_in_post":null,"other_logs":null,"out_stock_days":0,"lost_sales":0,"has_location":null,"update_date":"2026-05-08T05:03:49","atum_locations":[],"atum_stock_status":"instock","restock_status":false,"low_stock_amount":"","sales_update_date":"2026-01-30T01:24:35","calc_backorders":null,"_links":{"self":[{"href":"https:\/\/aromasentia.com\/es\/wp-json\/wp\/v2\/product\/226266","targetHints":{"allow":["GET"]}}],"collection":[{"href":"https:\/\/aromasentia.com\/es\/wp-json\/wp\/v2\/product"}],"about":[{"href":"https:\/\/aromasentia.com\/es\/wp-json\/wp\/v2\/types\/product"}],"replies":[{"embeddable":true,"href":"https:\/\/aromasentia.com\/es\/wp-json\/wp\/v2\/comments?post=226266"}],"version-history":[{"count":0,"href":"https:\/\/aromasentia.com\/es\/wp-json\/wp\/v2\/product\/226266\/revisions"}],"wp:featuredmedia":[{"embeddable":true,"href":"https:\/\/aromasentia.com\/es\/wp-json\/wp\/v2\/media\/385257"}],"wp:attachment":[{"href":"https:\/\/aromasentia.com\/es\/wp-json\/wp\/v2\/media?parent=226266"}],"wp:term":[{"taxonomy":"product_brand","embeddable":true,"href":"https:\/\/aromasentia.com\/es\/wp-json\/wp\/v2\/product_brand?post=226266"},{"taxonomy":"product_cat","embeddable":true,"href":"https:\/\/aromasentia.com\/es\/wp-json\/wp\/v2\/product_cat?post=226266"},{"taxonomy":"product_tag","embeddable":true,"href":"https:\/\/aromasentia.com\/es\/wp-json\/wp\/v2\/product_tag?post=226266"}],"curies":[{"name":"wp","href":"https:\/\/api.w.org\/{rel}","templated":true}]}}