{"id":226246,"date":"2025-03-22T16:58:42","date_gmt":"2025-03-22T16:58:42","guid":{"rendered":"https:\/\/aromasentia.com\/product\/10ml-orange-fragrance-oil\/"},"modified":"2025-12-30T21:19:44","modified_gmt":"2025-12-30T21:19:44","slug":"aceites-de-fragancia-10ml-naranja","status":"publish","type":"product","link":"https:\/\/aromasentia.com\/es\/aceites-de-fragancia-10ml-naranja\/","title":{"rendered":"Aceites de Fragancia 10ml &#8211; Naranja"},"content":{"rendered":"<p>El aceite de fragancia naranja se obtiene de naranjas.<\/p>\n<p>El DPG es un aceite portador com\u00fan que se usa para cortar aceites de fragancia para hacerlos m\u00e1s efectivos. Adem\u00e1s, su hermoso aroma distintivo definitivamente atraer\u00e1 la atenci\u00f3n de algunos clientes.<\/p>\n<p>Este aceite de fragancia de tiene una duraci\u00f3n ideal ya que se diluye con otro aceite hecho de dipropilenglicol.<\/p>\n<p>Este DPG de alto grado fue creado para satisfacer todas las necesidades de los fabricantes&nbsp;<\/p>\n","protected":false},"excerpt":{"rendered":"<p>El aceite de fragancia naranja se obtiene de naranjas. El DPG es un aceite portador com\u00fan que se usa para cortar aceites de fragancia para hacerlos m\u00e1s efectivos. Adem\u00e1s, su hermoso aroma distintivo definitivamente atraer\u00e1 la atenci\u00f3n de algunos clientes. Este aceite de fragancia de tiene una duraci\u00f3n ideal ya que se diluye con otro [&hellip;]<\/p>\n","protected":false},"featured_media":385132,"comment_status":"closed","ping_status":"open","template":"","meta":{"_angie_page":false},"product_brand":[],"product_cat":[16474,25844,16460,26821,26309],"product_tag":[],"class_list":{"0":"post-226246","1":"product","2":"type-product","3":"status-publish","4":"has-post-thumbnail","6":"product_cat-aceites-aromaticos","7":"product_cat-aromas","8":"product_cat-aromaterapia-y-fragancias-para-hogar","9":"product_cat-citrico","10":"product_cat-naranja","11":"pa_collection-ancient-wisdom-fragrance-oils-es","12":"pa_made-in-reino-unido","13":"pa_size-10ml","15":"first","16":"instock","17":"purchasable","18":"product-type-simple"},"supplier_id":null,"supplier_sku":"AWFO-45","barcode":null,"atum_controlled":true,"out_stock_date":null,"out_stock_threshold":null,"inheritable":false,"inbound_stock":null,"stock_on_hold":0,"sold_today":0,"sales_last_days":0,"reserved_stock":null,"customer_returns":null,"warehouse_damage":null,"lost_in_post":null,"other_logs":null,"out_stock_days":0,"lost_sales":0,"has_location":null,"update_date":"2026-04-27T06:52:03","atum_locations":[],"atum_stock_status":"instock","restock_status":false,"low_stock_amount":"","sales_update_date":"2026-02-06T00:02:36","calc_backorders":null,"_links":{"self":[{"href":"https:\/\/aromasentia.com\/es\/wp-json\/wp\/v2\/product\/226246","targetHints":{"allow":["GET"]}}],"collection":[{"href":"https:\/\/aromasentia.com\/es\/wp-json\/wp\/v2\/product"}],"about":[{"href":"https:\/\/aromasentia.com\/es\/wp-json\/wp\/v2\/types\/product"}],"replies":[{"embeddable":true,"href":"https:\/\/aromasentia.com\/es\/wp-json\/wp\/v2\/comments?post=226246"}],"version-history":[{"count":0,"href":"https:\/\/aromasentia.com\/es\/wp-json\/wp\/v2\/product\/226246\/revisions"}],"wp:featuredmedia":[{"embeddable":true,"href":"https:\/\/aromasentia.com\/es\/wp-json\/wp\/v2\/media\/385132"}],"wp:attachment":[{"href":"https:\/\/aromasentia.com\/es\/wp-json\/wp\/v2\/media?parent=226246"}],"wp:term":[{"taxonomy":"product_brand","embeddable":true,"href":"https:\/\/aromasentia.com\/es\/wp-json\/wp\/v2\/product_brand?post=226246"},{"taxonomy":"product_cat","embeddable":true,"href":"https:\/\/aromasentia.com\/es\/wp-json\/wp\/v2\/product_cat?post=226246"},{"taxonomy":"product_tag","embeddable":true,"href":"https:\/\/aromasentia.com\/es\/wp-json\/wp\/v2\/product_tag?post=226246"}],"curies":[{"name":"wp","href":"https:\/\/api.w.org\/{rel}","templated":true}]}}