{"id":226242,"date":"2025-03-22T16:58:42","date_gmt":"2025-03-22T16:58:42","guid":{"rendered":"https:\/\/aromasentia.com\/product\/10ml-orange-blossom-fragrance-oil\/"},"modified":"2025-12-30T21:19:44","modified_gmt":"2025-12-30T21:19:44","slug":"aceites-de-fragancia-10ml-flor-de-naranja","status":"publish","type":"product","link":"https:\/\/aromasentia.com\/es\/aceites-de-fragancia-10ml-flor-de-naranja\/","title":{"rendered":"Aceites de Fragancia 10ml &#8211; Flor de naranja"},"content":{"rendered":"<p>El aceite de fragancia de Flor de naranja se obtiene de las flores de naranjo. Este aceite de fragancia de Flor de naranja tiene una duraci\u00f3n prolongada porque se diluye con otro aceite hecho de dipropilenglicol.&nbsp;<\/p>\n<p>El dipropilenglicol es un aceite com\u00fan que se utiliza para hacer aceites de fragancias m\u00e1s efectivas.<\/p>\n<p>Los aceites de fragancia son perfectos para ser utilizados en difusores y ambientadores.<\/p>\n<p>Adem\u00e1s, su aroma atraer\u00e1 la atenci\u00f3n de alguno de sus clientes.<\/p>\n","protected":false},"excerpt":{"rendered":"<p>El aceite de fragancia de Flor de naranja se obtiene de las flores de naranjo. Este aceite de fragancia de Flor de naranja tiene una duraci\u00f3n prolongada porque se diluye con otro aceite hecho de dipropilenglicol.&nbsp; El dipropilenglicol es un aceite com\u00fan que se utiliza para hacer aceites de fragancias m\u00e1s efectivas. Los aceites de [&hellip;]<\/p>\n","protected":false},"featured_media":385107,"comment_status":"closed","ping_status":"open","template":"","meta":{"_angie_page":false},"product_brand":[],"product_cat":[16474,25844,16460,26821,26309],"product_tag":[],"class_list":{"0":"post-226242","1":"product","2":"type-product","3":"status-publish","4":"has-post-thumbnail","6":"product_cat-aceites-aromaticos","7":"product_cat-aromas","8":"product_cat-aromaterapia-y-fragancias-para-hogar","9":"product_cat-citrico","10":"product_cat-naranja","11":"pa_collection-ancient-wisdom-fragrance-oils-es","12":"pa_made-in-reino-unido","13":"pa_size-10ml","15":"first","16":"instock","17":"purchasable","18":"product-type-simple"},"supplier_id":null,"supplier_sku":"AWFO-44","barcode":null,"atum_controlled":true,"out_stock_date":null,"out_stock_threshold":null,"inheritable":false,"inbound_stock":null,"stock_on_hold":0,"sold_today":0,"sales_last_days":0,"reserved_stock":null,"customer_returns":null,"warehouse_damage":null,"lost_in_post":null,"other_logs":null,"out_stock_days":0,"lost_sales":0,"has_location":null,"update_date":"2026-05-08T05:03:49","atum_locations":[],"atum_stock_status":"instock","restock_status":false,"low_stock_amount":"","sales_update_date":"2026-02-06T00:00:48","calc_backorders":null,"_links":{"self":[{"href":"https:\/\/aromasentia.com\/es\/wp-json\/wp\/v2\/product\/226242","targetHints":{"allow":["GET"]}}],"collection":[{"href":"https:\/\/aromasentia.com\/es\/wp-json\/wp\/v2\/product"}],"about":[{"href":"https:\/\/aromasentia.com\/es\/wp-json\/wp\/v2\/types\/product"}],"replies":[{"embeddable":true,"href":"https:\/\/aromasentia.com\/es\/wp-json\/wp\/v2\/comments?post=226242"}],"version-history":[{"count":0,"href":"https:\/\/aromasentia.com\/es\/wp-json\/wp\/v2\/product\/226242\/revisions"}],"wp:featuredmedia":[{"embeddable":true,"href":"https:\/\/aromasentia.com\/es\/wp-json\/wp\/v2\/media\/385107"}],"wp:attachment":[{"href":"https:\/\/aromasentia.com\/es\/wp-json\/wp\/v2\/media?parent=226242"}],"wp:term":[{"taxonomy":"product_brand","embeddable":true,"href":"https:\/\/aromasentia.com\/es\/wp-json\/wp\/v2\/product_brand?post=226242"},{"taxonomy":"product_cat","embeddable":true,"href":"https:\/\/aromasentia.com\/es\/wp-json\/wp\/v2\/product_cat?post=226242"},{"taxonomy":"product_tag","embeddable":true,"href":"https:\/\/aromasentia.com\/es\/wp-json\/wp\/v2\/product_tag?post=226242"}],"curies":[{"name":"wp","href":"https:\/\/api.w.org\/{rel}","templated":true}]}}