{"id":226014,"date":"2025-03-22T16:58:52","date_gmt":"2025-03-22T16:58:52","guid":{"rendered":"https:\/\/aromasentia.com\/product\/guava-lava-fragrance-250g\/"},"modified":"2025-06-28T22:22:28","modified_gmt":"2025-06-28T22:22:28","slug":"guayaba-lava-aceite-de-fragancia-250ml","status":"publish","type":"product","link":"https:\/\/aromasentia.com\/es\/guayaba-lava-aceite-de-fragancia-250ml\/","title":{"rendered":"Guayaba Lava Aceite de Fragancia 250ml"},"content":{"rendered":"<p>Experimenta un aroma tropical y afrutado con este aceite con fragancia Guava Lava de 250 ml. Perfecto para usar en quemadores de aceite, difusores o para un popurr\u00ed refrescante, este aceite llenar\u00e1 tu espacio con un aroma dulce y ligeramente \u00e1cido.<\/p>\n","protected":false},"excerpt":{"rendered":"<p>Experimenta un aroma tropical y afrutado con este aceite con fragancia Guava Lava de 250 ml. Perfecto para usar en quemadores de aceite, difusores o para un popurr\u00ed refrescante, este aceite llenar\u00e1 tu espacio con un aroma dulce y ligeramente \u00e1cido.<\/p>\n","protected":false},"featured_media":386577,"comment_status":"closed","ping_status":"open","template":"","meta":{"_angie_page":false},"product_brand":[],"product_cat":[16474,25844,16460,26849,26570],"product_tag":[],"class_list":{"0":"post-226014","1":"product","2":"type-product","3":"status-publish","4":"has-post-thumbnail","6":"product_cat-aceites-aromaticos","7":"product_cat-aromas","8":"product_cat-aromaterapia-y-fragancias-para-hogar","9":"product_cat-frutal","10":"product_cat-guayaba","11":"pa_collection-pure-fragrance-oils-250g-es","12":"pa_made-in-reino-unido","13":"pa_size-250ml","15":"first","16":"instock","17":"purchasable","18":"product-type-simple"},"supplier_id":null,"supplier_sku":"AWPFO-20","barcode":null,"atum_controlled":true,"out_stock_date":null,"out_stock_threshold":null,"inheritable":false,"inbound_stock":null,"stock_on_hold":0,"sold_today":0,"sales_last_days":0,"reserved_stock":null,"customer_returns":null,"warehouse_damage":null,"lost_in_post":null,"other_logs":null,"out_stock_days":0,"lost_sales":0,"has_location":null,"update_date":"2026-04-27T06:52:40","atum_locations":[],"atum_stock_status":"instock","restock_status":false,"low_stock_amount":"","sales_update_date":"2025-10-09T03:24:41","calc_backorders":null,"_links":{"self":[{"href":"https:\/\/aromasentia.com\/es\/wp-json\/wp\/v2\/product\/226014","targetHints":{"allow":["GET"]}}],"collection":[{"href":"https:\/\/aromasentia.com\/es\/wp-json\/wp\/v2\/product"}],"about":[{"href":"https:\/\/aromasentia.com\/es\/wp-json\/wp\/v2\/types\/product"}],"replies":[{"embeddable":true,"href":"https:\/\/aromasentia.com\/es\/wp-json\/wp\/v2\/comments?post=226014"}],"version-history":[{"count":0,"href":"https:\/\/aromasentia.com\/es\/wp-json\/wp\/v2\/product\/226014\/revisions"}],"wp:featuredmedia":[{"embeddable":true,"href":"https:\/\/aromasentia.com\/es\/wp-json\/wp\/v2\/media\/386577"}],"wp:attachment":[{"href":"https:\/\/aromasentia.com\/es\/wp-json\/wp\/v2\/media?parent=226014"}],"wp:term":[{"taxonomy":"product_brand","embeddable":true,"href":"https:\/\/aromasentia.com\/es\/wp-json\/wp\/v2\/product_brand?post=226014"},{"taxonomy":"product_cat","embeddable":true,"href":"https:\/\/aromasentia.com\/es\/wp-json\/wp\/v2\/product_cat?post=226014"},{"taxonomy":"product_tag","embeddable":true,"href":"https:\/\/aromasentia.com\/es\/wp-json\/wp\/v2\/product_tag?post=226014"}],"curies":[{"name":"wp","href":"https:\/\/api.w.org\/{rel}","templated":true}]}}