{"id":225998,"date":"2025-03-22T16:58:52","date_gmt":"2025-03-22T16:58:52","guid":{"rendered":"https:\/\/aromasentia.com\/product\/ginger-lime-fragrance-250g\/"},"modified":"2025-06-28T22:22:24","modified_gmt":"2025-06-28T22:22:24","slug":"jengibre-y-lima-aceite-de-fragancia-250ml","status":"publish","type":"product","link":"https:\/\/aromasentia.com\/es\/jengibre-y-lima-aceite-de-fragancia-250ml\/","title":{"rendered":"Jengibre y Lima Aceite de Fragancia 250ml"},"content":{"rendered":"<p>Vigoriza tus sentidos con el aroma picante y especiado del Jengibre y la Lima con este aceite con fragancia de 250 ml. Perfecto para usar en quemadores de aceite, difusores o para un popurr\u00ed refrescante, este aceite crear\u00e1 una atm\u00f3sfera estimulante y energizante.<\/p>\n","protected":false},"excerpt":{"rendered":"<p>Vigoriza tus sentidos con el aroma picante y especiado del Jengibre y la Lima con este aceite con fragancia de 250 ml. Perfecto para usar en quemadores de aceite, difusores o para un popurr\u00ed refrescante, este aceite crear\u00e1 una atm\u00f3sfera estimulante y energizante.<\/p>\n","protected":false},"featured_media":386541,"comment_status":"closed","ping_status":"open","template":"","meta":{"_angie_page":false},"product_brand":[],"product_cat":[16474,25844,16460,26821,26891,26192,26258],"product_tag":[],"class_list":{"0":"post-225998","1":"product","2":"type-product","3":"status-publish","4":"has-post-thumbnail","6":"product_cat-aceites-aromaticos","7":"product_cat-aromas","8":"product_cat-aromaterapia-y-fragancias-para-hogar","9":"product_cat-citrico","10":"product_cat-especiado","11":"product_cat-geranio","12":"product_cat-lima","13":"pa_collection-pure-fragrance-oils-250g-es","14":"pa_made-in-reino-unido","15":"pa_size-250ml","17":"first","18":"instock","19":"purchasable","20":"product-type-simple"},"supplier_id":null,"supplier_sku":"AWPFO-15","barcode":null,"atum_controlled":true,"out_stock_date":null,"out_stock_threshold":null,"inheritable":false,"inbound_stock":null,"stock_on_hold":0,"sold_today":0,"sales_last_days":0,"reserved_stock":null,"customer_returns":null,"warehouse_damage":null,"lost_in_post":null,"other_logs":null,"out_stock_days":0,"lost_sales":0,"has_location":null,"update_date":"2026-04-27T06:52:40","atum_locations":[],"atum_stock_status":"instock","restock_status":false,"low_stock_amount":"","sales_update_date":"2026-01-30T01:25:22","calc_backorders":null,"_links":{"self":[{"href":"https:\/\/aromasentia.com\/es\/wp-json\/wp\/v2\/product\/225998","targetHints":{"allow":["GET"]}}],"collection":[{"href":"https:\/\/aromasentia.com\/es\/wp-json\/wp\/v2\/product"}],"about":[{"href":"https:\/\/aromasentia.com\/es\/wp-json\/wp\/v2\/types\/product"}],"replies":[{"embeddable":true,"href":"https:\/\/aromasentia.com\/es\/wp-json\/wp\/v2\/comments?post=225998"}],"version-history":[{"count":0,"href":"https:\/\/aromasentia.com\/es\/wp-json\/wp\/v2\/product\/225998\/revisions"}],"wp:featuredmedia":[{"embeddable":true,"href":"https:\/\/aromasentia.com\/es\/wp-json\/wp\/v2\/media\/386541"}],"wp:attachment":[{"href":"https:\/\/aromasentia.com\/es\/wp-json\/wp\/v2\/media?parent=225998"}],"wp:term":[{"taxonomy":"product_brand","embeddable":true,"href":"https:\/\/aromasentia.com\/es\/wp-json\/wp\/v2\/product_brand?post=225998"},{"taxonomy":"product_cat","embeddable":true,"href":"https:\/\/aromasentia.com\/es\/wp-json\/wp\/v2\/product_cat?post=225998"},{"taxonomy":"product_tag","embeddable":true,"href":"https:\/\/aromasentia.com\/es\/wp-json\/wp\/v2\/product_tag?post=225998"}],"curies":[{"name":"wp","href":"https:\/\/api.w.org\/{rel}","templated":true}]}}