{"id":225886,"date":"2025-03-22T16:58:52","date_gmt":"2025-03-22T16:58:52","guid":{"rendered":"https:\/\/aromasentia.com\/product\/500ml-pure-fo-sandalwood\/"},"modified":"2025-06-28T22:22:07","modified_gmt":"2025-06-28T22:22:07","slug":"sandalo-puro-aceite-de-fragancia-500ml","status":"publish","type":"product","link":"https:\/\/aromasentia.com\/es\/sandalo-puro-aceite-de-fragancia-500ml\/","title":{"rendered":"S\u00e1ndalo Puro Aceite de Fragancia 500ml"},"content":{"rendered":"<p><strong>Ancient Wisdom&nbsp;<\/strong>Los aceites de fragancia no son los m\u00e1s baratos &#8211; pero creemos que los mejores en t\u00e9rminos de precio a calidad. Son ideales para la fragancia de conos de incienso crudos.&nbsp;<\/p>\n<p><strong><span style=\"color: rgb(184, 49, 47);\">100% puro Aceite de Fragancia<\/span><\/strong>, todos nuestros aceites son cuidadosamente seleccionados, comprados la mayor\u00eda de las veces de fuentes primarias, probados en cuanto a pureza y sujetos a rigurosos est\u00e1ndares de control de calidad. Se envasan bajo pedido, se codifican por lotes y se etiquetan para indicar la fecha de caducidad.<\/p>\n<p>Cada aceite con fragancia se presenta en un frasco de aluminio con tapa de seguridad.<\/p>\n<p><em>La madera de s\u00e1ndalo tiene un aroma muy caracter\u00edstico que es c\u00e1lido, amaderado, aterciopelado y bals\u00e1mico para dar un toque acogedor durante el d\u00eda.<\/em><\/p>\n<p><strong>Cuando s\u00f3lo la mejor calidad es suficiente.<\/strong><\/p>\n<p>La madera de s\u00e1ndalo tiene un aroma muy caracter\u00edstico que es c\u00e1lido, amaderado, aterciopelado y bals\u00e1mico para dar un toque acogedor durante el d\u00eda.<\/p>\n","protected":false},"excerpt":{"rendered":"<p>Ancient Wisdom&nbsp;Los aceites de fragancia no son los m\u00e1s baratos &#8211; pero creemos que los mejores en t\u00e9rminos de precio a calidad. Son ideales para la fragancia de conos de incienso crudos.&nbsp; 100% puro Aceite de Fragancia, todos nuestros aceites son cuidadosamente seleccionados, comprados la mayor\u00eda de las veces de fuentes primarias, probados en cuanto [&hellip;]<\/p>\n","protected":false},"featured_media":387813,"comment_status":"closed","ping_status":"open","template":"","meta":{"_angie_page":false},"product_brand":[],"product_cat":[16474,26898,25844,16460,26390],"product_tag":[],"class_list":{"0":"post-225886","1":"product","2":"type-product","3":"status-publish","4":"has-post-thumbnail","6":"product_cat-aceites-aromaticos","7":"product_cat-amaderado","8":"product_cat-aromas","9":"product_cat-aromaterapia-y-fragancias-para-hogar","10":"product_cat-sandalo","11":"pa_collection-pure-fragrance-oils-500ml-es","12":"pa_made-in-reino-unido","13":"pa_size-500ml","15":"first","16":"instock","17":"purchasable","18":"product-type-simple"},"supplier_id":null,"supplier_sku":"FOBp-104","barcode":null,"atum_controlled":true,"out_stock_date":null,"out_stock_threshold":null,"inheritable":false,"inbound_stock":null,"stock_on_hold":0,"sold_today":0,"sales_last_days":0,"reserved_stock":null,"customer_returns":null,"warehouse_damage":null,"lost_in_post":null,"other_logs":null,"out_stock_days":9,"lost_sales":0,"has_location":null,"update_date":"2026-04-27T07:03:44","atum_locations":[],"atum_stock_status":"instock","restock_status":false,"low_stock_amount":"","sales_update_date":"2026-02-06T00:02:46","calc_backorders":null,"_links":{"self":[{"href":"https:\/\/aromasentia.com\/es\/wp-json\/wp\/v2\/product\/225886","targetHints":{"allow":["GET"]}}],"collection":[{"href":"https:\/\/aromasentia.com\/es\/wp-json\/wp\/v2\/product"}],"about":[{"href":"https:\/\/aromasentia.com\/es\/wp-json\/wp\/v2\/types\/product"}],"replies":[{"embeddable":true,"href":"https:\/\/aromasentia.com\/es\/wp-json\/wp\/v2\/comments?post=225886"}],"version-history":[{"count":0,"href":"https:\/\/aromasentia.com\/es\/wp-json\/wp\/v2\/product\/225886\/revisions"}],"wp:featuredmedia":[{"embeddable":true,"href":"https:\/\/aromasentia.com\/es\/wp-json\/wp\/v2\/media\/387813"}],"wp:attachment":[{"href":"https:\/\/aromasentia.com\/es\/wp-json\/wp\/v2\/media?parent=225886"}],"wp:term":[{"taxonomy":"product_brand","embeddable":true,"href":"https:\/\/aromasentia.com\/es\/wp-json\/wp\/v2\/product_brand?post=225886"},{"taxonomy":"product_cat","embeddable":true,"href":"https:\/\/aromasentia.com\/es\/wp-json\/wp\/v2\/product_cat?post=225886"},{"taxonomy":"product_tag","embeddable":true,"href":"https:\/\/aromasentia.com\/es\/wp-json\/wp\/v2\/product_tag?post=225886"}],"curies":[{"name":"wp","href":"https:\/\/api.w.org\/{rel}","templated":true}]}}