{"id":225878,"date":"2025-03-22T16:58:52","date_gmt":"2025-03-22T16:58:52","guid":{"rendered":"https:\/\/aromasentia.com\/product\/500ml-pure-fo-patchouli\/"},"modified":"2025-06-28T22:22:06","modified_gmt":"2025-06-28T22:22:06","slug":"pachuli-puro-aceite-de-fragancia-500ml","status":"publish","type":"product","link":"https:\/\/aromasentia.com\/es\/pachuli-puro-aceite-de-fragancia-500ml\/","title":{"rendered":"Pachul\u00ed Puro Aceite de Fragancia 500ml"},"content":{"rendered":"<p>Crea una atm\u00f3sfera terrosa y enraizada con el rico y distintivo aroma del Pachul\u00ed Puro con este generoso aceite con fragancia de 500 ml. Perfecto para usar en quemadores de aceite, difusores o para elaborar tus propias creaciones perfumadas, este aceite ofrece un aroma duradero y \u00fanico.<\/p>\n","protected":false},"excerpt":{"rendered":"<p>Crea una atm\u00f3sfera terrosa y enraizada con el rico y distintivo aroma del Pachul\u00ed Puro con este generoso aceite con fragancia de 500 ml. Perfecto para usar en quemadores de aceite, difusores o para elaborar tus propias creaciones perfumadas, este aceite ofrece un aroma duradero y \u00fanico.<\/p>\n","protected":false},"featured_media":387787,"comment_status":"closed","ping_status":"open","template":"","meta":{"_angie_page":false},"product_brand":[],"product_cat":[16474,25844,16460,26332,26828],"product_tag":[],"class_list":{"0":"post-225878","1":"product","2":"type-product","3":"status-publish","4":"has-post-thumbnail","6":"product_cat-aceites-aromaticos","7":"product_cat-aromas","8":"product_cat-aromaterapia-y-fragancias-para-hogar","9":"product_cat-pachuli","10":"product_cat-terroso-verde","11":"pa_collection-pure-fragrance-oils-500ml-es","12":"pa_made-in-reino-unido","13":"pa_size-500ml","15":"first","16":"instock","17":"purchasable","18":"product-type-simple"},"supplier_id":null,"supplier_sku":"FOBp-93","barcode":null,"atum_controlled":true,"out_stock_date":null,"out_stock_threshold":null,"inheritable":false,"inbound_stock":null,"stock_on_hold":0,"sold_today":0,"sales_last_days":0,"reserved_stock":null,"customer_returns":null,"warehouse_damage":null,"lost_in_post":null,"other_logs":null,"out_stock_days":0,"lost_sales":0,"has_location":null,"update_date":"2026-04-27T07:03:44","atum_locations":[],"atum_stock_status":"instock","restock_status":false,"low_stock_amount":"","sales_update_date":"2026-01-30T01:26:28","calc_backorders":null,"_links":{"self":[{"href":"https:\/\/aromasentia.com\/es\/wp-json\/wp\/v2\/product\/225878","targetHints":{"allow":["GET"]}}],"collection":[{"href":"https:\/\/aromasentia.com\/es\/wp-json\/wp\/v2\/product"}],"about":[{"href":"https:\/\/aromasentia.com\/es\/wp-json\/wp\/v2\/types\/product"}],"replies":[{"embeddable":true,"href":"https:\/\/aromasentia.com\/es\/wp-json\/wp\/v2\/comments?post=225878"}],"version-history":[{"count":0,"href":"https:\/\/aromasentia.com\/es\/wp-json\/wp\/v2\/product\/225878\/revisions"}],"wp:featuredmedia":[{"embeddable":true,"href":"https:\/\/aromasentia.com\/es\/wp-json\/wp\/v2\/media\/387787"}],"wp:attachment":[{"href":"https:\/\/aromasentia.com\/es\/wp-json\/wp\/v2\/media?parent=225878"}],"wp:term":[{"taxonomy":"product_brand","embeddable":true,"href":"https:\/\/aromasentia.com\/es\/wp-json\/wp\/v2\/product_brand?post=225878"},{"taxonomy":"product_cat","embeddable":true,"href":"https:\/\/aromasentia.com\/es\/wp-json\/wp\/v2\/product_cat?post=225878"},{"taxonomy":"product_tag","embeddable":true,"href":"https:\/\/aromasentia.com\/es\/wp-json\/wp\/v2\/product_tag?post=225878"}],"curies":[{"name":"wp","href":"https:\/\/api.w.org\/{rel}","templated":true}]}}