{"id":225678,"date":"2025-03-22T16:58:52","date_gmt":"2025-03-22T16:58:52","guid":{"rendered":"https:\/\/aromasentia.com\/product\/pineapple-crush-fragrance-250g\/"},"modified":"2025-06-28T22:21:48","modified_gmt":"2025-06-28T22:21:48","slug":"pina-colada-aceite-de-fragancia-250ml","status":"publish","type":"product","link":"https:\/\/aromasentia.com\/es\/pina-colada-aceite-de-fragancia-250ml\/","title":{"rendered":"Pi\u00f1a Colada Aceite de Fragancia 250ml"},"content":{"rendered":"<p>Transp\u00f3rtate a una escapada tropical con el aroma dulce y \u00e1cido de Pineapple Crush con este aceite de fragancia de 250 ml. Perfecto para usar en quemadores de aceite, difusores o para un popurr\u00ed refrescante, este aceite crear\u00e1 un ambiente divertido y veraniego.<\/p>\n","protected":false},"excerpt":{"rendered":"<p>Transp\u00f3rtate a una escapada tropical con el aroma dulce y \u00e1cido de Pineapple Crush con este aceite de fragancia de 250 ml. Perfecto para usar en quemadores de aceite, difusores o para un popurr\u00ed refrescante, este aceite crear\u00e1 un ambiente divertido y veraniego.<\/p>\n","protected":false},"featured_media":386721,"comment_status":"closed","ping_status":"open","template":"","meta":{"_angie_page":false},"product_brand":[],"product_cat":[16474,25844,16460,26849,26497],"product_tag":[],"class_list":{"0":"post-225678","1":"product","2":"type-product","3":"status-publish","4":"has-post-thumbnail","6":"product_cat-aceites-aromaticos","7":"product_cat-aromas","8":"product_cat-aromaterapia-y-fragancias-para-hogar","9":"product_cat-frutal","10":"product_cat-pina","11":"pa_collection-pure-fragrance-oils-250g-es","12":"pa_made-in-reino-unido","13":"pa_size-250ml","15":"first","16":"instock","17":"purchasable","18":"product-type-simple"},"supplier_id":null,"supplier_sku":"AWPFO-39","barcode":null,"atum_controlled":true,"out_stock_date":null,"out_stock_threshold":null,"inheritable":false,"inbound_stock":null,"stock_on_hold":0,"sold_today":0,"sales_last_days":0,"reserved_stock":null,"customer_returns":null,"warehouse_damage":null,"lost_in_post":null,"other_logs":null,"out_stock_days":0,"lost_sales":0,"has_location":null,"update_date":"2026-04-27T06:52:46","atum_locations":[],"atum_stock_status":"instock","restock_status":false,"low_stock_amount":"","sales_update_date":"2026-01-30T01:24:30","calc_backorders":null,"_links":{"self":[{"href":"https:\/\/aromasentia.com\/es\/wp-json\/wp\/v2\/product\/225678","targetHints":{"allow":["GET"]}}],"collection":[{"href":"https:\/\/aromasentia.com\/es\/wp-json\/wp\/v2\/product"}],"about":[{"href":"https:\/\/aromasentia.com\/es\/wp-json\/wp\/v2\/types\/product"}],"replies":[{"embeddable":true,"href":"https:\/\/aromasentia.com\/es\/wp-json\/wp\/v2\/comments?post=225678"}],"version-history":[{"count":0,"href":"https:\/\/aromasentia.com\/es\/wp-json\/wp\/v2\/product\/225678\/revisions"}],"wp:featuredmedia":[{"embeddable":true,"href":"https:\/\/aromasentia.com\/es\/wp-json\/wp\/v2\/media\/386721"}],"wp:attachment":[{"href":"https:\/\/aromasentia.com\/es\/wp-json\/wp\/v2\/media?parent=225678"}],"wp:term":[{"taxonomy":"product_brand","embeddable":true,"href":"https:\/\/aromasentia.com\/es\/wp-json\/wp\/v2\/product_brand?post=225678"},{"taxonomy":"product_cat","embeddable":true,"href":"https:\/\/aromasentia.com\/es\/wp-json\/wp\/v2\/product_cat?post=225678"},{"taxonomy":"product_tag","embeddable":true,"href":"https:\/\/aromasentia.com\/es\/wp-json\/wp\/v2\/product_tag?post=225678"}],"curies":[{"name":"wp","href":"https:\/\/api.w.org\/{rel}","templated":true}]}}