{"id":225238,"date":"2025-03-22T16:59:14","date_gmt":"2025-03-22T16:59:14","guid":{"rendered":"https:\/\/aromasentia.com\/product\/gift-set-of-6-wax-melts-watermelon-fresh\/"},"modified":"2025-12-30T21:18:39","modified_gmt":"2025-12-30T21:18:39","slug":"cajas-de-6-ceras-de-soja-sandia","status":"publish","type":"product","link":"https:\/\/aromasentia.com\/es\/cajas-de-6-ceras-de-soja-sandia\/","title":{"rendered":"Cajas de 6 Ceras de Soja &#8211; Sand\u00eda"},"content":{"rendered":"<p style=\"text-align: justify;\"><strong>Fragancia de cera de Soja: <span style=\"color: rgb(97, 189, 109);\">Sand\u00eda<\/span><\/strong> presentados en una caja de regalo est\u00e1n hechos de una mezcla natural de ceras de soja y los mejores aceites de fragancia. Est\u00e1n disponibles en muchas fragancias incre\u00edbles para elegir.<\/p>\n<p style=\"text-align: justify;\"><\/p>\n<p style=\"text-align: justify;\">Las Ceras de Soja no contiene cera de parafina, por lo que su hogar oler\u00e1 a fragancias de calidad. Simplemente agregue una fusi\u00f3n de cera a un quemador de aceite para que su hogar huela maravilloso.<\/p>\n<p style=\"text-align: justify;\"><\/p>\n<p style=\"text-align: justify;\">Cada caja de regalo contiene 6 ceras fundidas separadas por separadores de cart\u00f3n. Puede combinarlo con un quemador de aceite como un juego de regalo.<\/p>\n<p style=\"text-align: justify;\">\u00a1Har\u00edan un regalo perfecto para todas las ocasiones!<\/p>\n<p style=\"text-align: justify;\"><\/p>\n<p style=\"text-align: justify;\"><strong>Aprox. El tama\u00f1o de cada cera de soja es D: 4 cm H: 4 cm<\/strong><\/p>\n<p style=\"text-align: justify;\"><strong>Cada cera de soja pesa aprox. 15g<\/strong><\/p>\n","protected":false},"excerpt":{"rendered":"<p>Fragancia de cera de Soja: Sand\u00eda presentados en una caja de regalo est\u00e1n hechos de una mezcla natural de ceras de soja y los mejores aceites de fragancia. Est\u00e1n disponibles en muchas fragancias incre\u00edbles para elegir. Las Ceras de Soja no contiene cera de parafina, por lo que su hogar oler\u00e1 a fragancias de calidad. [&hellip;]<\/p>\n","protected":false},"featured_media":389882,"comment_status":"closed","ping_status":"open","template":"","meta":[],"product_brand":[],"product_cat":[25844,16460,16673,26849,26500],"product_tag":[],"class_list":{"0":"post-225238","1":"product","2":"type-product","3":"status-publish","4":"has-post-thumbnail","6":"product_cat-aromas","7":"product_cat-aromaterapia-y-fragancias-para-hogar","8":"product_cat-cera-aromatica-de-soja","9":"product_cat-frutal","10":"product_cat-sandia","11":"pa_collection-luxury-wax-melts-in-gift-boxes-es","12":"pa_made-in-china","14":"first","15":"instock","16":"purchasable","17":"product-type-simple"},"supplier_id":null,"supplier_sku":"LWMelt-13","barcode":null,"atum_controlled":true,"out_stock_date":null,"out_stock_threshold":null,"inheritable":false,"inbound_stock":null,"stock_on_hold":0,"sold_today":0,"sales_last_days":0,"reserved_stock":null,"customer_returns":null,"warehouse_damage":null,"lost_in_post":null,"other_logs":null,"out_stock_days":0,"lost_sales":0,"has_location":null,"update_date":"2026-01-30T01:24:46","atum_locations":[],"atum_stock_status":"instock","restock_status":false,"low_stock_amount":"","sales_update_date":"2026-01-30T01:24:46","calc_backorders":null,"_links":{"self":[{"href":"https:\/\/aromasentia.com\/es\/wp-json\/wp\/v2\/product\/225238","targetHints":{"allow":["GET"]}}],"collection":[{"href":"https:\/\/aromasentia.com\/es\/wp-json\/wp\/v2\/product"}],"about":[{"href":"https:\/\/aromasentia.com\/es\/wp-json\/wp\/v2\/types\/product"}],"replies":[{"embeddable":true,"href":"https:\/\/aromasentia.com\/es\/wp-json\/wp\/v2\/comments?post=225238"}],"version-history":[{"count":0,"href":"https:\/\/aromasentia.com\/es\/wp-json\/wp\/v2\/product\/225238\/revisions"}],"wp:featuredmedia":[{"embeddable":true,"href":"https:\/\/aromasentia.com\/es\/wp-json\/wp\/v2\/media\/389882"}],"wp:attachment":[{"href":"https:\/\/aromasentia.com\/es\/wp-json\/wp\/v2\/media?parent=225238"}],"wp:term":[{"taxonomy":"product_brand","embeddable":true,"href":"https:\/\/aromasentia.com\/es\/wp-json\/wp\/v2\/product_brand?post=225238"},{"taxonomy":"product_cat","embeddable":true,"href":"https:\/\/aromasentia.com\/es\/wp-json\/wp\/v2\/product_cat?post=225238"},{"taxonomy":"product_tag","embeddable":true,"href":"https:\/\/aromasentia.com\/es\/wp-json\/wp\/v2\/product_tag?post=225238"}],"curies":[{"name":"wp","href":"https:\/\/api.w.org\/{rel}","templated":true}]}}