{"id":225206,"date":"2025-03-22T16:59:14","date_gmt":"2025-03-22T16:59:14","guid":{"rendered":"https:\/\/aromasentia.com\/product\/gift-set-of-6-wax-melts-coffee-trader\/"},"modified":"2025-12-30T21:18:31","modified_gmt":"2025-12-30T21:18:31","slug":"cajas-de-6-ceras-de-soja-cafe","status":"publish","type":"product","link":"https:\/\/aromasentia.com\/es\/cajas-de-6-ceras-de-soja-cafe\/","title":{"rendered":"Cajas de 6 Ceras de Soja &#8211; Caf\u00e9"},"content":{"rendered":"<p style=\"text-align: justify;\"><strong>Fragancia de cera de Soja: <span style=\"color: rgb(163, 143, 132);\">el Caf\u00e9<\/span><\/strong> presentados en una caja de regalo est\u00e1n hechos de una mezcla natural de ceras de soja y los mejores aceites de fragancia. Est\u00e1n disponibles en muchas fragancias incre\u00edbles para elegir.<\/p>\n<p style=\"text-align: justify;\"><\/p>\n<p style=\"text-align: justify;\">Las Ceras de Soja no contiene cera de parafina, por lo que su hogar oler\u00e1 a fragancias de calidad. Simplemente agregue una fusi\u00f3n de cera a un quemador de aceite para que su hogar huela maravilloso.<\/p>\n<p style=\"text-align: justify;\"><\/p>\n<p style=\"text-align: justify;\">Cada caja de regalo contiene 6 ceras fundidas separadas por separadores de cart\u00f3n. Puede combinarlo con un quemador de aceite como un juego de regalo.<\/p>\n<p style=\"text-align: justify;\">\u00a1Har\u00edan un regalo perfecto para todas las ocasiones!<\/p>\n<p style=\"text-align: justify;\"><\/p>\n<p style=\"text-align: justify;\"><strong>Aprox. El tama\u00f1o de cada cera de soja es D: 4 cm H: 4 cm<\/strong><\/p>\n<p style=\"text-align: justify;\"><strong>Cada cera de soja pesa aprox. 15g<\/strong><\/p>\n","protected":false},"excerpt":{"rendered":"<p>Fragancia de cera de Soja: el Caf\u00e9 presentados en una caja de regalo est\u00e1n hechos de una mezcla natural de ceras de soja y los mejores aceites de fragancia. Est\u00e1n disponibles en muchas fragancias incre\u00edbles para elegir. Las Ceras de Soja no contiene cera de parafina, por lo que su hogar oler\u00e1 a fragancias de [&hellip;]<\/p>\n","protected":false},"featured_media":389546,"comment_status":"closed","ping_status":"open","template":"","meta":[],"product_brand":[],"product_cat":[16460,16673],"product_tag":[],"class_list":{"0":"post-225206","1":"product","2":"type-product","3":"status-publish","4":"has-post-thumbnail","6":"product_cat-aromaterapia-y-fragancias-para-hogar","7":"product_cat-cera-aromatica-de-soja","8":"pa_collection-luxury-wax-melts-in-gift-boxes-es","9":"pa_made-in-china","11":"first","12":"instock","13":"purchasable","14":"product-type-simple"},"supplier_id":null,"supplier_sku":"LWMelt-04","barcode":null,"atum_controlled":true,"out_stock_date":null,"out_stock_threshold":null,"inheritable":false,"inbound_stock":null,"stock_on_hold":0,"sold_today":0,"sales_last_days":0,"reserved_stock":null,"customer_returns":null,"warehouse_damage":null,"lost_in_post":null,"other_logs":null,"out_stock_days":0,"lost_sales":0,"has_location":null,"update_date":"2026-01-30T01:25:53","atum_locations":[],"atum_stock_status":"instock","restock_status":false,"low_stock_amount":"","sales_update_date":"2026-01-30T01:25:53","calc_backorders":null,"_links":{"self":[{"href":"https:\/\/aromasentia.com\/es\/wp-json\/wp\/v2\/product\/225206","targetHints":{"allow":["GET"]}}],"collection":[{"href":"https:\/\/aromasentia.com\/es\/wp-json\/wp\/v2\/product"}],"about":[{"href":"https:\/\/aromasentia.com\/es\/wp-json\/wp\/v2\/types\/product"}],"replies":[{"embeddable":true,"href":"https:\/\/aromasentia.com\/es\/wp-json\/wp\/v2\/comments?post=225206"}],"version-history":[{"count":0,"href":"https:\/\/aromasentia.com\/es\/wp-json\/wp\/v2\/product\/225206\/revisions"}],"wp:featuredmedia":[{"embeddable":true,"href":"https:\/\/aromasentia.com\/es\/wp-json\/wp\/v2\/media\/389546"}],"wp:attachment":[{"href":"https:\/\/aromasentia.com\/es\/wp-json\/wp\/v2\/media?parent=225206"}],"wp:term":[{"taxonomy":"product_brand","embeddable":true,"href":"https:\/\/aromasentia.com\/es\/wp-json\/wp\/v2\/product_brand?post=225206"},{"taxonomy":"product_cat","embeddable":true,"href":"https:\/\/aromasentia.com\/es\/wp-json\/wp\/v2\/product_cat?post=225206"},{"taxonomy":"product_tag","embeddable":true,"href":"https:\/\/aromasentia.com\/es\/wp-json\/wp\/v2\/product_tag?post=225206"}],"curies":[{"name":"wp","href":"https:\/\/api.w.org\/{rel}","templated":true}]}}