{"id":225082,"date":"2025-03-22T16:59:14","date_gmt":"2025-03-22T16:59:14","guid":{"rendered":"https:\/\/aromasentia.com\/product\/roasted-chestnut-pure-fragrance-oil-500ml\/"},"modified":"2025-06-28T22:20:00","modified_gmt":"2025-06-28T22:20:00","slug":"castana-asada-aceite-puro-de-fragancia-500ml","status":"publish","type":"product","link":"https:\/\/aromasentia.com\/es\/castana-asada-aceite-puro-de-fragancia-500ml\/","title":{"rendered":"Casta\u00f1a Asada Aceite Puro de Fragancia &#8211; 500ml"},"content":{"rendered":"<p>Del\u00e9itate con el c\u00e1lido aroma a frutos secos de la casta\u00f1a tostada con este generoso aceite de fragancia puro de 500 ml. Perfecto para usar en quemadores de aceite, difusores o para crear tus propios productos perfumados, este aceite ofrece un aroma gourmand duradero y reconfortante.<\/p>\n","protected":false},"excerpt":{"rendered":"<p>Del\u00e9itate con el c\u00e1lido aroma a frutos secos de la casta\u00f1a tostada con este generoso aceite de fragancia puro de 500 ml. Perfecto para usar en quemadores de aceite, difusores o para crear tus propios productos perfumados, este aceite ofrece un aroma gourmand duradero y reconfortante.<\/p>\n","protected":false},"featured_media":389067,"comment_status":"closed","ping_status":"open","template":"","meta":[],"product_brand":[],"product_cat":[16474,16460],"product_tag":[],"class_list":{"0":"post-225082","1":"product","2":"type-product","3":"status-publish","4":"has-post-thumbnail","6":"product_cat-aceites-aromaticos","7":"product_cat-aromaterapia-y-fragancias-para-hogar","8":"pa_collection-pure-fragrance-oils-500ml-es","9":"pa_made-in-reino-unido","10":"pa_size-500ml","12":"first","13":"instock","14":"purchasable","15":"product-type-simple"},"supplier_id":null,"supplier_sku":"FOBP-213","barcode":null,"atum_controlled":true,"out_stock_date":null,"out_stock_threshold":null,"inheritable":false,"inbound_stock":null,"stock_on_hold":0,"sold_today":0,"sales_last_days":0,"reserved_stock":null,"customer_returns":null,"warehouse_damage":null,"lost_in_post":null,"other_logs":null,"out_stock_days":0,"lost_sales":0,"has_location":null,"update_date":"2026-01-30T01:26:00","atum_locations":[],"atum_stock_status":"instock","restock_status":false,"low_stock_amount":"","sales_update_date":"2026-01-30T01:26:00","calc_backorders":null,"_links":{"self":[{"href":"https:\/\/aromasentia.com\/es\/wp-json\/wp\/v2\/product\/225082","targetHints":{"allow":["GET"]}}],"collection":[{"href":"https:\/\/aromasentia.com\/es\/wp-json\/wp\/v2\/product"}],"about":[{"href":"https:\/\/aromasentia.com\/es\/wp-json\/wp\/v2\/types\/product"}],"replies":[{"embeddable":true,"href":"https:\/\/aromasentia.com\/es\/wp-json\/wp\/v2\/comments?post=225082"}],"version-history":[{"count":0,"href":"https:\/\/aromasentia.com\/es\/wp-json\/wp\/v2\/product\/225082\/revisions"}],"wp:featuredmedia":[{"embeddable":true,"href":"https:\/\/aromasentia.com\/es\/wp-json\/wp\/v2\/media\/389067"}],"wp:attachment":[{"href":"https:\/\/aromasentia.com\/es\/wp-json\/wp\/v2\/media?parent=225082"}],"wp:term":[{"taxonomy":"product_brand","embeddable":true,"href":"https:\/\/aromasentia.com\/es\/wp-json\/wp\/v2\/product_brand?post=225082"},{"taxonomy":"product_cat","embeddable":true,"href":"https:\/\/aromasentia.com\/es\/wp-json\/wp\/v2\/product_cat?post=225082"},{"taxonomy":"product_tag","embeddable":true,"href":"https:\/\/aromasentia.com\/es\/wp-json\/wp\/v2\/product_tag?post=225082"}],"curies":[{"name":"wp","href":"https:\/\/api.w.org\/{rel}","templated":true}]}}