{"id":224814,"date":"2025-03-22T16:59:25","date_gmt":"2025-03-22T16:59:25","guid":{"rendered":"https:\/\/aromasentia.com\/product\/tropical-paradise-simmering-granules-watermelon\/"},"modified":"2025-12-30T21:17:51","modified_gmt":"2025-12-30T21:17:51","slug":"granulos-aromaticos-paraiso-tropical-sandia","status":"publish","type":"product","link":"https:\/\/aromasentia.com\/es\/granulos-aromaticos-paraiso-tropical-sandia\/","title":{"rendered":"Granulos Arom\u00e1ticos Para\u00edso tropical &#8211; Sand\u00eda"},"content":{"rendered":"<p>Llena tu espacio con el refrescante y jugoso aroma de la sand\u00eda con estos Gr\u00e1nulos Simmering Para\u00edso Tropical. Simplemente coloca una cucharada en tu quemador de aceite o calentador para liberar una explosi\u00f3n de fragancia veraniega.<\/p>\n","protected":false},"excerpt":{"rendered":"<p>Llena tu espacio con el refrescante y jugoso aroma de la sand\u00eda con estos Gr\u00e1nulos Simmering Para\u00edso Tropical. Simplemente coloca una cucharada en tu quemador de aceite o calentador para liberar una explosi\u00f3n de fragancia veraniega.<\/p>\n","protected":false},"featured_media":393062,"comment_status":"closed","ping_status":"open","template":"","meta":{"_angie_page":false},"product_brand":[],"product_cat":[25844,16460,26849,16461,26500],"product_tag":[],"class_list":{"0":"post-224814","1":"product","2":"type-product","3":"status-publish","4":"has-post-thumbnail","6":"product_cat-aromas","7":"product_cat-aromaterapia-y-fragancias-para-hogar","8":"product_cat-frutal","9":"product_cat-granulos-aromaticos-perfumados","10":"product_cat-sandia","11":"pa_collection-tropical-paradise-simmering-granules-es","12":"pa_made-in-reino-unido","14":"first","15":"instock","16":"purchasable","17":"product-type-simple"},"supplier_id":null,"supplier_sku":"TPSG-01","barcode":null,"atum_controlled":true,"out_stock_date":null,"out_stock_threshold":null,"inheritable":false,"inbound_stock":null,"stock_on_hold":0,"sold_today":0,"sales_last_days":0,"reserved_stock":null,"customer_returns":null,"warehouse_damage":null,"lost_in_post":null,"other_logs":null,"out_stock_days":0,"lost_sales":0,"has_location":null,"update_date":"2026-05-02T10:45:55","atum_locations":[],"atum_stock_status":"instock","restock_status":false,"low_stock_amount":"","sales_update_date":"2025-09-03T00:21:53","calc_backorders":null,"_links":{"self":[{"href":"https:\/\/aromasentia.com\/es\/wp-json\/wp\/v2\/product\/224814","targetHints":{"allow":["GET"]}}],"collection":[{"href":"https:\/\/aromasentia.com\/es\/wp-json\/wp\/v2\/product"}],"about":[{"href":"https:\/\/aromasentia.com\/es\/wp-json\/wp\/v2\/types\/product"}],"replies":[{"embeddable":true,"href":"https:\/\/aromasentia.com\/es\/wp-json\/wp\/v2\/comments?post=224814"}],"version-history":[{"count":0,"href":"https:\/\/aromasentia.com\/es\/wp-json\/wp\/v2\/product\/224814\/revisions"}],"wp:featuredmedia":[{"embeddable":true,"href":"https:\/\/aromasentia.com\/es\/wp-json\/wp\/v2\/media\/393062"}],"wp:attachment":[{"href":"https:\/\/aromasentia.com\/es\/wp-json\/wp\/v2\/media?parent=224814"}],"wp:term":[{"taxonomy":"product_brand","embeddable":true,"href":"https:\/\/aromasentia.com\/es\/wp-json\/wp\/v2\/product_brand?post=224814"},{"taxonomy":"product_cat","embeddable":true,"href":"https:\/\/aromasentia.com\/es\/wp-json\/wp\/v2\/product_cat?post=224814"},{"taxonomy":"product_tag","embeddable":true,"href":"https:\/\/aromasentia.com\/es\/wp-json\/wp\/v2\/product_tag?post=224814"}],"curies":[{"name":"wp","href":"https:\/\/api.w.org\/{rel}","templated":true}]}}