{"id":224730,"date":"2025-03-22T16:59:25","date_gmt":"2025-03-22T16:59:25","guid":{"rendered":"https:\/\/aromasentia.com\/product\/summer-room-spray-sun-kissed-cherry-100ml\/"},"modified":"2025-12-30T21:17:35","modified_gmt":"2025-12-30T21:17:35","slug":"spray-ambientador-de-verano-cereza-besada-por-el-sol-100ml","status":"publish","type":"product","link":"https:\/\/aromasentia.com\/es\/spray-ambientador-de-verano-cereza-besada-por-el-sol-100ml\/","title":{"rendered":"Spray Ambientador de Verano  &#8211; Cereza Besada por el Sol 100ml"},"content":{"rendered":"<p>Perfil arom\u00e1tico: comienza con las vibrantes y dulces notas de cereza, pasa a una armoniosa mezcla de aromas florales y c\u00edtricos con linalol y citronelol, y se asienta en una base c\u00e1lida y cremosa de vainillina y cumarina.&nbsp;<\/p>\n","protected":false},"excerpt":{"rendered":"<p>Perfil arom\u00e1tico: comienza con las vibrantes y dulces notas de cereza, pasa a una armoniosa mezcla de aromas florales y c\u00edtricos con linalol y citronelol, y se asienta en una base c\u00e1lida y cremosa de vainillina y cumarina.&nbsp;<\/p>\n","protected":false},"featured_media":392553,"comment_status":"closed","ping_status":"open","template":"","meta":[],"product_brand":[],"product_cat":[16638,16460],"product_tag":[],"class_list":{"0":"post-224730","1":"product","2":"type-product","3":"status-publish","4":"has-post-thumbnail","6":"product_cat-ambientadores-en-spray","7":"product_cat-aromaterapia-y-fragancias-para-hogar","8":"pa_collection-summer-room-sprays-es","9":"pa_made-in-reino-unido","10":"pa_size-100ml","12":"first","13":"instock","14":"purchasable","15":"product-type-simple"},"supplier_id":null,"supplier_sku":"SRS-03","barcode":null,"atum_controlled":true,"out_stock_date":null,"out_stock_threshold":null,"inheritable":false,"inbound_stock":null,"stock_on_hold":0,"sold_today":0,"sales_last_days":0,"reserved_stock":null,"customer_returns":null,"warehouse_damage":null,"lost_in_post":null,"other_logs":null,"out_stock_days":0,"lost_sales":0,"has_location":null,"update_date":"2026-02-05T22:29:32","atum_locations":[],"atum_stock_status":"instock","restock_status":false,"low_stock_amount":"","sales_update_date":"2025-09-03T00:21:48","calc_backorders":null,"_links":{"self":[{"href":"https:\/\/aromasentia.com\/es\/wp-json\/wp\/v2\/product\/224730","targetHints":{"allow":["GET"]}}],"collection":[{"href":"https:\/\/aromasentia.com\/es\/wp-json\/wp\/v2\/product"}],"about":[{"href":"https:\/\/aromasentia.com\/es\/wp-json\/wp\/v2\/types\/product"}],"replies":[{"embeddable":true,"href":"https:\/\/aromasentia.com\/es\/wp-json\/wp\/v2\/comments?post=224730"}],"version-history":[{"count":0,"href":"https:\/\/aromasentia.com\/es\/wp-json\/wp\/v2\/product\/224730\/revisions"}],"wp:featuredmedia":[{"embeddable":true,"href":"https:\/\/aromasentia.com\/es\/wp-json\/wp\/v2\/media\/392553"}],"wp:attachment":[{"href":"https:\/\/aromasentia.com\/es\/wp-json\/wp\/v2\/media?parent=224730"}],"wp:term":[{"taxonomy":"product_brand","embeddable":true,"href":"https:\/\/aromasentia.com\/es\/wp-json\/wp\/v2\/product_brand?post=224730"},{"taxonomy":"product_cat","embeddable":true,"href":"https:\/\/aromasentia.com\/es\/wp-json\/wp\/v2\/product_cat?post=224730"},{"taxonomy":"product_tag","embeddable":true,"href":"https:\/\/aromasentia.com\/es\/wp-json\/wp\/v2\/product_tag?post=224730"}],"curies":[{"name":"wp","href":"https:\/\/api.w.org\/{rel}","templated":true}]}}