{"id":224718,"date":"2025-03-22T16:59:25","date_gmt":"2025-03-22T16:59:25","guid":{"rendered":"https:\/\/aromasentia.com\/product\/summer-room-spray-fresh-vetiver-100ml\/"},"modified":"2025-12-30T21:17:35","modified_gmt":"2025-12-30T21:17:35","slug":"spray-ambientador-de-verano-vetiver-fresco-100ml","status":"publish","type":"product","link":"https:\/\/aromasentia.com\/es\/spray-ambientador-de-verano-vetiver-fresco-100ml\/","title":{"rendered":"Spray Ambientador de Verano &#8211; Vetiver Fresco 100ml"},"content":{"rendered":"<p>Perfil arom\u00e1tico: cuenta con varias capas que comienza con notas brillantes y \u00e1cidas de pomelo, aceite de c\u00e1scara de Citrus aurantium y limoneno, pasa a un coraz\u00f3n profundo y terroso de vetiver y madera de cedro, y se asienta en una base rica y compleja de pachul\u00ed.&nbsp;<\/p>\n<p>Fragancia refrescante, c\u00edtrica y terrosa<\/p>\n","protected":false},"excerpt":{"rendered":"<p>Perfil arom\u00e1tico: cuenta con varias capas que comienza con notas brillantes y \u00e1cidas de pomelo, aceite de c\u00e1scara de Citrus aurantium y limoneno, pasa a un coraz\u00f3n profundo y terroso de vetiver y madera de cedro, y se asienta en una base rica y compleja de pachul\u00ed.&nbsp; Fragancia refrescante, c\u00edtrica y terrosa<\/p>\n","protected":false},"featured_media":392502,"comment_status":"closed","ping_status":"open","template":"","meta":[],"product_brand":[],"product_cat":[16638,16460],"product_tag":[],"class_list":{"0":"post-224718","1":"product","2":"type-product","3":"status-publish","4":"has-post-thumbnail","6":"product_cat-ambientadores-en-spray","7":"product_cat-aromaterapia-y-fragancias-para-hogar","8":"pa_collection-summer-room-sprays-es","9":"pa_made-in-reino-unido","10":"pa_size-100ml","12":"first","13":"instock","14":"purchasable","15":"product-type-simple"},"supplier_id":null,"supplier_sku":"SRS-06","barcode":null,"atum_controlled":true,"out_stock_date":null,"out_stock_threshold":null,"inheritable":false,"inbound_stock":null,"stock_on_hold":0,"sold_today":0,"sales_last_days":0,"reserved_stock":null,"customer_returns":null,"warehouse_damage":null,"lost_in_post":null,"other_logs":null,"out_stock_days":0,"lost_sales":0,"has_location":null,"update_date":"2026-01-29T22:40:03","atum_locations":[],"atum_stock_status":"instock","restock_status":false,"low_stock_amount":"","sales_update_date":"2025-09-03T00:21:47","calc_backorders":null,"_links":{"self":[{"href":"https:\/\/aromasentia.com\/es\/wp-json\/wp\/v2\/product\/224718","targetHints":{"allow":["GET"]}}],"collection":[{"href":"https:\/\/aromasentia.com\/es\/wp-json\/wp\/v2\/product"}],"about":[{"href":"https:\/\/aromasentia.com\/es\/wp-json\/wp\/v2\/types\/product"}],"replies":[{"embeddable":true,"href":"https:\/\/aromasentia.com\/es\/wp-json\/wp\/v2\/comments?post=224718"}],"version-history":[{"count":0,"href":"https:\/\/aromasentia.com\/es\/wp-json\/wp\/v2\/product\/224718\/revisions"}],"wp:featuredmedia":[{"embeddable":true,"href":"https:\/\/aromasentia.com\/es\/wp-json\/wp\/v2\/media\/392502"}],"wp:attachment":[{"href":"https:\/\/aromasentia.com\/es\/wp-json\/wp\/v2\/media?parent=224718"}],"wp:term":[{"taxonomy":"product_brand","embeddable":true,"href":"https:\/\/aromasentia.com\/es\/wp-json\/wp\/v2\/product_brand?post=224718"},{"taxonomy":"product_cat","embeddable":true,"href":"https:\/\/aromasentia.com\/es\/wp-json\/wp\/v2\/product_cat?post=224718"},{"taxonomy":"product_tag","embeddable":true,"href":"https:\/\/aromasentia.com\/es\/wp-json\/wp\/v2\/product_tag?post=224718"}],"curies":[{"name":"wp","href":"https:\/\/api.w.org\/{rel}","templated":true}]}}