{"id":224646,"date":"2025-03-22T16:59:25","date_gmt":"2025-03-22T16:59:25","guid":{"rendered":"https:\/\/aromasentia.com\/product\/plant-based-aroma-oil-citronella-lemon-grass\/"},"modified":"2025-12-30T21:17:19","modified_gmt":"2025-12-30T21:17:19","slug":"aceites-aromaticos-a-base-de-plantas-citronela-hierba-limon","status":"publish","type":"product","link":"https:\/\/aromasentia.com\/es\/aceites-aromaticos-a-base-de-plantas-citronela-hierba-limon\/","title":{"rendered":"Aceites Arom\u00e1ticos a Base de Plantas &#8211; Citronela Hierba lim\u00f3n"},"content":{"rendered":"<p>El aceite arom\u00e1tico de citronela y lim\u00f3n a base de plantas tiene un aroma fresco, c\u00edtrico y alimonado, con toques herb\u00e1ceos y ligeramente almizclados.<\/p>\n<p>Se cree que es edificante, refrescante y energizante<\/p>\n<p>Fabricado con ingredientes naturales a base de plantas y diluido en un portador de Dipropilenglicol.<\/p>\n<p>Utilice este aceite con quemadores de aceite o difusores de aroma.<\/p>\n","protected":false},"excerpt":{"rendered":"<p>El aceite arom\u00e1tico de citronela y lim\u00f3n a base de plantas tiene un aroma fresco, c\u00edtrico y alimonado, con toques herb\u00e1ceos y ligeramente almizclados. Se cree que es edificante, refrescante y energizante Fabricado con ingredientes naturales a base de plantas y diluido en un portador de Dipropilenglicol. Utilice este aceite con quemadores de aceite o [&hellip;]<\/p>\n","protected":false},"featured_media":392292,"comment_status":"closed","ping_status":"open","template":"","meta":{"_angie_page":false},"product_brand":[27144],"product_cat":[16474,25844,16460,26821,26137,26255],"product_tag":[],"class_list":{"0":"post-224646","1":"product","2":"type-product","3":"status-publish","4":"has-post-thumbnail","6":"product_brand-stamford","7":"product_cat-aceites-aromaticos","8":"product_cat-aromas","9":"product_cat-aromaterapia-y-fragancias-para-hogar","10":"product_cat-citrico","11":"product_cat-citronela","12":"product_cat-hierba-limon-lemongrass","13":"pa_collection-plant-based-fragrance-oils-es","14":"pa_made-in-india","15":"pa_size-10ml","17":"first","18":"instock","19":"purchasable","20":"product-type-simple"},"supplier_id":null,"supplier_sku":"SPBAO-09","barcode":null,"atum_controlled":true,"out_stock_date":null,"out_stock_threshold":null,"inheritable":false,"inbound_stock":null,"stock_on_hold":0,"sold_today":0,"sales_last_days":0,"reserved_stock":null,"customer_returns":null,"warehouse_damage":null,"lost_in_post":null,"other_logs":null,"out_stock_days":0,"lost_sales":0,"has_location":null,"update_date":"2026-04-27T07:22:17","atum_locations":[],"atum_stock_status":"instock","restock_status":false,"low_stock_amount":"","sales_update_date":"2025-09-03T00:21:43","calc_backorders":null,"_links":{"self":[{"href":"https:\/\/aromasentia.com\/es\/wp-json\/wp\/v2\/product\/224646","targetHints":{"allow":["GET"]}}],"collection":[{"href":"https:\/\/aromasentia.com\/es\/wp-json\/wp\/v2\/product"}],"about":[{"href":"https:\/\/aromasentia.com\/es\/wp-json\/wp\/v2\/types\/product"}],"replies":[{"embeddable":true,"href":"https:\/\/aromasentia.com\/es\/wp-json\/wp\/v2\/comments?post=224646"}],"version-history":[{"count":0,"href":"https:\/\/aromasentia.com\/es\/wp-json\/wp\/v2\/product\/224646\/revisions"}],"wp:featuredmedia":[{"embeddable":true,"href":"https:\/\/aromasentia.com\/es\/wp-json\/wp\/v2\/media\/392292"}],"wp:attachment":[{"href":"https:\/\/aromasentia.com\/es\/wp-json\/wp\/v2\/media?parent=224646"}],"wp:term":[{"taxonomy":"product_brand","embeddable":true,"href":"https:\/\/aromasentia.com\/es\/wp-json\/wp\/v2\/product_brand?post=224646"},{"taxonomy":"product_cat","embeddable":true,"href":"https:\/\/aromasentia.com\/es\/wp-json\/wp\/v2\/product_cat?post=224646"},{"taxonomy":"product_tag","embeddable":true,"href":"https:\/\/aromasentia.com\/es\/wp-json\/wp\/v2\/product_tag?post=224646"}],"curies":[{"name":"wp","href":"https:\/\/api.w.org\/{rel}","templated":true}]}}