{"id":224634,"date":"2025-03-22T16:59:25","date_gmt":"2025-03-22T16:59:25","guid":{"rendered":"https:\/\/aromasentia.com\/product\/plant-based-aroma-oil-sandalwood\/"},"modified":"2025-12-30T21:17:19","modified_gmt":"2025-12-30T21:17:19","slug":"aceites-aromaticos-a-base-de-plantas-sandalo","status":"publish","type":"product","link":"https:\/\/aromasentia.com\/es\/aceites-aromaticos-a-base-de-plantas-sandalo\/","title":{"rendered":"Aceites Arom\u00e1ticos a Base de Plantas &#8211; S\u00e1ndalo"},"content":{"rendered":"<p>El aceite arom\u00e1tico de s\u00e1ndalo a base de plantas es conocido por su aroma c\u00e1lido, amaderado y terroso, que se dice que es enraizante y relajante.<\/p>\n<p>Fabricado a partir de ingredientes naturales a base de plantas y diluido en un portador de dipropilenglicol.<\/p>\n<p>Utilice este aceite con quemadores de aceite o difusores de aroma. &nbsp; &nbsp;<\/p>\n<p>El aceite arom\u00e1tico de s\u00e1ndalo a base de plantas es conocido por su aroma c\u00e1lido, amaderado y terroso, que se dice que es enraizante y relajante.<\/p>\n","protected":false},"excerpt":{"rendered":"<p>El aceite arom\u00e1tico de s\u00e1ndalo a base de plantas es conocido por su aroma c\u00e1lido, amaderado y terroso, que se dice que es enraizante y relajante. Fabricado a partir de ingredientes naturales a base de plantas y diluido en un portador de dipropilenglicol. Utilice este aceite con quemadores de aceite o difusores de aroma. &nbsp; [&hellip;]<\/p>\n","protected":false},"featured_media":392257,"comment_status":"closed","ping_status":"open","template":"","meta":{"_angie_page":false},"product_brand":[27144],"product_cat":[16474,26898,25844,16460,26390],"product_tag":[],"class_list":{"0":"post-224634","1":"product","2":"type-product","3":"status-publish","4":"has-post-thumbnail","6":"product_brand-stamford","7":"product_cat-aceites-aromaticos","8":"product_cat-amaderado","9":"product_cat-aromas","10":"product_cat-aromaterapia-y-fragancias-para-hogar","11":"product_cat-sandalo","12":"pa_collection-plant-based-fragrance-oils-es","13":"pa_made-in-india","14":"pa_size-10ml","16":"first","17":"instock","18":"purchasable","19":"product-type-simple"},"supplier_id":null,"supplier_sku":"SPBAO-04","barcode":null,"atum_controlled":true,"out_stock_date":null,"out_stock_threshold":null,"inheritable":false,"inbound_stock":null,"stock_on_hold":0,"sold_today":0,"sales_last_days":0,"reserved_stock":null,"customer_returns":null,"warehouse_damage":null,"lost_in_post":null,"other_logs":null,"out_stock_days":0,"lost_sales":0,"has_location":null,"update_date":"2026-05-04T00:04:59","atum_locations":[],"atum_stock_status":"instock","restock_status":false,"low_stock_amount":"","sales_update_date":"2025-09-03T00:21:42","calc_backorders":null,"_links":{"self":[{"href":"https:\/\/aromasentia.com\/es\/wp-json\/wp\/v2\/product\/224634","targetHints":{"allow":["GET"]}}],"collection":[{"href":"https:\/\/aromasentia.com\/es\/wp-json\/wp\/v2\/product"}],"about":[{"href":"https:\/\/aromasentia.com\/es\/wp-json\/wp\/v2\/types\/product"}],"replies":[{"embeddable":true,"href":"https:\/\/aromasentia.com\/es\/wp-json\/wp\/v2\/comments?post=224634"}],"version-history":[{"count":0,"href":"https:\/\/aromasentia.com\/es\/wp-json\/wp\/v2\/product\/224634\/revisions"}],"wp:featuredmedia":[{"embeddable":true,"href":"https:\/\/aromasentia.com\/es\/wp-json\/wp\/v2\/media\/392257"}],"wp:attachment":[{"href":"https:\/\/aromasentia.com\/es\/wp-json\/wp\/v2\/media?parent=224634"}],"wp:term":[{"taxonomy":"product_brand","embeddable":true,"href":"https:\/\/aromasentia.com\/es\/wp-json\/wp\/v2\/product_brand?post=224634"},{"taxonomy":"product_cat","embeddable":true,"href":"https:\/\/aromasentia.com\/es\/wp-json\/wp\/v2\/product_cat?post=224634"},{"taxonomy":"product_tag","embeddable":true,"href":"https:\/\/aromasentia.com\/es\/wp-json\/wp\/v2\/product_tag?post=224634"}],"curies":[{"name":"wp","href":"https:\/\/api.w.org\/{rel}","templated":true}]}}