{"id":224626,"date":"2025-03-22T16:59:25","date_gmt":"2025-03-22T16:59:25","guid":{"rendered":"https:\/\/aromasentia.com\/product\/plant-based-aroma-oil-jasmine-tea\/"},"modified":"2025-12-30T21:17:19","modified_gmt":"2025-12-30T21:17:19","slug":"aromaticos-a-base-de-plantas-te-de-jazmin","status":"publish","type":"product","link":"https:\/\/aromasentia.com\/es\/aromaticos-a-base-de-plantas-te-de-jazmin\/","title":{"rendered":"Arom\u00e1ticos a Base de Plantas &#8211; T\u00e9 de Jazm\u00edn"},"content":{"rendered":"<p>El aceite arom\u00e1tico de t\u00e9 de jazm\u00edn tiene un aroma dulce y floral. Se cree que este aceite favorece la relajaci\u00f3n y reduce el estr\u00e9s. Tambi\u00e9n se utiliza para mejorar el estado de \u00e1nimo y el bienestar emocional.<\/p>\n<p>Fabricado a partir de ingredientes naturales de origen vegetal y diluido en un soporte de dipropilenglicol.<\/p>\n<p>Utilice este aceite con quemadores de aceite o difusores de aroma.<\/p>\n","protected":false},"excerpt":{"rendered":"<p>El aceite arom\u00e1tico de t\u00e9 de jazm\u00edn tiene un aroma dulce y floral. Se cree que este aceite favorece la relajaci\u00f3n y reduce el estr\u00e9s. Tambi\u00e9n se utiliza para mejorar el estado de \u00e1nimo y el bienestar emocional. Fabricado a partir de ingredientes naturales de origen vegetal y diluido en un soporte de dipropilenglicol. Utilice [&hellip;]<\/p>\n","protected":false},"featured_media":392239,"comment_status":"closed","ping_status":"open","template":"","meta":[],"product_brand":[27144],"product_cat":[16474,25844,16460,26835,26223],"product_tag":[],"class_list":{"0":"post-224626","1":"product","2":"type-product","3":"status-publish","4":"has-post-thumbnail","6":"product_brand-stamford","7":"product_cat-aceites-aromaticos","8":"product_cat-aromas","9":"product_cat-aromaterapia-y-fragancias-para-hogar","10":"product_cat-floral","11":"product_cat-jazmin","12":"pa_collection-plant-based-fragrance-oils-es","13":"pa_made-in-india","14":"pa_size-10ml","16":"first","17":"instock","18":"purchasable","19":"product-type-simple"},"supplier_id":null,"supplier_sku":"SPBAO-02","barcode":null,"atum_controlled":true,"out_stock_date":null,"out_stock_threshold":null,"inheritable":false,"inbound_stock":null,"stock_on_hold":0,"sold_today":0,"sales_last_days":0,"reserved_stock":null,"customer_returns":null,"warehouse_damage":null,"lost_in_post":null,"other_logs":null,"out_stock_days":0,"lost_sales":0,"has_location":null,"update_date":"2026-02-03T11:30:01","atum_locations":[],"atum_stock_status":"instock","restock_status":false,"low_stock_amount":"","sales_update_date":"2025-09-03T00:21:41","calc_backorders":null,"_links":{"self":[{"href":"https:\/\/aromasentia.com\/es\/wp-json\/wp\/v2\/product\/224626","targetHints":{"allow":["GET"]}}],"collection":[{"href":"https:\/\/aromasentia.com\/es\/wp-json\/wp\/v2\/product"}],"about":[{"href":"https:\/\/aromasentia.com\/es\/wp-json\/wp\/v2\/types\/product"}],"replies":[{"embeddable":true,"href":"https:\/\/aromasentia.com\/es\/wp-json\/wp\/v2\/comments?post=224626"}],"version-history":[{"count":0,"href":"https:\/\/aromasentia.com\/es\/wp-json\/wp\/v2\/product\/224626\/revisions"}],"wp:featuredmedia":[{"embeddable":true,"href":"https:\/\/aromasentia.com\/es\/wp-json\/wp\/v2\/media\/392239"}],"wp:attachment":[{"href":"https:\/\/aromasentia.com\/es\/wp-json\/wp\/v2\/media?parent=224626"}],"wp:term":[{"taxonomy":"product_brand","embeddable":true,"href":"https:\/\/aromasentia.com\/es\/wp-json\/wp\/v2\/product_brand?post=224626"},{"taxonomy":"product_cat","embeddable":true,"href":"https:\/\/aromasentia.com\/es\/wp-json\/wp\/v2\/product_cat?post=224626"},{"taxonomy":"product_tag","embeddable":true,"href":"https:\/\/aromasentia.com\/es\/wp-json\/wp\/v2\/product_tag?post=224626"}],"curies":[{"name":"wp","href":"https:\/\/api.w.org\/{rel}","templated":true}]}}