{"id":224622,"date":"2025-03-22T16:59:25","date_gmt":"2025-03-22T16:59:25","guid":{"rendered":"https:\/\/aromasentia.com\/product\/plant-based-aroma-oil-californian-white-sage\/"},"modified":"2025-12-30T21:17:11","modified_gmt":"2025-12-30T21:17:11","slug":"aceites-aromaticos-a-base-de-plantas-salvia-blanca-californiana","status":"publish","type":"product","link":"https:\/\/aromasentia.com\/es\/aceites-aromaticos-a-base-de-plantas-salvia-blanca-californiana\/","title":{"rendered":"Aceites Arom\u00e1ticos a Base de Plantas &#8211; Salvia Blanca Californiana"},"content":{"rendered":"<p>La salvia blanca de California es conocida por su fuerte y arom\u00e1tico olor.<\/p>\n<p>Se cree que tiene una serie de propiedades terap\u00e9uticas, incluyendo la promoci\u00f3n de la relajaci\u00f3n, la reducci\u00f3n del estr\u00e9s y la mejora del estado de \u00e1nimo.<\/p>\n<p>Fabricado a partir de ingredientes naturales de origen vegetal y diluido en un portador de Dipropilenglicol.<\/p>\n<p>Utilice este aceite con quemadores de aceite o difusores de aroma.<\/p>\n","protected":false},"excerpt":{"rendered":"<p>La salvia blanca de California es conocida por su fuerte y arom\u00e1tico olor. Se cree que tiene una serie de propiedades terap\u00e9uticas, incluyendo la promoci\u00f3n de la relajaci\u00f3n, la reducci\u00f3n del estr\u00e9s y la mejora del estado de \u00e1nimo. Fabricado a partir de ingredientes naturales de origen vegetal y diluido en un portador de Dipropilenglicol. [&hellip;]<\/p>\n","protected":false},"featured_media":392230,"comment_status":"closed","ping_status":"open","template":"","meta":[],"product_brand":[27144],"product_cat":[16474,25844,16460,26863,26501],"product_tag":[],"class_list":{"0":"post-224622","1":"product","2":"type-product","3":"status-publish","4":"has-post-thumbnail","6":"product_brand-stamford","7":"product_cat-aceites-aromaticos","8":"product_cat-aromas","9":"product_cat-aromaterapia-y-fragancias-para-hogar","10":"product_cat-herbal-aromatico","11":"product_cat-salvia-blanca","12":"pa_collection-plant-based-fragrance-oils-es","13":"pa_made-in-india","14":"pa_size-10ml","16":"first","17":"outofstock","18":"purchasable","19":"product-type-simple"},"supplier_id":null,"supplier_sku":"SPBAO-01","barcode":null,"atum_controlled":true,"out_stock_date":"2025-11-13 11:32:18","out_stock_threshold":null,"inheritable":false,"inbound_stock":null,"stock_on_hold":0,"sold_today":0,"sales_last_days":0,"reserved_stock":null,"customer_returns":null,"warehouse_damage":null,"lost_in_post":null,"other_logs":null,"out_stock_days":84,"lost_sales":0,"has_location":null,"update_date":"2026-02-06T00:01:06","atum_locations":[],"atum_stock_status":"outofstock","restock_status":false,"low_stock_amount":"","sales_update_date":"2026-02-06T00:01:06","calc_backorders":null,"_links":{"self":[{"href":"https:\/\/aromasentia.com\/es\/wp-json\/wp\/v2\/product\/224622","targetHints":{"allow":["GET"]}}],"collection":[{"href":"https:\/\/aromasentia.com\/es\/wp-json\/wp\/v2\/product"}],"about":[{"href":"https:\/\/aromasentia.com\/es\/wp-json\/wp\/v2\/types\/product"}],"replies":[{"embeddable":true,"href":"https:\/\/aromasentia.com\/es\/wp-json\/wp\/v2\/comments?post=224622"}],"version-history":[{"count":0,"href":"https:\/\/aromasentia.com\/es\/wp-json\/wp\/v2\/product\/224622\/revisions"}],"wp:featuredmedia":[{"embeddable":true,"href":"https:\/\/aromasentia.com\/es\/wp-json\/wp\/v2\/media\/392230"}],"wp:attachment":[{"href":"https:\/\/aromasentia.com\/es\/wp-json\/wp\/v2\/media?parent=224622"}],"wp:term":[{"taxonomy":"product_brand","embeddable":true,"href":"https:\/\/aromasentia.com\/es\/wp-json\/wp\/v2\/product_brand?post=224622"},{"taxonomy":"product_cat","embeddable":true,"href":"https:\/\/aromasentia.com\/es\/wp-json\/wp\/v2\/product_cat?post=224622"},{"taxonomy":"product_tag","embeddable":true,"href":"https:\/\/aromasentia.com\/es\/wp-json\/wp\/v2\/product_tag?post=224622"}],"curies":[{"name":"wp","href":"https:\/\/api.w.org\/{rel}","templated":true}]}}