{"id":224578,"date":"2025-03-22T16:59:25","date_gmt":"2025-03-22T16:59:25","guid":{"rendered":"https:\/\/aromasentia.com\/product\/natural-reed-diffuser-sticks-25cm-x-3mm-2-5kg\/"},"modified":"2025-12-30T21:17:03","modified_gmt":"2025-12-30T21:17:03","slug":"natural-reed-diffuser-sticks-25cm-x-3mm-2-5kg","status":"publish","type":"product","link":"https:\/\/aromasentia.com\/es\/natural-reed-diffuser-sticks-25cm-x-3mm-2-5kg\/","title":{"rendered":"Natural Reed Diffuser Sticks -25cm x 3mm &#8211; 2.5kg"},"content":{"rendered":"<p>Para las necesidades de fragancias a granel, este paquete de 2,5 kg de varillas difusoras de juncos naturales es ideal. Con unas medidas de 25 cm x 3 mm, estas varillas de rat\u00e1n de alta calidad har\u00e1n que tus difusores funcionen de forma eficaz, garantizando una liberaci\u00f3n continua y natural de las fragancias que elijas.<\/p>\n","protected":false},"excerpt":{"rendered":"<p>Para las necesidades de fragancias a granel, este paquete de 2,5 kg de varillas difusoras de juncos naturales es ideal. Con unas medidas de 25 cm x 3 mm, estas varillas de rat\u00e1n de alta calidad har\u00e1n que tus difusores funcionen de forma eficaz, garantizando una liberaci\u00f3n continua y natural de las fragancias que elijas.<\/p>\n","protected":false},"featured_media":391779,"comment_status":"closed","ping_status":"open","template":"","meta":{"_angie_page":false},"product_brand":[],"product_cat":[16460,16546],"product_tag":[],"class_list":{"0":"post-224578","1":"product","2":"type-product","3":"status-publish","4":"has-post-thumbnail","6":"product_cat-aromaterapia-y-fragancias-para-hogar","7":"product_cat-botellas-y-accesorios","8":"pa_collection-bulk-reed-diffusers-sticks-es","9":"pa_made-in-indonesia","11":"first","12":"instock","13":"purchasable","14":"product-type-simple"},"supplier_id":null,"supplier_sku":"RReed-19","barcode":null,"atum_controlled":true,"out_stock_date":null,"out_stock_threshold":null,"inheritable":false,"inbound_stock":null,"stock_on_hold":0,"sold_today":0,"sales_last_days":0,"reserved_stock":null,"customer_returns":null,"warehouse_damage":null,"lost_in_post":null,"other_logs":null,"out_stock_days":0,"lost_sales":0,"has_location":null,"update_date":"2026-04-27T07:19:59","atum_locations":[],"atum_stock_status":"instock","restock_status":false,"low_stock_amount":"","sales_update_date":"2026-01-20T05:14:19","calc_backorders":null,"_links":{"self":[{"href":"https:\/\/aromasentia.com\/es\/wp-json\/wp\/v2\/product\/224578","targetHints":{"allow":["GET"]}}],"collection":[{"href":"https:\/\/aromasentia.com\/es\/wp-json\/wp\/v2\/product"}],"about":[{"href":"https:\/\/aromasentia.com\/es\/wp-json\/wp\/v2\/types\/product"}],"replies":[{"embeddable":true,"href":"https:\/\/aromasentia.com\/es\/wp-json\/wp\/v2\/comments?post=224578"}],"version-history":[{"count":0,"href":"https:\/\/aromasentia.com\/es\/wp-json\/wp\/v2\/product\/224578\/revisions"}],"wp:featuredmedia":[{"embeddable":true,"href":"https:\/\/aromasentia.com\/es\/wp-json\/wp\/v2\/media\/391779"}],"wp:attachment":[{"href":"https:\/\/aromasentia.com\/es\/wp-json\/wp\/v2\/media?parent=224578"}],"wp:term":[{"taxonomy":"product_brand","embeddable":true,"href":"https:\/\/aromasentia.com\/es\/wp-json\/wp\/v2\/product_brand?post=224578"},{"taxonomy":"product_cat","embeddable":true,"href":"https:\/\/aromasentia.com\/es\/wp-json\/wp\/v2\/product_cat?post=224578"},{"taxonomy":"product_tag","embeddable":true,"href":"https:\/\/aromasentia.com\/es\/wp-json\/wp\/v2\/product_tag?post=224578"}],"curies":[{"name":"wp","href":"https:\/\/api.w.org\/{rel}","templated":true}]}}