{"id":224566,"date":"2025-03-22T16:59:25","date_gmt":"2025-03-22T16:59:25","guid":{"rendered":"https:\/\/aromasentia.com\/product\/pack-of-2-5mm-indonesia-reed-diffuser-sticks-approx-100-sticks\/"},"modified":"2025-12-30T21:17:03","modified_gmt":"2025-12-30T21:17:03","slug":"paquete-de-varillas-difusoras-de-cana-indonesia-de-25-mm-aproximadamente-100-varillas","status":"publish","type":"product","link":"https:\/\/aromasentia.com\/es\/paquete-de-varillas-difusoras-de-cana-indonesia-de-25-mm-aproximadamente-100-varillas\/","title":{"rendered":"Paquete de varillas difusoras de ca\u00f1a Indonesia de 2,5 mm &#8211; Aproximadamente 100 varillas"},"content":{"rendered":"<p>Un difusor de varillas es una forma f\u00e1cil, eficaz y segura de difundir una fragancia continua por todo su entorno. Ideal para zonas sin velas como oficinas y dormitorios u hogares con ni\u00f1os peque\u00f1os.<\/p>\n<p>Muchos clientes nos piden ca\u00f1as de repuesto para sus difusores. Aqu\u00ed tenemos <strong>venta al por mayor de paquetes de ca\u00f1as ideales para fabricantes, o para reventa.&nbsp;<\/strong><\/p>\n<p>Las ca\u00f1as difusoras ayudan a que los aceites arom\u00e1ticos sean absorbidos hacia arriba a trav\u00e9s de las finas ca\u00f1as y liberen el aroma de forma natural.<br style=\"color: rgb(114, 114, 114); font-family: Ubuntu, sans-serif; font-size: 16px; font-style: normal; font-variant-ligatures: normal; font-variant-caps: normal; font-weight: 400; letter-spacing: normal; orphans: 2; text-align: start; text-indent: 0px; text-transform: none; white-space: normal; widows: 2; word-spacing: 0px; -webkit-text-stroke-width: 0px; background-color: rgb(255, 255, 255); text-decoration-thickness: initial; text-decoration-style: initial; text-decoration-color: initial;\">Los difusores de ca\u00f1as son un regalo muy popular y una gran alternativa a los quemadores de aceite. Tambi\u00e9n te puede gustar <a href=\"https:\/\/aromasentia.com\/rdbot\"><strong>Venta al por mayor de Botellas Difusoras<\/strong><\/a><\/p>\n<p><strong><em>Las varillas miden 30,6 cm<\/em><\/strong><\/p>\n","protected":false},"excerpt":{"rendered":"<p>Un difusor de varillas es una forma f\u00e1cil, eficaz y segura de difundir una fragancia continua por todo su entorno. Ideal para zonas sin velas como oficinas y dormitorios u hogares con ni\u00f1os peque\u00f1os. Muchos clientes nos piden ca\u00f1as de repuesto para sus difusores. Aqu\u00ed tenemos venta al por mayor de paquetes de ca\u00f1as ideales [&hellip;]<\/p>\n","protected":false},"featured_media":391712,"comment_status":"closed","ping_status":"open","template":"","meta":{"_angie_page":false},"product_brand":[],"product_cat":[16460,16546],"product_tag":[],"class_list":{"0":"post-224566","1":"product","2":"type-product","3":"status-publish","4":"has-post-thumbnail","6":"product_cat-aromaterapia-y-fragancias-para-hogar","7":"product_cat-botellas-y-accesorios","8":"pa_collection-bulk-reed-diffusers-sticks-es","9":"pa_made-in-indonesia","11":"first","12":"instock","13":"purchasable","14":"product-type-simple"},"supplier_id":null,"supplier_sku":"Rreed-15","barcode":null,"atum_controlled":true,"out_stock_date":null,"out_stock_threshold":null,"inheritable":false,"inbound_stock":null,"stock_on_hold":0,"sold_today":0,"sales_last_days":0,"reserved_stock":null,"customer_returns":null,"warehouse_damage":null,"lost_in_post":null,"other_logs":null,"out_stock_days":0,"lost_sales":0,"has_location":null,"update_date":"2026-04-27T07:19:59","atum_locations":[],"atum_stock_status":"instock","restock_status":false,"low_stock_amount":"","sales_update_date":"2026-01-30T01:24:55","calc_backorders":null,"_links":{"self":[{"href":"https:\/\/aromasentia.com\/es\/wp-json\/wp\/v2\/product\/224566","targetHints":{"allow":["GET"]}}],"collection":[{"href":"https:\/\/aromasentia.com\/es\/wp-json\/wp\/v2\/product"}],"about":[{"href":"https:\/\/aromasentia.com\/es\/wp-json\/wp\/v2\/types\/product"}],"replies":[{"embeddable":true,"href":"https:\/\/aromasentia.com\/es\/wp-json\/wp\/v2\/comments?post=224566"}],"version-history":[{"count":0,"href":"https:\/\/aromasentia.com\/es\/wp-json\/wp\/v2\/product\/224566\/revisions"}],"wp:featuredmedia":[{"embeddable":true,"href":"https:\/\/aromasentia.com\/es\/wp-json\/wp\/v2\/media\/391712"}],"wp:attachment":[{"href":"https:\/\/aromasentia.com\/es\/wp-json\/wp\/v2\/media?parent=224566"}],"wp:term":[{"taxonomy":"product_brand","embeddable":true,"href":"https:\/\/aromasentia.com\/es\/wp-json\/wp\/v2\/product_brand?post=224566"},{"taxonomy":"product_cat","embeddable":true,"href":"https:\/\/aromasentia.com\/es\/wp-json\/wp\/v2\/product_cat?post=224566"},{"taxonomy":"product_tag","embeddable":true,"href":"https:\/\/aromasentia.com\/es\/wp-json\/wp\/v2\/product_tag?post=224566"}],"curies":[{"name":"wp","href":"https:\/\/api.w.org\/{rel}","templated":true}]}}