{"id":224562,"date":"2025-03-22T16:59:25","date_gmt":"2025-03-22T16:59:25","guid":{"rendered":"https:\/\/aromasentia.com\/product\/black-reed-diffuser-sticks-25cm-x-3mm-500gms\/"},"modified":"2025-06-28T22:19:37","modified_gmt":"2025-06-28T22:19:37","slug":"varillas-difusoras-de-cana-negra-25-cm-x-3-mm-500g","status":"publish","type":"product","link":"https:\/\/aromasentia.com\/es\/varillas-difusoras-de-cana-negra-25-cm-x-3-mm-500g\/","title":{"rendered":"Varillas difusoras de ca\u00f1a negra -25 cm x 3 mm &#8211; 500g"},"content":{"rendered":"<p><strong>Barritas Arom\u00e1ticas Negro,<\/strong> Los Difusores Carrizo son f\u00e1ciles de vender&#8230;Con un Barritas Arom\u00e1ticas, no se obtiene humo, cera goteando o la ansiedad de las velas encendidas por lo que los difusores carrizo son ideales para su uso alrededor de ni\u00f1os o animales.&nbsp;<\/p>\n<p>Aqu\u00ed tenemos para usted <strong>mayorista de 500g de Difusores de Carrizo de 3mm&nbsp;<\/strong>(aprox 500) que puede vender por paquete o para altos beneficios por barrita.<\/p>\n<p>Los difusores de ca\u00f1as son un regalo muy popular y una gran alternativa a los quemadores de aceite.<\/p>\n<p>Nota: Estas ca\u00f1as han sido coloreadas. Si utiliza su propio aceite por favor pruebe si el aceite disuelve el color.<\/p>\n<p>Gran valor que le permite tener suficiente margen de descuento para los pedidos m\u00e1s grandes. Un art\u00edculo esencial para su tienda de regalos al por menor, si usted vende difusores absolutamente debe considerar el almacenamiento de estos.<\/p>\n<p><strong>As\u00ed que agregue algunas ventas adicionales a su tienda y haga su pedido hoy.<span class=\"fr-emoticon fr-deletable fr-emoticon-img\" style=\"background: url(https:\/\/cdnjs.cloudflare.com\/ajax\/libs\/emojione\/2.0.1\/assets\/svg\/1f600.svg);\">&nbsp;<\/span>&nbsp;<\/strong><\/p>\n","protected":false},"excerpt":{"rendered":"<p>Barritas Arom\u00e1ticas Negro, Los Difusores Carrizo son f\u00e1ciles de vender&#8230;Con un Barritas Arom\u00e1ticas, no se obtiene humo, cera goteando o la ansiedad de las velas encendidas por lo que los difusores carrizo son ideales para su uso alrededor de ni\u00f1os o animales.&nbsp; Aqu\u00ed tenemos para usted mayorista de 500g de Difusores de Carrizo de 3mm&nbsp;(aprox [&hellip;]<\/p>\n","protected":false},"featured_media":391679,"comment_status":"closed","ping_status":"open","template":"","meta":{"_angie_page":false},"product_brand":[],"product_cat":[16460,16546],"product_tag":[],"class_list":{"0":"post-224562","1":"product","2":"type-product","3":"status-publish","4":"has-post-thumbnail","6":"product_cat-aromaterapia-y-fragancias-para-hogar","7":"product_cat-botellas-y-accesorios","8":"pa_collection-bulk-reed-diffusers-sticks-es","9":"pa_made-in-indonesia","10":"pa_size-500g","12":"first","13":"instock","14":"purchasable","15":"product-type-simple"},"supplier_id":null,"supplier_sku":"Rreed-07","barcode":null,"atum_controlled":true,"out_stock_date":null,"out_stock_threshold":null,"inheritable":false,"inbound_stock":null,"stock_on_hold":0,"sold_today":0,"sales_last_days":0,"reserved_stock":null,"customer_returns":null,"warehouse_damage":null,"lost_in_post":null,"other_logs":null,"out_stock_days":0,"lost_sales":0,"has_location":null,"update_date":"2026-04-27T07:19:52","atum_locations":[],"atum_stock_status":"instock","restock_status":false,"low_stock_amount":"","sales_update_date":"2025-09-03T00:14:29","calc_backorders":null,"_links":{"self":[{"href":"https:\/\/aromasentia.com\/es\/wp-json\/wp\/v2\/product\/224562","targetHints":{"allow":["GET"]}}],"collection":[{"href":"https:\/\/aromasentia.com\/es\/wp-json\/wp\/v2\/product"}],"about":[{"href":"https:\/\/aromasentia.com\/es\/wp-json\/wp\/v2\/types\/product"}],"replies":[{"embeddable":true,"href":"https:\/\/aromasentia.com\/es\/wp-json\/wp\/v2\/comments?post=224562"}],"version-history":[{"count":0,"href":"https:\/\/aromasentia.com\/es\/wp-json\/wp\/v2\/product\/224562\/revisions"}],"wp:featuredmedia":[{"embeddable":true,"href":"https:\/\/aromasentia.com\/es\/wp-json\/wp\/v2\/media\/391679"}],"wp:attachment":[{"href":"https:\/\/aromasentia.com\/es\/wp-json\/wp\/v2\/media?parent=224562"}],"wp:term":[{"taxonomy":"product_brand","embeddable":true,"href":"https:\/\/aromasentia.com\/es\/wp-json\/wp\/v2\/product_brand?post=224562"},{"taxonomy":"product_cat","embeddable":true,"href":"https:\/\/aromasentia.com\/es\/wp-json\/wp\/v2\/product_cat?post=224562"},{"taxonomy":"product_tag","embeddable":true,"href":"https:\/\/aromasentia.com\/es\/wp-json\/wp\/v2\/product_tag?post=224562"}],"curies":[{"name":"wp","href":"https:\/\/api.w.org\/{rel}","templated":true}]}}