{"id":224558,"date":"2025-03-22T16:59:25","date_gmt":"2025-03-22T16:59:25","guid":{"rendered":"https:\/\/aromasentia.com\/product\/pack-of-2mm-indonesia-reed-diffuser-sticks-approx-100-sticks\/"},"modified":"2025-12-30T21:17:03","modified_gmt":"2025-12-30T21:17:03","slug":"paquete-de-varillas-difusoras-de-cana-indonesia-de-2-mm-aproximadamente-100-varillas","status":"publish","type":"product","link":"https:\/\/aromasentia.com\/es\/paquete-de-varillas-difusoras-de-cana-indonesia-de-2-mm-aproximadamente-100-varillas\/","title":{"rendered":"Paquete de varillas difusoras de ca\u00f1a Indonesia de 2 mm &#8211; Aproximadamente 100 varillas"},"content":{"rendered":"<p>Los difusores de carrizo son f\u00e1ciles de vender&#8230;Con un difusor de carrizo no hay humo, ni goteo de cera ni la ansiedad de las velas encendidas, por lo que los difusores de carrizo son ideales para su uso cerca de ni\u00f1os o animales.<\/p>\n<p>Deja que los aceites arom\u00e1ticos se absorban a trav\u00e9s de los finos carrizos y liberen el aroma de forma natural.<\/p>\n<p>Los difusores de carrizo son un regalo muy popular y una gran alternativa a los quemadores de aceite.<\/p>\n<p>Los difusores de carrizo son un regalo muy popular y una gran alternativa a los quemadores de aceite.<\/p>\n","protected":false},"excerpt":{"rendered":"<p>Los difusores de carrizo son f\u00e1ciles de vender&#8230;Con un difusor de carrizo no hay humo, ni goteo de cera ni la ansiedad de las velas encendidas, por lo que los difusores de carrizo son ideales para su uso cerca de ni\u00f1os o animales. Deja que los aceites arom\u00e1ticos se absorban a trav\u00e9s de los finos [&hellip;]<\/p>\n","protected":false},"featured_media":391638,"comment_status":"closed","ping_status":"open","template":"","meta":{"_angie_page":false},"product_brand":[],"product_cat":[16460,16546],"product_tag":[],"class_list":{"0":"post-224558","1":"product","2":"type-product","3":"status-publish","4":"has-post-thumbnail","6":"product_cat-aromaterapia-y-fragancias-para-hogar","7":"product_cat-botellas-y-accesorios","8":"pa_collection-bulk-reed-diffusers-sticks-es","9":"pa_made-in-indonesia","11":"first","12":"outofstock","13":"purchasable","14":"product-type-simple"},"supplier_id":null,"supplier_sku":"Rreed-04","barcode":null,"atum_controlled":true,"out_stock_date":"2025-09-05 14:05:37","out_stock_threshold":null,"inheritable":false,"inbound_stock":null,"stock_on_hold":0,"sold_today":0,"sales_last_days":0,"reserved_stock":null,"customer_returns":null,"warehouse_damage":null,"lost_in_post":null,"other_logs":null,"out_stock_days":0,"lost_sales":0,"has_location":null,"update_date":"2026-04-27T07:19:52","atum_locations":[],"atum_stock_status":"outofstock","restock_status":false,"low_stock_amount":"","sales_update_date":"2025-09-03T00:21:37","calc_backorders":null,"_links":{"self":[{"href":"https:\/\/aromasentia.com\/es\/wp-json\/wp\/v2\/product\/224558","targetHints":{"allow":["GET"]}}],"collection":[{"href":"https:\/\/aromasentia.com\/es\/wp-json\/wp\/v2\/product"}],"about":[{"href":"https:\/\/aromasentia.com\/es\/wp-json\/wp\/v2\/types\/product"}],"replies":[{"embeddable":true,"href":"https:\/\/aromasentia.com\/es\/wp-json\/wp\/v2\/comments?post=224558"}],"version-history":[{"count":0,"href":"https:\/\/aromasentia.com\/es\/wp-json\/wp\/v2\/product\/224558\/revisions"}],"wp:featuredmedia":[{"embeddable":true,"href":"https:\/\/aromasentia.com\/es\/wp-json\/wp\/v2\/media\/391638"}],"wp:attachment":[{"href":"https:\/\/aromasentia.com\/es\/wp-json\/wp\/v2\/media?parent=224558"}],"wp:term":[{"taxonomy":"product_brand","embeddable":true,"href":"https:\/\/aromasentia.com\/es\/wp-json\/wp\/v2\/product_brand?post=224558"},{"taxonomy":"product_cat","embeddable":true,"href":"https:\/\/aromasentia.com\/es\/wp-json\/wp\/v2\/product_cat?post=224558"},{"taxonomy":"product_tag","embeddable":true,"href":"https:\/\/aromasentia.com\/es\/wp-json\/wp\/v2\/product_tag?post=224558"}],"curies":[{"name":"wp","href":"https:\/\/api.w.org\/{rel}","templated":true}]}}