{"id":224470,"date":"2025-03-22T16:59:25","date_gmt":"2025-03-22T16:59:25","guid":{"rendered":"https:\/\/aromasentia.com\/product\/200ml-peppermint-frankincense-essential-oil-reed-diffuser\/"},"modified":"2025-12-30T21:16:47","modified_gmt":"2025-12-30T21:16:47","slug":"difusor-de-varillas-con-aceites-esenciales-menta-y-incienso","status":"publish","type":"product","link":"https:\/\/aromasentia.com\/es\/difusor-de-varillas-con-aceites-esenciales-menta-y-incienso\/","title":{"rendered":"Difusor de Varillas con Aceites Esenciales &#8211; Menta y incienso"},"content":{"rendered":"<p style=\"text-align: justify;\">Los aceites puros de plantas, hierbas y \u00e1rboles se han utilizado durante miles de a\u00f1os para seducir, encantar y sanar. Ahora puede liberar la antigua magia y el poder de los aceites arom\u00e1ticos en su hogar.<\/p>\n<p style=\"text-align: justify;\"><\/p>\n<p style=\"text-align: justify;\">Este hermoso&nbsp;difusor de l\u00e1minas&nbsp;cl\u00e1sico contiene solo aceites esenciales naturales (en una base de aceite mineral) para encantar y deleitar a su familia y amigos.<\/p>\n<p style=\"text-align: justify;\"><\/p>\n<p style=\"text-align: justify;\">Lenta y delicadamente, el aroma se elevar\u00e1 a lo largo de los bastones y llenar\u00e1 cualquier habitaci\u00f3n con una fragancia deliciosa y verdaderamente arom\u00e1tica. El aroma puede durar hasta 12 semanas.<\/p>\n<p style=\"text-align: justify;\"><\/p>\n<p style=\"text-align: justify;\">Retire todo el embalaje antes de usar. Simplemente abra la tapa, retire el tap\u00f3n y coloque las varillas de rat\u00e1n indonesias en el cuello. Opcionalmente, una vez que las ca\u00f1as hayan absorbido el aceite, g\u00edrelas y vuelva a insertarlas en el frasco de vidrio con el extremo empapado en aceite expuesto para una liberaci\u00f3n m\u00e1s r\u00e1pida de la fragancia.<\/p>\n<p><\/p>\n<p><strong>\u00a1Esperamos que disfrutes tu aventura arom\u00e1tica!<\/strong><\/p>\n","protected":false},"excerpt":{"rendered":"<p>Los aceites puros de plantas, hierbas y \u00e1rboles se han utilizado durante miles de a\u00f1os para seducir, encantar y sanar. Ahora puede liberar la antigua magia y el poder de los aceites arom\u00e1ticos en su hogar. Este hermoso&nbsp;difusor de l\u00e1minas&nbsp;cl\u00e1sico contiene solo aceites esenciales naturales (en una base de aceite mineral) para encantar y deleitar [&hellip;]<\/p>\n","protected":false},"featured_media":390840,"comment_status":"closed","ping_status":"open","template":"","meta":[],"product_brand":[],"product_cat":[25844,16525,16524,26196,26339,26877,26884],"product_tag":[],"class_list":{"0":"post-224470","1":"product","2":"type-product","3":"status-publish","4":"has-post-thumbnail","6":"product_cat-aromas","7":"product_cat-barritas-aromaticas-mikado","8":"product_cat-difusores-de-aroma-y-barritas-aromaticas","9":"product_cat-jengibre","10":"product_cat-menta-piperita","11":"product_cat-mentolado","12":"product_cat-resinoso-balsamico","13":"pa_collection-pure-essential-oils-reed-diffusers-es","14":"pa_made-in-reino-unido","15":"pa_size-200ml","17":"first","18":"instock","19":"purchasable","20":"product-type-simple"},"supplier_id":null,"supplier_sku":"RDEO-12","barcode":null,"atum_controlled":true,"out_stock_date":null,"out_stock_threshold":null,"inheritable":false,"inbound_stock":null,"stock_on_hold":0,"sold_today":0,"sales_last_days":0,"reserved_stock":null,"customer_returns":null,"warehouse_damage":null,"lost_in_post":null,"other_logs":null,"out_stock_days":0,"lost_sales":0,"has_location":null,"update_date":"2026-02-09T02:22:43","atum_locations":[],"atum_stock_status":"instock","restock_status":false,"low_stock_amount":"","sales_update_date":"2026-01-30T01:26:32","calc_backorders":null,"_links":{"self":[{"href":"https:\/\/aromasentia.com\/es\/wp-json\/wp\/v2\/product\/224470","targetHints":{"allow":["GET"]}}],"collection":[{"href":"https:\/\/aromasentia.com\/es\/wp-json\/wp\/v2\/product"}],"about":[{"href":"https:\/\/aromasentia.com\/es\/wp-json\/wp\/v2\/types\/product"}],"replies":[{"embeddable":true,"href":"https:\/\/aromasentia.com\/es\/wp-json\/wp\/v2\/comments?post=224470"}],"version-history":[{"count":0,"href":"https:\/\/aromasentia.com\/es\/wp-json\/wp\/v2\/product\/224470\/revisions"}],"wp:featuredmedia":[{"embeddable":true,"href":"https:\/\/aromasentia.com\/es\/wp-json\/wp\/v2\/media\/390840"}],"wp:attachment":[{"href":"https:\/\/aromasentia.com\/es\/wp-json\/wp\/v2\/media?parent=224470"}],"wp:term":[{"taxonomy":"product_brand","embeddable":true,"href":"https:\/\/aromasentia.com\/es\/wp-json\/wp\/v2\/product_brand?post=224470"},{"taxonomy":"product_cat","embeddable":true,"href":"https:\/\/aromasentia.com\/es\/wp-json\/wp\/v2\/product_cat?post=224470"},{"taxonomy":"product_tag","embeddable":true,"href":"https:\/\/aromasentia.com\/es\/wp-json\/wp\/v2\/product_tag?post=224470"}],"curies":[{"name":"wp","href":"https:\/\/api.w.org\/{rel}","templated":true}]}}