{"id":224334,"date":"2025-03-22T16:59:35","date_gmt":"2025-03-22T16:59:35","guid":{"rendered":"https:\/\/aromasentia.com\/product\/10ml-pinacolada-fragrance-oil-10ml-unlabelled\/"},"modified":"2025-12-30T21:16:31","modified_gmt":"2025-12-30T21:16:31","slug":"aceite-de-fragancia-pinacolada-10ml-sin-etiquetar","status":"publish","type":"product","link":"https:\/\/aromasentia.com\/es\/aceite-de-fragancia-pinacolada-10ml-sin-etiquetar\/","title":{"rendered":"Aceite de Fragancia Pi\u00f1acolada 10ml &#8211; SIN ETIQUETAR"},"content":{"rendered":"<p>Transp\u00f3rtate a un para\u00edso tropical con este aceite con fragancia Pinacolada de 10 ml sin etiquetar. Ideal para usar en quemadores de aceite, difusores o para crear tus propios productos perfumados.<\/p>\n","protected":false},"excerpt":{"rendered":"<p>Transp\u00f3rtate a un para\u00edso tropical con este aceite con fragancia Pinacolada de 10 ml sin etiquetar. Ideal para usar en quemadores de aceite, difusores o para crear tus propios productos perfumados.<\/p>\n","protected":false},"featured_media":394493,"comment_status":"closed","ping_status":"open","template":"","meta":{"_angie_page":false},"product_brand":[],"product_cat":[16474,16460],"product_tag":[],"class_list":{"0":"post-224334","1":"product","2":"type-product","3":"status-publish","4":"has-post-thumbnail","6":"product_cat-aceites-aromaticos","7":"product_cat-aromaterapia-y-fragancias-para-hogar","8":"pa_collection-ancient-wisdom-fragrance-oils-unlabelled-es","9":"pa_made-in-reino-unido","10":"pa_size-10ml","12":"first","13":"instock","14":"purchasable","15":"product-type-simple"},"supplier_id":null,"supplier_sku":"ULFO-94","barcode":null,"atum_controlled":true,"out_stock_date":null,"out_stock_threshold":null,"inheritable":false,"inbound_stock":null,"stock_on_hold":0,"sold_today":0,"sales_last_days":0,"reserved_stock":null,"customer_returns":null,"warehouse_damage":null,"lost_in_post":null,"other_logs":null,"out_stock_days":0,"lost_sales":0,"has_location":null,"update_date":"2026-05-08T05:21:27","atum_locations":[],"atum_stock_status":"instock","restock_status":false,"low_stock_amount":"","sales_update_date":"2026-01-30T01:24:54","calc_backorders":null,"_links":{"self":[{"href":"https:\/\/aromasentia.com\/es\/wp-json\/wp\/v2\/product\/224334","targetHints":{"allow":["GET"]}}],"collection":[{"href":"https:\/\/aromasentia.com\/es\/wp-json\/wp\/v2\/product"}],"about":[{"href":"https:\/\/aromasentia.com\/es\/wp-json\/wp\/v2\/types\/product"}],"replies":[{"embeddable":true,"href":"https:\/\/aromasentia.com\/es\/wp-json\/wp\/v2\/comments?post=224334"}],"version-history":[{"count":0,"href":"https:\/\/aromasentia.com\/es\/wp-json\/wp\/v2\/product\/224334\/revisions"}],"wp:featuredmedia":[{"embeddable":true,"href":"https:\/\/aromasentia.com\/es\/wp-json\/wp\/v2\/media\/394493"}],"wp:attachment":[{"href":"https:\/\/aromasentia.com\/es\/wp-json\/wp\/v2\/media?parent=224334"}],"wp:term":[{"taxonomy":"product_brand","embeddable":true,"href":"https:\/\/aromasentia.com\/es\/wp-json\/wp\/v2\/product_brand?post=224334"},{"taxonomy":"product_cat","embeddable":true,"href":"https:\/\/aromasentia.com\/es\/wp-json\/wp\/v2\/product_cat?post=224334"},{"taxonomy":"product_tag","embeddable":true,"href":"https:\/\/aromasentia.com\/es\/wp-json\/wp\/v2\/product_tag?post=224334"}],"curies":[{"name":"wp","href":"https:\/\/api.w.org\/{rel}","templated":true}]}}