{"id":224054,"date":"2025-03-22T16:59:35","date_gmt":"2025-03-22T16:59:35","guid":{"rendered":"https:\/\/aromasentia.com\/product\/tropical-paradise-simmering-granules-banana\/"},"modified":"2025-12-30T21:15:36","modified_gmt":"2025-12-30T21:15:36","slug":"granulos-aromaticos-paraiso-tropical-platano","status":"publish","type":"product","link":"https:\/\/aromasentia.com\/es\/granulos-aromaticos-paraiso-tropical-platano\/","title":{"rendered":"Granulos Arom\u00e1ticos Para\u00edso tropical &#8211; Platano"},"content":{"rendered":"<p>Llena tu espacio con el dulce y reconfortante aroma del Pl\u00e1tano con estos Gr\u00e1nulos para Hervir a Fuego Lento Para\u00edso Tropical. Simplemente a\u00f1ade una cucharada a tu quemador de aceite o calentador para disfrutar de una c\u00e1lida y acogedora fragancia afrutada.<\/p>\n","protected":false},"excerpt":{"rendered":"<p>Llena tu espacio con el dulce y reconfortante aroma del Pl\u00e1tano con estos Gr\u00e1nulos para Hervir a Fuego Lento Para\u00edso Tropical. Simplemente a\u00f1ade una cucharada a tu quemador de aceite o calentador para disfrutar de una c\u00e1lida y acogedora fragancia afrutada.<\/p>\n","protected":false},"featured_media":393295,"comment_status":"closed","ping_status":"open","template":"","meta":[],"product_brand":[],"product_cat":[25844,16460,26849,16461,26569],"product_tag":[],"class_list":{"0":"post-224054","1":"product","2":"type-product","3":"status-publish","4":"has-post-thumbnail","6":"product_cat-aromas","7":"product_cat-aromaterapia-y-fragancias-para-hogar","8":"product_cat-frutal","9":"product_cat-granulos-aromaticos-perfumados","10":"product_cat-platano","11":"pa_collection-tropical-paradise-simmering-granules-es","12":"pa_made-in-reino-unido","14":"first","15":"instock","16":"purchasable","17":"product-type-simple"},"supplier_id":null,"supplier_sku":"TPSG-10","barcode":null,"atum_controlled":true,"out_stock_date":null,"out_stock_threshold":null,"inheritable":false,"inbound_stock":null,"stock_on_hold":0,"sold_today":0,"sales_last_days":0,"reserved_stock":null,"customer_returns":null,"warehouse_damage":null,"lost_in_post":null,"other_logs":null,"out_stock_days":0,"lost_sales":0,"has_location":null,"update_date":"2026-02-05T22:33:11","atum_locations":[],"atum_stock_status":"instock","restock_status":false,"low_stock_amount":"","sales_update_date":"2026-01-20T05:13:04","calc_backorders":null,"_links":{"self":[{"href":"https:\/\/aromasentia.com\/es\/wp-json\/wp\/v2\/product\/224054","targetHints":{"allow":["GET"]}}],"collection":[{"href":"https:\/\/aromasentia.com\/es\/wp-json\/wp\/v2\/product"}],"about":[{"href":"https:\/\/aromasentia.com\/es\/wp-json\/wp\/v2\/types\/product"}],"replies":[{"embeddable":true,"href":"https:\/\/aromasentia.com\/es\/wp-json\/wp\/v2\/comments?post=224054"}],"version-history":[{"count":0,"href":"https:\/\/aromasentia.com\/es\/wp-json\/wp\/v2\/product\/224054\/revisions"}],"wp:featuredmedia":[{"embeddable":true,"href":"https:\/\/aromasentia.com\/es\/wp-json\/wp\/v2\/media\/393295"}],"wp:attachment":[{"href":"https:\/\/aromasentia.com\/es\/wp-json\/wp\/v2\/media?parent=224054"}],"wp:term":[{"taxonomy":"product_brand","embeddable":true,"href":"https:\/\/aromasentia.com\/es\/wp-json\/wp\/v2\/product_brand?post=224054"},{"taxonomy":"product_cat","embeddable":true,"href":"https:\/\/aromasentia.com\/es\/wp-json\/wp\/v2\/product_cat?post=224054"},{"taxonomy":"product_tag","embeddable":true,"href":"https:\/\/aromasentia.com\/es\/wp-json\/wp\/v2\/product_tag?post=224054"}],"curies":[{"name":"wp","href":"https:\/\/api.w.org\/{rel}","templated":true}]}}