{"id":223938,"date":"2025-03-23T10:29:29","date_gmt":"2025-03-23T10:29:29","guid":{"rendered":"https:\/\/aromasentia.com\/product\/benzoin-resin-250g\/"},"modified":"2025-06-28T22:19:20","modified_gmt":"2025-06-28T22:19:20","slug":"benjui-resina-250g","status":"publish","type":"product","link":"https:\/\/aromasentia.com\/es\/benjui-resina-250g\/","title":{"rendered":"Benju\u00ed Resina &#8211; 250g"},"content":{"rendered":"<p><strong>Resina de Benju\u00ed al por mayor a granel<\/strong> se obtiene de troncos cortados de \u00e1rboles del g\u00e9nero styrax, que crecen en Asia oriental y la India.<\/p>\n<p>Tanto el styrax en s\u00ed como el humo de su combusti\u00f3n tienen un aroma intenso y agradable, que recuerda a la vainilla. Tiene un efecto relajante y armonizante, pero tambi\u00e9n euf\u00f3rico y sensual.<\/p>\n<p>Se vende en paquetes de 250g.<\/p>\n<p><strong><span style=\"color: rgb(184, 49, 47);\">Lleve hoy mismo el m\u00edstico Oriente Medio a su tienda.<\/span><\/strong><\/p>\n","protected":false},"excerpt":{"rendered":"<p>Resina de Benju\u00ed al por mayor a granel se obtiene de troncos cortados de \u00e1rboles del g\u00e9nero styrax, que crecen en Asia oriental y la India. Tanto el styrax en s\u00ed como el humo de su combusti\u00f3n tienen un aroma intenso y agradable, que recuerda a la vainilla. Tiene un efecto relajante y armonizante, pero [&hellip;]<\/p>\n","protected":false},"featured_media":395618,"comment_status":"closed","ping_status":"open","template":"","meta":{"_angie_page":false},"product_brand":[],"product_cat":[25844,26100,15157,15234,26884],"product_tag":[],"class_list":{"0":"post-223938","1":"product","2":"type-product","3":"status-publish","4":"has-post-thumbnail","6":"product_cat-aromas","7":"product_cat-benjui","8":"product_cat-incienso-exotico-y-porta-incienso","9":"product_cat-resina-de-incienso","10":"product_cat-resinoso-balsamico","11":"pa_collection-bulk-aromatic-resin-es","12":"pa_made-in-indonesia","13":"pa_size-250g-2","15":"first","16":"instock","17":"purchasable","18":"product-type-simple"},"supplier_id":null,"supplier_sku":"AResin-26","barcode":null,"atum_controlled":true,"out_stock_date":null,"out_stock_threshold":null,"inheritable":false,"inbound_stock":null,"stock_on_hold":0,"sold_today":0,"sales_last_days":0,"reserved_stock":null,"customer_returns":null,"warehouse_damage":null,"lost_in_post":null,"other_logs":null,"out_stock_days":0,"lost_sales":0,"has_location":null,"update_date":"2026-05-08T05:02:37","atum_locations":[],"atum_stock_status":"instock","restock_status":false,"low_stock_amount":"","sales_update_date":"2025-10-09T03:23:18","calc_backorders":null,"_links":{"self":[{"href":"https:\/\/aromasentia.com\/es\/wp-json\/wp\/v2\/product\/223938","targetHints":{"allow":["GET"]}}],"collection":[{"href":"https:\/\/aromasentia.com\/es\/wp-json\/wp\/v2\/product"}],"about":[{"href":"https:\/\/aromasentia.com\/es\/wp-json\/wp\/v2\/types\/product"}],"replies":[{"embeddable":true,"href":"https:\/\/aromasentia.com\/es\/wp-json\/wp\/v2\/comments?post=223938"}],"version-history":[{"count":0,"href":"https:\/\/aromasentia.com\/es\/wp-json\/wp\/v2\/product\/223938\/revisions"}],"wp:featuredmedia":[{"embeddable":true,"href":"https:\/\/aromasentia.com\/es\/wp-json\/wp\/v2\/media\/395618"}],"wp:attachment":[{"href":"https:\/\/aromasentia.com\/es\/wp-json\/wp\/v2\/media?parent=223938"}],"wp:term":[{"taxonomy":"product_brand","embeddable":true,"href":"https:\/\/aromasentia.com\/es\/wp-json\/wp\/v2\/product_brand?post=223938"},{"taxonomy":"product_cat","embeddable":true,"href":"https:\/\/aromasentia.com\/es\/wp-json\/wp\/v2\/product_cat?post=223938"},{"taxonomy":"product_tag","embeddable":true,"href":"https:\/\/aromasentia.com\/es\/wp-json\/wp\/v2\/product_tag?post=223938"}],"curies":[{"name":"wp","href":"https:\/\/api.w.org\/{rel}","templated":true}]}}