{"id":223930,"date":"2025-03-23T10:29:29","date_gmt":"2025-03-23T10:29:29","guid":{"rendered":"https:\/\/aromasentia.com\/product\/myrrh-resin-250g\/"},"modified":"2025-06-28T22:19:19","modified_gmt":"2025-06-28T22:19:19","slug":"mirra-resina-250g","status":"publish","type":"product","link":"https:\/\/aromasentia.com\/es\/mirra-resina-250g\/","title":{"rendered":"Mirra Resina &#8211; 250g"},"content":{"rendered":"<p><strong>Resina de mirra a granel al por mayor<\/strong> se obtiene de arbustos y \u00e1rboles pertenecientes a la familia de la commiphora. Estos arbustos se encuentran principalmente en las zonas de sabana del este y norte de \u00c1frica y en la pen\u00ednsula ar\u00e1biga. Son plantas bajas y espinosas que crecen en suelos pedregosos. Durante a\u00f1os, las resinas se han obtenido tradicionalmente cortando el tronco.<\/p>\n<p>Al contacto con el aire, la resina l\u00edquida se solidifica r\u00e1pidamente, formando gr\u00e1nulos, que luego se utilizan con fines curativos y arom\u00e1ticos. Antiguamente, la mirra ten\u00eda un valor equivalente al del oro, debido a su rareza y a la dificultad de cultivarla. Antiguamente, serv\u00eda como objeto de comercio, o como regalo, significando gran amabilidad y respeto. La mirra se caracteriza por un color rojo amarillento, as\u00ed como por un aroma c\u00e1lido y amargo, que es tambi\u00e9n el origen de su nombre &#8211; en hebreo &quot;mor&quot; significa &quot;amargo&quot;.<\/p>\n<p>Se vende en paquetes de 250 g.<\/p>\n<p><strong><span style=\"color: rgb(184, 49, 47);\">Lleve hoy mismo el m\u00edstico Oriente Medio a su tienda.<\/span><\/strong><\/p>\n","protected":false},"excerpt":{"rendered":"<p>Resina de mirra a granel al por mayor se obtiene de arbustos y \u00e1rboles pertenecientes a la familia de la commiphora. Estos arbustos se encuentran principalmente en las zonas de sabana del este y norte de \u00c1frica y en la pen\u00ednsula ar\u00e1biga. Son plantas bajas y espinosas que crecen en suelos pedregosos. Durante a\u00f1os, las [&hellip;]<\/p>\n","protected":false},"featured_media":395600,"comment_status":"closed","ping_status":"open","template":"","meta":{"_angie_page":false},"product_brand":[],"product_cat":[25844,15157,26281,15234,26884],"product_tag":[],"class_list":{"0":"post-223930","1":"product","2":"type-product","3":"status-publish","4":"has-post-thumbnail","6":"product_cat-aromas","7":"product_cat-incienso-exotico-y-porta-incienso","8":"product_cat-mirto","9":"product_cat-resina-de-incienso","10":"product_cat-resinoso-balsamico","11":"pa_collection-bulk-aromatic-resin-es","12":"pa_made-in-somalia","13":"pa_size-250g-2","15":"first","16":"instock","17":"purchasable","18":"product-type-simple"},"supplier_id":null,"supplier_sku":"AResin-24","barcode":null,"atum_controlled":true,"out_stock_date":null,"out_stock_threshold":null,"inheritable":false,"inbound_stock":null,"stock_on_hold":0,"sold_today":0,"sales_last_days":0,"reserved_stock":null,"customer_returns":null,"warehouse_damage":null,"lost_in_post":null,"other_logs":null,"out_stock_days":0,"lost_sales":0,"has_location":null,"update_date":"2026-04-27T06:50:22","atum_locations":[],"atum_stock_status":"instock","restock_status":false,"low_stock_amount":"","sales_update_date":"2026-01-30T01:24:59","calc_backorders":null,"_links":{"self":[{"href":"https:\/\/aromasentia.com\/es\/wp-json\/wp\/v2\/product\/223930","targetHints":{"allow":["GET"]}}],"collection":[{"href":"https:\/\/aromasentia.com\/es\/wp-json\/wp\/v2\/product"}],"about":[{"href":"https:\/\/aromasentia.com\/es\/wp-json\/wp\/v2\/types\/product"}],"replies":[{"embeddable":true,"href":"https:\/\/aromasentia.com\/es\/wp-json\/wp\/v2\/comments?post=223930"}],"version-history":[{"count":0,"href":"https:\/\/aromasentia.com\/es\/wp-json\/wp\/v2\/product\/223930\/revisions"}],"wp:featuredmedia":[{"embeddable":true,"href":"https:\/\/aromasentia.com\/es\/wp-json\/wp\/v2\/media\/395600"}],"wp:attachment":[{"href":"https:\/\/aromasentia.com\/es\/wp-json\/wp\/v2\/media?parent=223930"}],"wp:term":[{"taxonomy":"product_brand","embeddable":true,"href":"https:\/\/aromasentia.com\/es\/wp-json\/wp\/v2\/product_brand?post=223930"},{"taxonomy":"product_cat","embeddable":true,"href":"https:\/\/aromasentia.com\/es\/wp-json\/wp\/v2\/product_cat?post=223930"},{"taxonomy":"product_tag","embeddable":true,"href":"https:\/\/aromasentia.com\/es\/wp-json\/wp\/v2\/product_tag?post=223930"}],"curies":[{"name":"wp","href":"https:\/\/api.w.org\/{rel}","templated":true}]}}