{"id":223710,"date":"2025-03-23T10:29:38","date_gmt":"2025-03-23T10:29:38","guid":{"rendered":"https:\/\/aromasentia.com\/product\/back-flow-incense-burner-bamboo-pool\/"},"modified":"2025-12-30T21:14:32","modified_gmt":"2025-12-30T21:14:32","slug":"quemador-de-incienso-de-flujo-inverso-bamboo-pool","status":"publish","type":"product","link":"https:\/\/aromasentia.com\/es\/quemador-de-incienso-de-flujo-inverso-bamboo-pool\/","title":{"rendered":"Quemador de incienso de flujo inverso &#8211; Bamboo &#038; Pool"},"content":{"rendered":"<p>El quemador de incienso de reflujo est\u00e1 especialmente dise\u00f1ado para crear humo que cae en cascada hacia abajo, vertiendo dram\u00e1ticamente hacia abajo de la torre con un efecto impresionante que llamar\u00e1 la atenci\u00f3n de sus clientes. Una vez que haya encendido su cono de incienso, comenzar\u00e1 a fumar, el incienso es m\u00e1s pesado que el aire y caer\u00e1 dram\u00e1ticamente en remolinos y torceduras, a trav\u00e9s del orificio y hacia abajo sobre el elemento, para acumularse en la parte inferior. Es incre\u00edble de ver y muy relajante. El quemador de incienso Backflow de &nbsp;Aroma Sentia Espa\u00f1a es adecuado para el hogar, la oficina, la casa de t\u00e9, la meditaci\u00f3n, el estudio de yoga &#8230; Tambi\u00e9n tenemos una oferta de cart\u00f3n completa a continuaci\u00f3n.<\/p>\n<p><\/p>\n<p>Tenga en cuenta que: para crear el efecto de cascada de humo, deber\u00e1 utilizar conos de incienso de contraflujo.<\/p>\n<p><\/p>\n<p>Ordene ahora para crear ese rinc\u00f3n de incienso ex\u00f3tico en su tienda.<\/p>\n","protected":false},"excerpt":{"rendered":"<p>El quemador de incienso de reflujo est\u00e1 especialmente dise\u00f1ado para crear humo que cae en cascada hacia abajo, vertiendo dram\u00e1ticamente hacia abajo de la torre con un efecto impresionante que llamar\u00e1 la atenci\u00f3n de sus clientes. Una vez que haya encendido su cono de incienso, comenzar\u00e1 a fumar, el incienso es m\u00e1s pesado que el [&hellip;]<\/p>\n","protected":false},"featured_media":396589,"comment_status":"closed","ping_status":"open","template":"","meta":[],"product_brand":[],"product_cat":[15157,15156,15158],"product_tag":[],"class_list":{"0":"post-223710","1":"product","2":"type-product","3":"status-publish","4":"has-post-thumbnail","6":"product_cat-incienso-exotico-y-porta-incienso","7":"product_cat-quemador-de-flujo-inverso","8":"product_cat-quemador-porta-incienso","9":"pa_collection-backflow-incense-burners-es","10":"pa_made-in-china","12":"first","13":"instock","14":"purchasable","15":"product-type-simple"},"supplier_id":null,"supplier_sku":"BackF-05","barcode":null,"atum_controlled":true,"out_stock_date":null,"out_stock_threshold":null,"inheritable":false,"inbound_stock":null,"stock_on_hold":0,"sold_today":0,"sales_last_days":0,"reserved_stock":null,"customer_returns":null,"warehouse_damage":null,"lost_in_post":null,"other_logs":null,"out_stock_days":0,"lost_sales":0,"has_location":null,"update_date":"2026-02-12T05:51:22","atum_locations":[],"atum_stock_status":"instock","restock_status":false,"low_stock_amount":"","sales_update_date":"2025-10-09T03:24:54","calc_backorders":null,"_links":{"self":[{"href":"https:\/\/aromasentia.com\/es\/wp-json\/wp\/v2\/product\/223710","targetHints":{"allow":["GET"]}}],"collection":[{"href":"https:\/\/aromasentia.com\/es\/wp-json\/wp\/v2\/product"}],"about":[{"href":"https:\/\/aromasentia.com\/es\/wp-json\/wp\/v2\/types\/product"}],"replies":[{"embeddable":true,"href":"https:\/\/aromasentia.com\/es\/wp-json\/wp\/v2\/comments?post=223710"}],"version-history":[{"count":0,"href":"https:\/\/aromasentia.com\/es\/wp-json\/wp\/v2\/product\/223710\/revisions"}],"wp:featuredmedia":[{"embeddable":true,"href":"https:\/\/aromasentia.com\/es\/wp-json\/wp\/v2\/media\/396589"}],"wp:attachment":[{"href":"https:\/\/aromasentia.com\/es\/wp-json\/wp\/v2\/media?parent=223710"}],"wp:term":[{"taxonomy":"product_brand","embeddable":true,"href":"https:\/\/aromasentia.com\/es\/wp-json\/wp\/v2\/product_brand?post=223710"},{"taxonomy":"product_cat","embeddable":true,"href":"https:\/\/aromasentia.com\/es\/wp-json\/wp\/v2\/product_cat?post=223710"},{"taxonomy":"product_tag","embeddable":true,"href":"https:\/\/aromasentia.com\/es\/wp-json\/wp\/v2\/product_tag?post=223710"}],"curies":[{"name":"wp","href":"https:\/\/api.w.org\/{rel}","templated":true}]}}