{"id":223510,"date":"2025-03-23T10:29:45","date_gmt":"2025-03-23T10:29:45","guid":{"rendered":"https:\/\/aromasentia.com\/product\/banjara-smudge-beads-patchouli\/"},"modified":"2025-12-30T21:13:51","modified_gmt":"2025-12-30T21:13:51","slug":"bombitas-de-incienso-banjara-patchouli","status":"publish","type":"product","link":"https:\/\/aromasentia.com\/es\/bombitas-de-incienso-banjara-patchouli\/","title":{"rendered":"Bombitas de Incienso Banjara: Patchouli"},"content":{"rendered":"<p><span style=\"color: rgb(75, 80, 88);\u00bb ><strong>Cuentas para sahumerios Banjara Pachul\u00ed<\/strong>(Abundancia, Unidad, Sensualidad) est\u00e1n fabricadas en la India con hierbas arom\u00e1ticas comprimidas, resinas y aceites esenciales. Estas cuentas para sahumerios <strong>ecol\u00f3gicas<\/strong> ofrecen una <strong>forma natural de limpiar y purificar los espacios<\/strong>. Ideales para rituales espirituales, meditaci\u00f3n o simplemente para crear un ambiente tranquilo y fragante. Cada caja contiene 5 cuentas y un peque\u00f1o soporte para las cuentas. &nbsp;<\/span><\/p>\n<p><span style=\u00abcolor: rgb(141, 186, 216);\u00bb><strong>A\u00f1ade estas cuentas de sahumerio de primera calidad a tu tienda y satisface la creciente demanda de productos naturales y espirituales.<\/p>\n","protected":false},"excerpt":{"rendered":"","protected":false},"featured_media":397679,"comment_status":"closed","ping_status":"open","template":"","meta":{"_angie_page":false},"product_brand":[27107],"product_cat":[25844,15157,26332,25813,26828],"product_tag":[],"class_list":{"0":"post-223510","1":"product","2":"type-product","3":"status-publish","4":"has-post-thumbnail","6":"product_brand-banjara","7":"product_cat-aromas","8":"product_cat-incienso-exotico-y-porta-incienso","9":"product_cat-pachuli","10":"product_cat-smudge-sticks","11":"product_cat-terroso-verde","12":"pa_collection-banjara-smudge-beads-es","13":"pa_made-in-india","15":"first","16":"instock","17":"purchasable","18":"product-type-simple"},"supplier_id":null,"supplier_sku":"BanjSB-04","barcode":null,"atum_controlled":true,"out_stock_date":null,"out_stock_threshold":null,"inheritable":false,"inbound_stock":null,"stock_on_hold":0,"sold_today":0,"sales_last_days":0,"reserved_stock":null,"customer_returns":null,"warehouse_damage":null,"lost_in_post":null,"other_logs":null,"out_stock_days":0,"lost_sales":0,"has_location":null,"update_date":"2026-04-27T06:53:44","atum_locations":[],"atum_stock_status":"instock","restock_status":false,"low_stock_amount":"","sales_update_date":"2025-10-09T03:25:26","calc_backorders":null,"_links":{"self":[{"href":"https:\/\/aromasentia.com\/es\/wp-json\/wp\/v2\/product\/223510","targetHints":{"allow":["GET"]}}],"collection":[{"href":"https:\/\/aromasentia.com\/es\/wp-json\/wp\/v2\/product"}],"about":[{"href":"https:\/\/aromasentia.com\/es\/wp-json\/wp\/v2\/types\/product"}],"replies":[{"embeddable":true,"href":"https:\/\/aromasentia.com\/es\/wp-json\/wp\/v2\/comments?post=223510"}],"version-history":[{"count":0,"href":"https:\/\/aromasentia.com\/es\/wp-json\/wp\/v2\/product\/223510\/revisions"}],"wp:featuredmedia":[{"embeddable":true,"href":"https:\/\/aromasentia.com\/es\/wp-json\/wp\/v2\/media\/397679"}],"wp:attachment":[{"href":"https:\/\/aromasentia.com\/es\/wp-json\/wp\/v2\/media?parent=223510"}],"wp:term":[{"taxonomy":"product_brand","embeddable":true,"href":"https:\/\/aromasentia.com\/es\/wp-json\/wp\/v2\/product_brand?post=223510"},{"taxonomy":"product_cat","embeddable":true,"href":"https:\/\/aromasentia.com\/es\/wp-json\/wp\/v2\/product_cat?post=223510"},{"taxonomy":"product_tag","embeddable":true,"href":"https:\/\/aromasentia.com\/es\/wp-json\/wp\/v2\/product_tag?post=223510"}],"curies":[{"name":"wp","href":"https:\/\/api.w.org\/{rel}","templated":true}]}}