{"id":223502,"date":"2025-03-23T10:29:45","date_gmt":"2025-03-23T10:29:45","guid":{"rendered":"https:\/\/aromasentia.com\/product\/banjara-smudge-beads-white-sage\/"},"modified":"2025-12-30T21:13:51","modified_gmt":"2025-12-30T21:13:51","slug":"bombitas-de-incienso-banjara-salvia-blanca","status":"publish","type":"product","link":"https:\/\/aromasentia.com\/es\/bombitas-de-incienso-banjara-salvia-blanca\/","title":{"rendered":"Bombitas de Incienso Banjara: Salvia blanca"},"content":{"rendered":"<p><span style=\u00abcolor: rgb(75, 80, 88);\u00bb><strong>Las cuentas para sahumerios Banjara de salvia blanca<\/strong> (alegr\u00eda, magia, emoci\u00f3n) se fabrican en la India con hierbas arom\u00e1ticas comprimidas, resinas y aceites esenciales. Estas cuentas para sahumerios <strong>ecol\u00f3gicas<\/strong> ofrecen una <strong>forma natural de limpiar y purificar los espacios<\/strong>. Ideales para <strong>rituales espirituales<\/strong>, <strong>meditaci\u00f3n<\/strong> o simplemente para <strong>crear un ambiente tranquilo y fragante<\/strong>.<\/span><\/p>\n<p><span style=\u00abcolor: rgb(75, 80, 88);\u00bb>Cada <strong>caja contiene 5 cuentas purificadoras<\/strong> y un <strong>peque\u00f1o soporte para cuentas purificadoras<\/strong>. &nbsp;<\/span><\/p>\n<p><span style=\u00abcolor: rgb(141, 186, 216);\u00bb><strong>A\u00f1ade estas cuentas de sahumerio premium a tu tienda y satisface la creciente demanda de productos naturales y espirituales.<\/p>\n","protected":false},"excerpt":{"rendered":"<p>Las cuentas para sahumerios Banjara de salvia blanca (alegr\u00eda, magia, emoci\u00f3n) se fabrican en la India con hierbas arom\u00e1ticas comprimidas, resinas y aceites esenciales. Estas cuentas para sahumerios ecol\u00f3gicas ofrecen una forma natural de limpiar y purificar los espacios. Ideales para rituales espirituales, meditaci\u00f3n o simplemente para crear un ambiente tranquilo y fragante. Cada caja [&hellip;]<\/p>\n","protected":false},"featured_media":397645,"comment_status":"closed","ping_status":"open","template":"","meta":{"_angie_page":false},"product_brand":[27107],"product_cat":[25844,26863,15157,26501,25813],"product_tag":[],"class_list":{"0":"post-223502","1":"product","2":"type-product","3":"status-publish","4":"has-post-thumbnail","6":"product_brand-banjara","7":"product_cat-aromas","8":"product_cat-herbal-aromatico","9":"product_cat-incienso-exotico-y-porta-incienso","10":"product_cat-salvia-blanca","11":"product_cat-smudge-sticks","12":"pa_collection-banjara-smudge-beads-es","13":"pa_made-in-india","15":"first","16":"instock","17":"purchasable","18":"product-type-simple"},"supplier_id":null,"supplier_sku":"BanjSB-02","barcode":null,"atum_controlled":true,"out_stock_date":null,"out_stock_threshold":null,"inheritable":false,"inbound_stock":null,"stock_on_hold":0,"sold_today":0,"sales_last_days":0,"reserved_stock":null,"customer_returns":null,"warehouse_damage":null,"lost_in_post":null,"other_logs":null,"out_stock_days":0,"lost_sales":0,"has_location":null,"update_date":"2026-04-27T06:53:44","atum_locations":[],"atum_stock_status":"instock","restock_status":false,"low_stock_amount":"","sales_update_date":"2025-10-09T03:25:23","calc_backorders":null,"_links":{"self":[{"href":"https:\/\/aromasentia.com\/es\/wp-json\/wp\/v2\/product\/223502","targetHints":{"allow":["GET"]}}],"collection":[{"href":"https:\/\/aromasentia.com\/es\/wp-json\/wp\/v2\/product"}],"about":[{"href":"https:\/\/aromasentia.com\/es\/wp-json\/wp\/v2\/types\/product"}],"replies":[{"embeddable":true,"href":"https:\/\/aromasentia.com\/es\/wp-json\/wp\/v2\/comments?post=223502"}],"version-history":[{"count":0,"href":"https:\/\/aromasentia.com\/es\/wp-json\/wp\/v2\/product\/223502\/revisions"}],"wp:featuredmedia":[{"embeddable":true,"href":"https:\/\/aromasentia.com\/es\/wp-json\/wp\/v2\/media\/397645"}],"wp:attachment":[{"href":"https:\/\/aromasentia.com\/es\/wp-json\/wp\/v2\/media?parent=223502"}],"wp:term":[{"taxonomy":"product_brand","embeddable":true,"href":"https:\/\/aromasentia.com\/es\/wp-json\/wp\/v2\/product_brand?post=223502"},{"taxonomy":"product_cat","embeddable":true,"href":"https:\/\/aromasentia.com\/es\/wp-json\/wp\/v2\/product_cat?post=223502"},{"taxonomy":"product_tag","embeddable":true,"href":"https:\/\/aromasentia.com\/es\/wp-json\/wp\/v2\/product_tag?post=223502"}],"curies":[{"name":"wp","href":"https:\/\/api.w.org\/{rel}","templated":true}]}}