{"id":223454,"date":"2025-03-23T10:29:45","date_gmt":"2025-03-23T10:29:45","guid":{"rendered":"https:\/\/aromasentia.com\/product\/banjara-buddha-blessing\/"},"modified":"2025-12-30T21:13:43","modified_gmt":"2025-12-30T21:13:43","slug":"incienso-buda-banjara-bendicion","status":"publish","type":"product","link":"https:\/\/aromasentia.com\/es\/incienso-buda-banjara-bendicion\/","title":{"rendered":"Incienso Buda Banjara   &#8211; Bendici\u00f3n"},"content":{"rendered":"<p>Recibe bendiciones y energ\u00eda positiva con esta bella estatuilla de Buda de Banjara. Cada pieza est\u00e1 dise\u00f1ada de forma \u00fanica por artesanos banjara, portadores de su herencia cultural. Exhiba este Buda en su hogar como s\u00edmbolo de buena fortuna y buenos deseos.<\/p>\n","protected":false},"excerpt":{"rendered":"<p>Recibe bendiciones y energ\u00eda positiva con esta bella estatuilla de Buda de Banjara. Cada pieza est\u00e1 dise\u00f1ada de forma \u00fanica por artesanos banjara, portadores de su herencia cultural. Exhiba este Buda en su hogar como s\u00edmbolo de buena fortuna y buenos deseos.<\/p>\n","protected":false},"featured_media":397345,"comment_status":"closed","ping_status":"open","template":"","meta":{"_angie_page":false},"product_brand":[27107],"product_cat":[15201,15157],"product_tag":[],"class_list":{"0":"post-223454","1":"product","2":"type-product","3":"status-publish","4":"has-post-thumbnail","6":"product_brand-banjara","7":"product_cat-incienso-en-varillas-varitas","8":"product_cat-incienso-exotico-y-porta-incienso","9":"pa_collection-banjara-buddha-incense-es","10":"pa_made-in-india","12":"first","13":"instock","14":"purchasable","15":"product-type-simple"},"supplier_id":null,"supplier_sku":"BanBud-05","barcode":null,"atum_controlled":true,"out_stock_date":null,"out_stock_threshold":null,"inheritable":false,"inbound_stock":null,"stock_on_hold":0,"sold_today":0,"sales_last_days":0,"reserved_stock":null,"customer_returns":null,"warehouse_damage":null,"lost_in_post":null,"other_logs":null,"out_stock_days":0,"lost_sales":0,"has_location":null,"update_date":"2026-04-27T06:53:37","atum_locations":[],"atum_stock_status":"instock","restock_status":false,"low_stock_amount":"","sales_update_date":"2025-10-09T03:25:18","calc_backorders":null,"_links":{"self":[{"href":"https:\/\/aromasentia.com\/es\/wp-json\/wp\/v2\/product\/223454","targetHints":{"allow":["GET"]}}],"collection":[{"href":"https:\/\/aromasentia.com\/es\/wp-json\/wp\/v2\/product"}],"about":[{"href":"https:\/\/aromasentia.com\/es\/wp-json\/wp\/v2\/types\/product"}],"replies":[{"embeddable":true,"href":"https:\/\/aromasentia.com\/es\/wp-json\/wp\/v2\/comments?post=223454"}],"version-history":[{"count":0,"href":"https:\/\/aromasentia.com\/es\/wp-json\/wp\/v2\/product\/223454\/revisions"}],"wp:featuredmedia":[{"embeddable":true,"href":"https:\/\/aromasentia.com\/es\/wp-json\/wp\/v2\/media\/397345"}],"wp:attachment":[{"href":"https:\/\/aromasentia.com\/es\/wp-json\/wp\/v2\/media?parent=223454"}],"wp:term":[{"taxonomy":"product_brand","embeddable":true,"href":"https:\/\/aromasentia.com\/es\/wp-json\/wp\/v2\/product_brand?post=223454"},{"taxonomy":"product_cat","embeddable":true,"href":"https:\/\/aromasentia.com\/es\/wp-json\/wp\/v2\/product_cat?post=223454"},{"taxonomy":"product_tag","embeddable":true,"href":"https:\/\/aromasentia.com\/es\/wp-json\/wp\/v2\/product_tag?post=223454"}],"curies":[{"name":"wp","href":"https:\/\/api.w.org\/{rel}","templated":true}]}}