{"id":223282,"date":"2025-03-23T10:29:53","date_gmt":"2025-03-23T10:29:53","guid":{"rendered":"https:\/\/aromasentia.com\/product\/med-incense-burner\/"},"modified":"2025-12-30T21:13:11","modified_gmt":"2025-12-30T21:13:11","slug":"quemador-de-incienso-med","status":"publish","type":"product","link":"https:\/\/aromasentia.com\/es\/quemador-de-incienso-med\/","title":{"rendered":"Quemador de incienso med"},"content":{"rendered":"<p>Venta al por mayor de quemadores de incienso de lat\u00f3n. Deja que el aroma fluya suavemente con estos tradicionales quemadores de lat\u00f3n. Desde la antigua ciudad de bronce de Moradabad, India, donde se han fabricado y utilizado estos art\u00edculos durante generaciones.<\/p>\n<p><\/p>\n<p>La casa \/ spa de su cliente o el lugar sagrado se ver\u00e1n y oler\u00e1n totalmente ex\u00f3ticos. Tambi\u00e9n hacen una exhibici\u00f3n llamativa y ex\u00f3tica en su tienda, especialmente si incluye incienso (por ejemplo, incienso) y tabletas de carb\u00f3n para el paquete completo.<\/p>\n<p><\/p>\n<p>100% lat\u00f3n macizo y bellamente hecho. Los tipos de incensarios tienen un mango de madera (extra\u00edble) para moverlos, por ejemplo, cuando sus clientes desean llevar el incienso de una habitaci\u00f3n a otra.<\/p>\n<p><\/p>\n<p>Importado directamente de un productor familiar artesanal en Moradabad, por lo que puede estar seguro de que estos quemadores de incienso son aut\u00e9nticos y tienen un precio competitivo.<\/p>\n<p><\/p>\n<p>No hay nada m\u00e1s antigua sabidur\u00eda que quemar incienso de resina de esta manera ex\u00f3tica y esot\u00e9rica, a usted y sus clientes les encantar\u00e1. Pida un rango hoy.<\/p>\n<p><\/p>\n<p>ADVERTENCIA: los quemadores de incienso se calientan cuando se usan, as\u00ed que col\u00f3quelos en una superficie plana, estable y resistente al calor y mant\u00e9ngalos alejados de los ni\u00f1os.<\/p>\n","protected":false},"excerpt":{"rendered":"<p>Venta al por mayor de quemadores de incienso de lat\u00f3n. Deja que el aroma fluya suavemente con estos tradicionales quemadores de lat\u00f3n. Desde la antigua ciudad de bronce de Moradabad, India, donde se han fabricado y utilizado estos art\u00edculos durante generaciones. La casa \/ spa de su cliente o el lugar sagrado se ver\u00e1n y [&hellip;]<\/p>\n","protected":false},"featured_media":398738,"comment_status":"closed","ping_status":"open","template":"","meta":{"_angie_page":false},"product_brand":[],"product_cat":[15157,15158],"product_tag":[],"class_list":{"0":"post-223282","1":"product","2":"type-product","3":"status-publish","4":"has-post-thumbnail","6":"product_cat-incienso-exotico-y-porta-incienso","7":"product_cat-quemador-porta-incienso","8":"pa_collection-traditional-brass-incense-burners-es","9":"pa_made-in-india","11":"first","12":"outofstock","13":"purchasable","14":"product-type-simple"},"supplier_id":null,"supplier_sku":"BIB-02","barcode":null,"atum_controlled":true,"out_stock_date":"2025-09-04 21:38:16","out_stock_threshold":null,"inheritable":false,"inbound_stock":null,"stock_on_hold":0,"sold_today":0,"sales_last_days":0,"reserved_stock":null,"customer_returns":null,"warehouse_damage":null,"lost_in_post":null,"other_logs":null,"out_stock_days":34,"lost_sales":0,"has_location":null,"update_date":"2026-04-29T06:53:35","atum_locations":[],"atum_stock_status":"outofstock","restock_status":false,"low_stock_amount":"","sales_update_date":"2025-10-09T03:25:41","calc_backorders":null,"_links":{"self":[{"href":"https:\/\/aromasentia.com\/es\/wp-json\/wp\/v2\/product\/223282","targetHints":{"allow":["GET"]}}],"collection":[{"href":"https:\/\/aromasentia.com\/es\/wp-json\/wp\/v2\/product"}],"about":[{"href":"https:\/\/aromasentia.com\/es\/wp-json\/wp\/v2\/types\/product"}],"replies":[{"embeddable":true,"href":"https:\/\/aromasentia.com\/es\/wp-json\/wp\/v2\/comments?post=223282"}],"version-history":[{"count":0,"href":"https:\/\/aromasentia.com\/es\/wp-json\/wp\/v2\/product\/223282\/revisions"}],"wp:featuredmedia":[{"embeddable":true,"href":"https:\/\/aromasentia.com\/es\/wp-json\/wp\/v2\/media\/398738"}],"wp:attachment":[{"href":"https:\/\/aromasentia.com\/es\/wp-json\/wp\/v2\/media?parent=223282"}],"wp:term":[{"taxonomy":"product_brand","embeddable":true,"href":"https:\/\/aromasentia.com\/es\/wp-json\/wp\/v2\/product_brand?post=223282"},{"taxonomy":"product_cat","embeddable":true,"href":"https:\/\/aromasentia.com\/es\/wp-json\/wp\/v2\/product_cat?post=223282"},{"taxonomy":"product_tag","embeddable":true,"href":"https:\/\/aromasentia.com\/es\/wp-json\/wp\/v2\/product_tag?post=223282"}],"curies":[{"name":"wp","href":"https:\/\/api.w.org\/{rel}","templated":true}]}}