{"id":223258,"date":"2025-03-23T10:29:53","date_gmt":"2025-03-23T10:29:53","guid":{"rendered":"https:\/\/aromasentia.com\/product\/chakra-tall-charcoal-incense-jar-throat\/"},"modified":"2025-12-30T21:13:03","modified_gmt":"2025-12-30T21:13:03","slug":"chakra-tall-charcoal-incense-jar-throat","status":"publish","type":"product","link":"https:\/\/aromasentia.com\/es\/chakra-tall-charcoal-incense-jar-throat\/","title":{"rendered":"Chakra Tall Charcoal Incense Jar &#8211; Throat"},"content":{"rendered":"<p>Incienso de carb\u00f3n vegetal en un precioso color azul oscuro, con una base ligeramente m\u00e1s alta. Decorado con motivos dorados, hecho a mano en la India. Este tarro de incienso se puede utilizar durante los rituales para la purificaci\u00f3n o la activaci\u00f3n del chakra de la garganta.&nbsp;<\/p>\n<p>El tarro de carb\u00f3n est\u00e1 dedicado para ser utilizado con resina y pastillas de carb\u00f3n. Simplemente col\u00f3quelas sobre la rejilla extra\u00edble, que permitir\u00e1 que la ceniza caiga en el recipiente.<\/p>\n<p><em>PREOCUCI\u00d3N: Los quemadores de incienso se calientan mucho, por lo que col\u00f3quelos siempre sobre una base resistente al calor y no los toque cuando est\u00e9n en uso. Mant\u00e9ngalos alejados de objetos inflamables. Una vez que el carb\u00f3n se haya consumido, d\u00e9jelo enfriar antes de tirarlo.<\/p>\n<p>\n","protected":false},"excerpt":{"rendered":"<p>Incienso de carb\u00f3n vegetal en un precioso color azul oscuro, con una base ligeramente m\u00e1s alta. Decorado con motivos dorados, hecho a mano en la India. Este tarro de incienso se puede utilizar durante los rituales para la purificaci\u00f3n o la activaci\u00f3n del chakra de la garganta.&nbsp; El tarro de carb\u00f3n est\u00e1 dedicado para ser [&hellip;]<\/p>\n","protected":false},"featured_media":398580,"comment_status":"closed","ping_status":"open","template":"","meta":[],"product_brand":[],"product_cat":[15157,15158],"product_tag":[],"class_list":{"0":"post-223258","1":"product","2":"type-product","3":"status-publish","4":"has-post-thumbnail","6":"product_cat-incienso-exotico-y-porta-incienso","7":"product_cat-quemador-porta-incienso","8":"pa_collection-chakra-charcoal-incense-jar-es","9":"pa_made-in-india","11":"first","12":"instock","13":"purchasable","14":"product-type-simple"},"supplier_id":null,"supplier_sku":"BCI-10","barcode":null,"atum_controlled":true,"out_stock_date":null,"out_stock_threshold":null,"inheritable":false,"inbound_stock":null,"stock_on_hold":0,"sold_today":0,"sales_last_days":0,"reserved_stock":null,"customer_returns":null,"warehouse_damage":null,"lost_in_post":null,"other_logs":null,"out_stock_days":0,"lost_sales":0,"has_location":null,"update_date":"2026-02-06T00:02:40","atum_locations":[],"atum_stock_status":"instock","restock_status":false,"low_stock_amount":"","sales_update_date":"2026-02-06T00:02:40","calc_backorders":null,"_links":{"self":[{"href":"https:\/\/aromasentia.com\/es\/wp-json\/wp\/v2\/product\/223258","targetHints":{"allow":["GET"]}}],"collection":[{"href":"https:\/\/aromasentia.com\/es\/wp-json\/wp\/v2\/product"}],"about":[{"href":"https:\/\/aromasentia.com\/es\/wp-json\/wp\/v2\/types\/product"}],"replies":[{"embeddable":true,"href":"https:\/\/aromasentia.com\/es\/wp-json\/wp\/v2\/comments?post=223258"}],"version-history":[{"count":0,"href":"https:\/\/aromasentia.com\/es\/wp-json\/wp\/v2\/product\/223258\/revisions"}],"wp:featuredmedia":[{"embeddable":true,"href":"https:\/\/aromasentia.com\/es\/wp-json\/wp\/v2\/media\/398580"}],"wp:attachment":[{"href":"https:\/\/aromasentia.com\/es\/wp-json\/wp\/v2\/media?parent=223258"}],"wp:term":[{"taxonomy":"product_brand","embeddable":true,"href":"https:\/\/aromasentia.com\/es\/wp-json\/wp\/v2\/product_brand?post=223258"},{"taxonomy":"product_cat","embeddable":true,"href":"https:\/\/aromasentia.com\/es\/wp-json\/wp\/v2\/product_cat?post=223258"},{"taxonomy":"product_tag","embeddable":true,"href":"https:\/\/aromasentia.com\/es\/wp-json\/wp\/v2\/product_tag?post=223258"}],"curies":[{"name":"wp","href":"https:\/\/api.w.org\/{rel}","templated":true}]}}