{"id":223186,"date":"2025-03-23T10:30:00","date_gmt":"2025-03-23T10:30:00","guid":{"rendered":"https:\/\/aromasentia.com\/product\/copper-ritual-chalice-with-tree-of-life-12x9cm\/"},"modified":"2025-12-30T21:12:47","modified_gmt":"2025-12-30T21:12:47","slug":"caliz-ritual-de-cobre-con-arbol-de-la-vida-12x9cm","status":"publish","type":"product","link":"https:\/\/aromasentia.com\/es\/caliz-ritual-de-cobre-con-arbol-de-la-vida-12x9cm\/","title":{"rendered":"C\u00e1liz Ritual de Cobre con \u00c1rbol de la Vida 12x9cm"},"content":{"rendered":"<p>El c\u00e1liz es un objeto que se suele utilizar en &nbsp;rituales, ceremonias o pr\u00e1cticas espirituales.&nbsp;<\/p>\n<p><strong>El \u00e1rbol de la vida es com\u00fanmente conocido por su significado como &quot;conexi\u00f3n o sabidur\u00eda&quot; el significado puede cambiar dependiendo del pa\u00eds o ciudad.<\/strong><\/p>\n<p>Es un producto bonito, con una simbolog\u00eda del \u00e1rbol de la vida y pr\u00e1ctico de usar. Tiene una base para poder apoyarlo c\u00f3modamente y se suele utilizar para a\u00f1adir l\u00edquidos como vino o agua (dependiendo de la pr\u00e1ctica que se realice)<\/p>\n<p><strong>Las medidas son de 12&#215;9 cm <\/strong><\/p>\n<p>\u00a1Eleve su tienda con estos preciosos cuencos para rituales!<\/p>\n<p>Solo venta al por mayor.&nbsp;<\/p>\n","protected":false},"excerpt":{"rendered":"<p>El c\u00e1liz es un objeto que se suele utilizar en &nbsp;rituales, ceremonias o pr\u00e1cticas espirituales.&nbsp; El \u00e1rbol de la vida es com\u00fanmente conocido por su significado como &quot;conexi\u00f3n o sabidur\u00eda&quot; el significado puede cambiar dependiendo del pa\u00eds o ciudad. Es un producto bonito, con una simbolog\u00eda del \u00e1rbol de la vida y pr\u00e1ctico de usar. [&hellip;]<\/p>\n","protected":false},"featured_media":400230,"comment_status":"closed","ping_status":"open","template":"","meta":{"_angie_page":false},"product_brand":[],"product_cat":[15157,15158],"product_tag":[],"class_list":{"0":"post-223186","1":"product","2":"type-product","3":"status-publish","4":"has-post-thumbnail","6":"product_cat-incienso-exotico-y-porta-incienso","7":"product_cat-quemador-porta-incienso","8":"pa_collection-ritual-bowls-and-cauldrons-es","9":"pa_made-in-india","11":"first","12":"instock","13":"purchasable","14":"product-type-simple"},"supplier_id":null,"supplier_sku":"CIC-10","barcode":null,"atum_controlled":true,"out_stock_date":null,"out_stock_threshold":null,"inheritable":false,"inbound_stock":null,"stock_on_hold":0,"sold_today":0,"sales_last_days":0,"reserved_stock":null,"customer_returns":null,"warehouse_damage":null,"lost_in_post":null,"other_logs":null,"out_stock_days":154,"lost_sales":0,"has_location":null,"update_date":"2026-04-27T06:57:28","atum_locations":[],"atum_stock_status":"instock","restock_status":false,"low_stock_amount":"","sales_update_date":"2026-02-06T00:01:07","calc_backorders":null,"_links":{"self":[{"href":"https:\/\/aromasentia.com\/es\/wp-json\/wp\/v2\/product\/223186","targetHints":{"allow":["GET"]}}],"collection":[{"href":"https:\/\/aromasentia.com\/es\/wp-json\/wp\/v2\/product"}],"about":[{"href":"https:\/\/aromasentia.com\/es\/wp-json\/wp\/v2\/types\/product"}],"replies":[{"embeddable":true,"href":"https:\/\/aromasentia.com\/es\/wp-json\/wp\/v2\/comments?post=223186"}],"version-history":[{"count":0,"href":"https:\/\/aromasentia.com\/es\/wp-json\/wp\/v2\/product\/223186\/revisions"}],"wp:featuredmedia":[{"embeddable":true,"href":"https:\/\/aromasentia.com\/es\/wp-json\/wp\/v2\/media\/400230"}],"wp:attachment":[{"href":"https:\/\/aromasentia.com\/es\/wp-json\/wp\/v2\/media?parent=223186"}],"wp:term":[{"taxonomy":"product_brand","embeddable":true,"href":"https:\/\/aromasentia.com\/es\/wp-json\/wp\/v2\/product_brand?post=223186"},{"taxonomy":"product_cat","embeddable":true,"href":"https:\/\/aromasentia.com\/es\/wp-json\/wp\/v2\/product_cat?post=223186"},{"taxonomy":"product_tag","embeddable":true,"href":"https:\/\/aromasentia.com\/es\/wp-json\/wp\/v2\/product_tag?post=223186"}],"curies":[{"name":"wp","href":"https:\/\/api.w.org\/{rel}","templated":true}]}}