{"id":222706,"date":"2025-03-23T10:30:18","date_gmt":"2025-03-23T10:30:18","guid":{"rendered":"https:\/\/aromasentia.com\/product\/healling-incense-plate-black-gold-lava-stone\/"},"modified":"2025-12-30T21:11:20","modified_gmt":"2025-12-30T21:11:20","slug":"placa-de-curacion-para-incienso-piedra-de-lava-negra-y-dorada","status":"publish","type":"product","link":"https:\/\/aromasentia.com\/es\/placa-de-curacion-para-incienso-piedra-de-lava-negra-y-dorada\/","title":{"rendered":"Placa de Curacion para Incienso &#8211; Piedra de Lava Negra y Dorada"},"content":{"rendered":"<p>Transforma tus pr\u00e1cticas espirituales con nuestras <strong>Placas de Incienso Curativo al por mayor<\/strong>. Dise\u00f1ado para la armon\u00eda y la elevaci\u00f3n, la Placa de Incienso Curativo de Piedra Blanca emana serenidad y pureza. Ideal para la meditaci\u00f3n, relajaci\u00f3n y rituales espirituales, inspira claridad y paz interior. Comb\u00ednalo con nuestros<strong>&nbsp;<\/strong><a href=\"https:\/\/aromasentia.com\/hip\"><strong>Polvos de Incienso Curativo&nbsp;<\/strong><\/a>y <a href=\"https:\/\/aromasentia.com\/ipm\"><strong>Juego de Polvos de Incienso<\/strong><\/a> para una experiencia sensorial completa. Eleva tus rituales, meditaci\u00f3n y crea una atm\u00f3sfera tranquila.<\/p>\n<p><strong>Pide ahora y nutre tu viaje espiritual.<\/strong><\/p>\n","protected":false},"excerpt":{"rendered":"<p>Transforma tus pr\u00e1cticas espirituales con nuestras Placas de Incienso Curativo al por mayor. Dise\u00f1ado para la armon\u00eda y la elevaci\u00f3n, la Placa de Incienso Curativo de Piedra Blanca emana serenidad y pureza. Ideal para la meditaci\u00f3n, relajaci\u00f3n y rituales espirituales, inspira claridad y paz interior. Comb\u00ednalo con nuestros&nbsp;Polvos de Incienso Curativo&nbsp;y Juego de Polvos de [&hellip;]<\/p>\n","protected":false},"featured_media":401569,"comment_status":"closed","ping_status":"open","template":"","meta":{"_angie_page":false},"product_brand":[],"product_cat":[25225,15157,25666,15158],"product_tag":[],"class_list":{"0":"post-222706","1":"product","2":"type-product","3":"status-publish","4":"has-post-thumbnail","6":"product_cat-gemas-y-minerales","7":"product_cat-incienso-exotico-y-porta-incienso","8":"product_cat-piedra-de-lava-basalto","9":"product_cat-quemador-porta-incienso","10":"pa_collection-healing-incense-plate-es","11":"pa_made-in-indonesia","13":"first","14":"instock","15":"purchasable","16":"product-type-simple"},"supplier_id":null,"supplier_sku":"HIPP-03","barcode":null,"atum_controlled":true,"out_stock_date":null,"out_stock_threshold":null,"inheritable":false,"inbound_stock":null,"stock_on_hold":0,"sold_today":0,"sales_last_days":0,"reserved_stock":null,"customer_returns":null,"warehouse_damage":null,"lost_in_post":null,"other_logs":null,"out_stock_days":0,"lost_sales":0,"has_location":null,"update_date":"2026-04-27T07:07:33","atum_locations":[],"atum_stock_status":"instock","restock_status":false,"low_stock_amount":"","sales_update_date":"2026-01-30T01:26:04","calc_backorders":null,"_links":{"self":[{"href":"https:\/\/aromasentia.com\/es\/wp-json\/wp\/v2\/product\/222706","targetHints":{"allow":["GET"]}}],"collection":[{"href":"https:\/\/aromasentia.com\/es\/wp-json\/wp\/v2\/product"}],"about":[{"href":"https:\/\/aromasentia.com\/es\/wp-json\/wp\/v2\/types\/product"}],"replies":[{"embeddable":true,"href":"https:\/\/aromasentia.com\/es\/wp-json\/wp\/v2\/comments?post=222706"}],"version-history":[{"count":0,"href":"https:\/\/aromasentia.com\/es\/wp-json\/wp\/v2\/product\/222706\/revisions"}],"wp:featuredmedia":[{"embeddable":true,"href":"https:\/\/aromasentia.com\/es\/wp-json\/wp\/v2\/media\/401569"}],"wp:attachment":[{"href":"https:\/\/aromasentia.com\/es\/wp-json\/wp\/v2\/media?parent=222706"}],"wp:term":[{"taxonomy":"product_brand","embeddable":true,"href":"https:\/\/aromasentia.com\/es\/wp-json\/wp\/v2\/product_brand?post=222706"},{"taxonomy":"product_cat","embeddable":true,"href":"https:\/\/aromasentia.com\/es\/wp-json\/wp\/v2\/product_cat?post=222706"},{"taxonomy":"product_tag","embeddable":true,"href":"https:\/\/aromasentia.com\/es\/wp-json\/wp\/v2\/product_tag?post=222706"}],"curies":[{"name":"wp","href":"https:\/\/api.w.org\/{rel}","templated":true}]}}